{"id":63847,"date":"2026-05-01T00:18:20","date_gmt":"2026-05-01T05:18:20","guid":{"rendered":"https:\/\/jazaguilar.com\/?post_type=product&#038;p=63847"},"modified":"2026-05-01T00:18:20","modified_gmt":"2026-05-01T05:18:20","slug":"bolso-cherry-coach","status":"publish","type":"product","link":"https:\/\/jazaguilar.com\/?product=bolso-cherry-coach","title":{"rendered":"Bolso Cherry Coach"},"content":{"rendered":"<p><strong>\ud83d\udcb8\ud83d\udcb5\ud83d\udcb8\ud835\ude42\ud835\ude3c\ud835\ude49\ud835\ude3c\ud835\ude4e \ud835\ude4b\ud835\ude4a\ud835\ude4d \ud835\ude4c\ud835\ude50\ud835\ude40 \ud835\ude42\ud835\ude3c\ud835\ude49\ud835\ude3c\ud835\ude4e\ud83d\udcb8\ud83d\udcb5\ud83d\udcb8<br \/>\n\ud83d\udce4Env\u00edos a toda la Rep\u00fablica \ud83d\udce6<\/strong><\/p>\n","protected":false},"excerpt":{"rendered":"<div class=\"xdj266r x14z9mp xat24cr x1lziwak x1vvkbs x126k92a\">\n<div dir=\"auto\"><strong>\uff2a\uff55\uff53\uff54\uff4f <span class=\"html-span xexx8yu xyri2b x18d9i69 x1c1uobl x1hl2dhg x16tdsg8 x1vvkbs x3nfvp2 x1j61x8r x1fcty0u xdj266r xat24cr xm2jcoa x1mpyi22 xxymvpz\">\u2764\ufe0e<\/span>\ufe0e LO QUE BUSCABA ..!<\/strong><\/div>\n<\/div>\n<div class=\"x14z9mp xat24cr x1lziwak x1vvkbs xtlvy1s x126k92a\">\n<div dir=\"auto\"><strong><span class=\"html-span xexx8yu xyri2b x18d9i69 x1c1uobl x1hl2dhg x16tdsg8 x1vvkbs x3nfvp2 x1j61x8r x1fcty0u xdj266r xat24cr xm2jcoa x1mpyi22 xxymvpz xlup9mm x1kky2od\"><img loading=\"lazy\" decoding=\"async\" class=\"xz74otr x15mokao x1ga7v0g x16uus16 xbiv7yw\" src=\"https:\/\/static.xx.fbcdn.net\/images\/emoji.php\/v9\/t28\/1\/16\/1f352.png\" alt=\"\ud83c\udf52\" width=\"16\" height=\"16\" \/><\/span><span class=\"html-span xexx8yu xyri2b x18d9i69 x1c1uobl x1hl2dhg x16tdsg8 x1vvkbs x3nfvp2 x1j61x8r x1fcty0u xdj266r xat24cr xm2jcoa x1mpyi22 xxymvpz xlup9mm x1kky2od\"><img loading=\"lazy\" decoding=\"async\" class=\"xz74otr x15mokao x1ga7v0g x16uus16 xbiv7yw\" src=\"https:\/\/static.xx.fbcdn.net\/images\/emoji.php\/v9\/ta9\/1\/16\/1f353.png\" alt=\"\ud83c\udf53\" width=\"16\" height=\"16\" \/><\/span>\ud835\ude7f\ud835\ude8a\ud835\ude9b\ud835\ude8a \ud835\ude96\ud835\ude8a\ud835\ude96\ud835\ude8a, \ud835\ude9e\ud835\ude97 \ud835\ude8d\ud835\ude8e\ud835\ude9d\ud835\ude8a\ud835\ude95\ud835\ude95\ud835\ude8e \ud835\ude9d\ud835\ude8a\ud835\ude97 \ud835\ude8d\ud835\ude9e\ud835\ude95\ud835\ude8c\ud835\ude8e \ud835\ude8c\ud835\ude98\ud835\ude96\ud835\ude98 \ud835\ude8e\ud835\ude95\ud835\ude95\ud835\ude8a <span class=\"html-span xexx8yu xyri2b x18d9i69 x1c1uobl x1hl2dhg x16tdsg8 x1vvkbs x3nfvp2 x1j61x8r x1fcty0u xdj266r xat24cr xm2jcoa x1mpyi22 xxymvpz xlup9mm x1kky2od\"><img loading=\"lazy\" decoding=\"async\" class=\"xz74otr x15mokao x1ga7v0g x16uus16 xbiv7yw\" src=\"https:\/\/static.xx.fbcdn.net\/images\/emoji.php\/v9\/ta9\/1\/16\/1f353.png\" alt=\"\ud83c\udf53\" width=\"16\" height=\"16\" \/><\/span><span class=\"html-span xexx8yu xyri2b x18d9i69 x1c1uobl x1hl2dhg x16tdsg8 x1vvkbs x3nfvp2 x1j61x8r x1fcty0u xdj266r xat24cr xm2jcoa x1mpyi22 xxymvpz xlup9mm x1kky2od\"><img loading=\"lazy\" decoding=\"async\" class=\"xz74otr x15mokao x1ga7v0g x16uus16 xbiv7yw\" src=\"https:\/\/static.xx.fbcdn.net\/images\/emoji.php\/v9\/t28\/1\/16\/1f352.png\" alt=\"\ud83c\udf52\" width=\"16\" height=\"16\" \/><\/span><\/strong><\/div>\n<div dir=\"auto\"><strong>\u2661\u2661<span class=\"html-span xexx8yu xyri2b x18d9i69 x1c1uobl x1hl2dhg x16tdsg8 x1vvkbs x3nfvp2 x1j61x8r x1fcty0u xdj266r xat24cr xm2jcoa x1mpyi22 xxymvpz\">\u2665\ufe0e<\/span> \ud835\udc02\ud835\udc0e\ud835\udc00\ud835\udc02\ud835\udc07 <span class=\"html-span xexx8yu xyri2b x18d9i69 x1c1uobl x1hl2dhg x16tdsg8 x1vvkbs x3nfvp2 x1j61x8r x1fcty0u xdj266r xat24cr xm2jcoa x1mpyi22 xxymvpz\">\u2665\ufe0e<\/span>\u2661\u2661<\/strong><\/div>\n<\/div>\n<div class=\"x14z9mp xat24cr x1lziwak x1vvkbs xtlvy1s x126k92a\">\n<div dir=\"auto\"><strong><span class=\"html-span xexx8yu xyri2b x18d9i69 x1c1uobl x1hl2dhg x16tdsg8 x1vvkbs x3nfvp2 x1j61x8r x1fcty0u xdj266r xat24cr xm2jcoa x1mpyi22 xxymvpz xlup9mm x1kky2od\"><img loading=\"lazy\" decoding=\"async\" class=\"xz74otr x15mokao x1ga7v0g x16uus16 xbiv7yw\" src=\"https:\/\/static.xx.fbcdn.net\/images\/emoji.php\/v9\/t5c\/1\/16\/1f4b2.png\" alt=\"\ud83d\udcb2\" width=\"16\" height=\"16\" \/><\/span><span class=\"html-span xexx8yu xyri2b x18d9i69 x1c1uobl x1hl2dhg x16tdsg8 x1vvkbs x3nfvp2 x1j61x8r x1fcty0u xdj266r xat24cr xm2jcoa x1mpyi22 xxymvpz xlup9mm x1kky2od\"><img loading=\"lazy\" decoding=\"async\" class=\"xz74otr x15mokao x1ga7v0g x16uus16 xbiv7yw\" src=\"https:\/\/static.xx.fbcdn.net\/images\/emoji.php\/v9\/t15\/1\/16\/36_20e3.png\" alt=\"6\ufe0f\u20e3\" width=\"16\" height=\"16\" \/><\/span><span class=\"html-span xexx8yu xyri2b x18d9i69 x1c1uobl x1hl2dhg x16tdsg8 x1vvkbs x3nfvp2 x1j61x8r x1fcty0u xdj266r xat24cr xm2jcoa x1mpyi22 xxymvpz xlup9mm x1kky2od\"><img loading=\"lazy\" decoding=\"async\" class=\"xz74otr x15mokao x1ga7v0g x16uus16 xbiv7yw\" src=\"https:\/\/static.xx.fbcdn.net\/images\/emoji.php\/v9\/t72\/1\/16\/39_20e3.png\" alt=\"9\ufe0f\u20e3\" width=\"16\" height=\"16\" \/><\/span><span class=\"html-span xexx8yu xyri2b x18d9i69 x1c1uobl x1hl2dhg x16tdsg8 x1vvkbs x3nfvp2 x1j61x8r x1fcty0u xdj266r xat24cr xm2jcoa x1mpyi22 xxymvpz xlup9mm x1kky2od\"><img loading=\"lazy\" decoding=\"async\" class=\"xz74otr x15mokao x1ga7v0g x16uus16 xbiv7yw\" src=\"https:\/\/static.xx.fbcdn.net\/images\/emoji.php\/v9\/t50\/1\/16\/1f525.png\" alt=\"\ud83d\udd25\" width=\"16\" height=\"16\" \/>Aprovecha nuestras incre\u00edbles ofertas<\/span><span class=\"html-span xexx8yu xyri2b x18d9i69 x1c1uobl x1hl2dhg x16tdsg8 x1vvkbs x3nfvp2 x1j61x8r x1fcty0u xdj266r xat24cr xm2jcoa x1mpyi22 xxymvpz xlup9mm x1kky2od\"><img loading=\"lazy\" decoding=\"async\" class=\"xz74otr x15mokao x1ga7v0g x16uus16 xbiv7yw\" src=\"https:\/\/static.xx.fbcdn.net\/images\/emoji.php\/v9\/t5c\/1\/16\/1f4b2.png\" alt=\"\ud83d\udcb2\" width=\"16\" height=\"16\" \/><\/span><span class=\"html-span xexx8yu xyri2b x18d9i69 x1c1uobl x1hl2dhg x16tdsg8 x1vvkbs x3nfvp2 x1j61x8r x1fcty0u xdj266r xat24cr xm2jcoa x1mpyi22 xxymvpz xlup9mm x1kky2od\"><img loading=\"lazy\" decoding=\"async\" class=\"xz74otr x15mokao x1ga7v0g x16uus16 xbiv7yw\" src=\"https:\/\/static.xx.fbcdn.net\/images\/emoji.php\/v9\/t15\/1\/16\/36_20e3.png\" alt=\"6\ufe0f\u20e3\" width=\"16\" height=\"16\" \/><\/span><span class=\"html-span xexx8yu xyri2b x18d9i69 x1c1uobl x1hl2dhg x16tdsg8 x1vvkbs x3nfvp2 x1j61x8r x1fcty0u xdj266r xat24cr xm2jcoa x1mpyi22 xxymvpz xlup9mm x1kky2od\"><img loading=\"lazy\" decoding=\"async\" class=\"xz74otr x15mokao x1ga7v0g x16uus16 xbiv7yw\" src=\"https:\/\/static.xx.fbcdn.net\/images\/emoji.php\/v9\/t72\/1\/16\/39_20e3.png\" alt=\"9\ufe0f\u20e3\" width=\"16\" height=\"16\" \/><\/span><span class=\"html-span xexx8yu xyri2b x18d9i69 x1c1uobl x1hl2dhg x16tdsg8 x1vvkbs x3nfvp2 x1j61x8r x1fcty0u xdj266r xat24cr xm2jcoa x1mpyi22 xxymvpz xlup9mm x1kky2od\"><img loading=\"lazy\" decoding=\"async\" class=\"xz74otr x15mokao x1ga7v0g x16uus16 xbiv7yw\" src=\"https:\/\/static.xx.fbcdn.net\/images\/emoji.php\/v9\/t50\/1\/16\/1f525.png\" alt=\"\ud83d\udd25\" width=\"16\" height=\"16\" \/><\/span><\/strong><\/div>\n<\/div>\n<div class=\"x14z9mp xat24cr x1lziwak x1vvkbs xtlvy1s x126k92a\">\n<div dir=\"auto\"><strong><span class=\"html-span xexx8yu xyri2b x18d9i69 x1c1uobl x1hl2dhg x16tdsg8 x1vvkbs x3nfvp2 x1j61x8r x1fcty0u xdj266r xat24cr xm2jcoa x1mpyi22 xxymvpz xlup9mm x1kky2od\"><img loading=\"lazy\" decoding=\"async\" class=\"xz74otr x15mokao x1ga7v0g x16uus16 xbiv7yw\" src=\"https:\/\/static.xx.fbcdn.net\/images\/emoji.php\/v9\/t28\/1\/16\/1f352.png\" alt=\"\ud83c\udf52\" width=\"16\" height=\"16\" \/><\/span>\ud835\udc01\ud835\udc0e\ud835\udc0b\ud835\udc12\ud835\udc0e <span class=\"html-span xexx8yu xyri2b x18d9i69 x1c1uobl x1hl2dhg x16tdsg8 x1vvkbs x3nfvp2 x1j61x8r x1fcty0u xdj266r xat24cr xm2jcoa x1mpyi22 xxymvpz xlup9mm x1kky2od\"><img loading=\"lazy\" decoding=\"async\" class=\"xz74otr x15mokao x1ga7v0g x16uus16 xbiv7yw\" src=\"https:\/\/static.xx.fbcdn.net\/images\/emoji.php\/v9\/t28\/1\/16\/1f352.png\" alt=\"\ud83c\udf52\" width=\"16\" height=\"16\" \/><\/span><\/strong><\/div>\n<div dir=\"auto\"><strong><span class=\"html-span xexx8yu xyri2b x18d9i69 x1c1uobl x1hl2dhg x16tdsg8 x1vvkbs x3nfvp2 x1j61x8r x1fcty0u xdj266r xat24cr xm2jcoa x1mpyi22 xxymvpz xlup9mm x1kky2od\"><img loading=\"lazy\" decoding=\"async\" class=\"xz74otr x15mokao x1ga7v0g x16uus16 xbiv7yw\" src=\"https:\/\/static.xx.fbcdn.net\/images\/emoji.php\/v9\/t28\/1\/16\/1f352.png\" alt=\"\ud83c\udf52\" width=\"16\" height=\"16\" \/>CHERRY<\/span><\/strong><\/div>\n<\/div>\n<div class=\"x14z9mp xat24cr x1lziwak x1vvkbs xtlvy1s x126k92a\">\n<div dir=\"auto\"><strong>\ud835\udc36\ud835\udc5c\ud835\udc59\ud835\udc5c\ud835\udc5f\ud835\udc52\ud835\udc60 \ud835\udc60\ud835\udc62\ud835\udc5f\ud835\udc61\ud835\udc5c\ud835\udc51\ud835\udc5c\ud835\udc60<\/strong><\/div>\n<div dir=\"auto\"><strong>\u2022 <span class=\"html-span xexx8yu xyri2b x18d9i69 x1c1uobl x1hl2dhg x16tdsg8 x1vvkbs x3nfvp2 x1j61x8r x1fcty0u xdj266r xat24cr xm2jcoa x1mpyi22 xxymvpz xlup9mm x1kky2od\"><img loading=\"lazy\" decoding=\"async\" class=\"xz74otr x15mokao x1ga7v0g x16uus16 xbiv7yw\" src=\"https:\/\/static.xx.fbcdn.net\/images\/emoji.php\/v9\/t28\/1\/16\/1f352.png\" alt=\"\ud83c\udf52\" width=\"16\" height=\"16\" \/><\/span> \ud835\udc50\ud835\udc52\ud835\udc5f\ud835\udc52\ud835\udc67\ud835\udc4e<\/strong><\/div>\n<div dir=\"auto\"><strong>\u2022 \u2060\ud835\udc40\ud835\udc52\ud835\udc51\ud835\udc56\ud835\udc51\ud835\udc4e\ud835\udc60 \uff08 \ud835\udffa\ud835\udff8\ud835\ude8c\ud835\ude96 \ud835\udea1 \ud835\udff9\ud835\udff8\ud835\ude8c\ud835\ude96 \ud835\udea1 \ud835\udff7\ud835\udffa\ud835\ude8c\ud835\ude96 )<\/strong><\/div>\n<\/div>\n<div class=\"x14z9mp xat24cr x1lziwak x1vvkbs xtlvy1s x126k92a\">\n<div dir=\"auto\"><strong>Un regalo con mucho estilo:<\/strong><\/div>\n<div dir=\"auto\"><strong><span class=\"html-span xexx8yu xyri2b x18d9i69 x1c1uobl x1hl2dhg x16tdsg8 x1vvkbs x3nfvp2 x1j61x8r x1fcty0u xdj266r xat24cr xm2jcoa x1mpyi22 xxymvpz xlup9mm x1kky2od\"><img loading=\"lazy\" decoding=\"async\" class=\"xz74otr x15mokao x1ga7v0g x16uus16 xbiv7yw\" src=\"https:\/\/static.xx.fbcdn.net\/images\/emoji.php\/v9\/t1a\/1\/16\/1f45c.png\" alt=\"\ud83d\udc5c\" width=\"16\" height=\"16\" \/><\/span> Tama\u00f1o pr\u00e1ctico para llevar lo esencial<\/strong><\/div>\n<div dir=\"auto\"><strong><span class=\"html-span xexx8yu xyri2b x18d9i69 x1c1uobl x1hl2dhg x16tdsg8 x1vvkbs x3nfvp2 x1j61x8r x1fcty0u xdj266r xat24cr xm2jcoa x1mpyi22 xxymvpz xlup9mm x1kky2od\"><img loading=\"lazy\" decoding=\"async\" class=\"xz74otr x15mokao x1ga7v0g x16uus16 xbiv7yw\" src=\"https:\/\/static.xx.fbcdn.net\/images\/emoji.php\/v9\/t6f\/1\/16\/1f337.png\" alt=\"\ud83c\udf37\" width=\"16\" height=\"16\" \/><\/span> Ideal para outfits casuales, femeninos y primaverales<\/strong><\/div>\n<div dir=\"auto\"><strong><span class=\"html-span xexx8yu xyri2b x18d9i69 x1c1uobl x1hl2dhg x16tdsg8 x1vvkbs x3nfvp2 x1j61x8r x1fcty0u xdj266r xat24cr xm2jcoa x1mpyi22 xxymvpz xlup9mm x1kky2od\"><img loading=\"lazy\" decoding=\"async\" class=\"xz74otr x15mokao x1ga7v0g x16uus16 xbiv7yw\" src=\"https:\/\/static.xx.fbcdn.net\/images\/emoji.php\/v9\/t17\/1\/16\/1f49d.png\" alt=\"\ud83d\udc9d\" width=\"16\" height=\"16\" \/><\/span> Perfecto para mam\u00e1, esposa, abuelita o esa persona especial<\/strong><\/div>\n<\/div>\n","protected":false},"featured_media":63850,"template":"","meta":[],"product_cat":[87,86,111,245],"product_tag":[],"class_list":{"0":"post-63847","1":"product","2":"type-product","3":"status-publish","4":"has-post-thumbnail","6":"product_cat-accesorios-de-temporada","7":"product_cat-bolsas-y-mochilas","8":"product_cat-pestanas","9":"product_cat-ropa","11":"first","12":"instock","13":"shipping-taxable","14":"purchasable","15":"product-type-simple"},"tiered_pricing_type":"fixed","tiered_pricing_fixed_rules":[],"yoast_head":"<!-- This site is optimized with the Yoast SEO plugin v23.9 - https:\/\/yoast.com\/wordpress\/plugins\/seo\/ -->\n<title>Bolso Cherry Coach - Jazaguilar<\/title>\n<meta name=\"robots\" content=\"index, follow, max-snippet:-1, max-image-preview:large, max-video-preview:-1\" \/>\n<link rel=\"canonical\" href=\"https:\/\/jazaguilar.com\/?product=bolso-cherry-coach\" \/>\n<meta property=\"og:locale\" content=\"es_MX\" \/>\n<meta property=\"og:type\" content=\"article\" \/>\n<meta property=\"og:title\" content=\"Bolso Cherry Coach - Jazaguilar\" \/>\n<meta property=\"og:description\" content=\"\uff2a\uff55\uff53\uff54\uff4f \u2764\ufe0e\ufe0e LO QUE BUSCABA ..!   \ud835\ude7f\ud835\ude8a\ud835\ude9b\ud835\ude8a \ud835\ude96\ud835\ude8a\ud835\ude96\ud835\ude8a, \ud835\ude9e\ud835\ude97 \ud835\ude8d\ud835\ude8e\ud835\ude9d\ud835\ude8a\ud835\ude95\ud835\ude95\ud835\ude8e \ud835\ude9d\ud835\ude8a\ud835\ude97 \ud835\ude8d\ud835\ude9e\ud835\ude95\ud835\ude8c\ud835\ude8e \ud835\ude8c\ud835\ude98\ud835\ude96\ud835\ude98 \ud835\ude8e\ud835\ude95\ud835\ude95\ud835\ude8a  \u2661\u2661\u2665\ufe0e \ud835\udc02\ud835\udc0e\ud835\udc00\ud835\udc02\ud835\udc07 \u2665\ufe0e\u2661\u2661   Aprovecha nuestras incre\u00edbles ofertas   \ud835\udc01\ud835\udc0e\ud835\udc0b\ud835\udc12\ud835\udc0e  CHERRY   \ud835\udc36\ud835\udc5c\ud835\udc59\ud835\udc5c\ud835\udc5f\ud835\udc52\ud835\udc60 \ud835\udc60\ud835\udc62\ud835\udc5f\ud835\udc61\ud835\udc5c\ud835\udc51\ud835\udc5c\ud835\udc60 \u2022 \ud835\udc50\ud835\udc52\ud835\udc5f\ud835\udc52\ud835\udc67\ud835\udc4e \u2022 \u2060\ud835\udc40\ud835\udc52\ud835\udc51\ud835\udc56\ud835\udc51\ud835\udc4e\ud835\udc60 \uff08 \ud835\udffa\ud835\udff8\ud835\ude8c\ud835\ude96 \ud835\udea1 \ud835\udff9\ud835\udff8\ud835\ude8c\ud835\ude96 \ud835\udea1 \ud835\udff7\ud835\udffa\ud835\ude8c\ud835\ude96 )   Un regalo con mucho estilo:  Tama\u00f1o pr\u00e1ctico para llevar lo esencial  Ideal para outfits casuales, femeninos y primaverales  Perfecto para mam\u00e1, esposa, abuelita o esa persona especial\" \/>\n<meta property=\"og:url\" content=\"https:\/\/jazaguilar.com\/?product=bolso-cherry-coach\" \/>\n<meta property=\"og:site_name\" content=\"Jazaguilar\" \/>\n<meta property=\"og:image\" content=\"https:\/\/jazaguilar.com\/wp-content\/uploads\/2026\/05\/2271071330095033-1.jpg\" \/>\n\t<meta property=\"og:image:width\" content=\"1206\" \/>\n\t<meta property=\"og:image:height\" content=\"1500\" \/>\n\t<meta property=\"og:image:type\" content=\"image\/jpeg\" \/>\n<meta name=\"twitter:card\" content=\"summary_large_image\" \/>\n<meta name=\"twitter:label1\" content=\"Tiempo de lectura\" \/>\n\t<meta name=\"twitter:data1\" content=\"1 minuto\" \/>\n<script type=\"application\/ld+json\" class=\"yoast-schema-graph\">{\"@context\":\"https:\/\/schema.org\",\"@graph\":[{\"@type\":\"WebPage\",\"@id\":\"https:\/\/jazaguilar.com\/?product=bolso-cherry-coach\",\"url\":\"https:\/\/jazaguilar.com\/?product=bolso-cherry-coach\",\"name\":\"Bolso Cherry Coach - Jazaguilar\",\"isPartOf\":{\"@id\":\"https:\/\/jazaguilar.com\/#website\"},\"primaryImageOfPage\":{\"@id\":\"https:\/\/jazaguilar.com\/?product=bolso-cherry-coach#primaryimage\"},\"image\":{\"@id\":\"https:\/\/jazaguilar.com\/?product=bolso-cherry-coach#primaryimage\"},\"thumbnailUrl\":\"https:\/\/jazaguilar.com\/wp-content\/uploads\/2026\/05\/2271071330095033-1.jpg\",\"datePublished\":\"2026-05-01T05:18:20+00:00\",\"dateModified\":\"2026-05-01T05:18:20+00:00\",\"breadcrumb\":{\"@id\":\"https:\/\/jazaguilar.com\/?product=bolso-cherry-coach#breadcrumb\"},\"inLanguage\":\"es\",\"potentialAction\":[{\"@type\":\"ReadAction\",\"target\":[\"https:\/\/jazaguilar.com\/?product=bolso-cherry-coach\"]}]},{\"@type\":\"ImageObject\",\"inLanguage\":\"es\",\"@id\":\"https:\/\/jazaguilar.com\/?product=bolso-cherry-coach#primaryimage\",\"url\":\"https:\/\/jazaguilar.com\/wp-content\/uploads\/2026\/05\/2271071330095033-1.jpg\",\"contentUrl\":\"https:\/\/jazaguilar.com\/wp-content\/uploads\/2026\/05\/2271071330095033-1.jpg\",\"width\":1206,\"height\":1500},{\"@type\":\"BreadcrumbList\",\"@id\":\"https:\/\/jazaguilar.com\/?product=bolso-cherry-coach#breadcrumb\",\"itemListElement\":[{\"@type\":\"ListItem\",\"position\":1,\"name\":\"Inicio\",\"item\":\"https:\/\/jazaguilar.com\/\"},{\"@type\":\"ListItem\",\"position\":2,\"name\":\"Shop\",\"item\":\"https:\/\/jazaguilar.com\/?page_id=882\"},{\"@type\":\"ListItem\",\"position\":3,\"name\":\"Bolso Cherry Coach\"}]},{\"@type\":\"WebSite\",\"@id\":\"https:\/\/jazaguilar.com\/#website\",\"url\":\"https:\/\/jazaguilar.com\/\",\"name\":\"Jazaguilar\",\"description\":\"Cosmeticos &amp; Accesorios\",\"potentialAction\":[{\"@type\":\"SearchAction\",\"target\":{\"@type\":\"EntryPoint\",\"urlTemplate\":\"https:\/\/jazaguilar.com\/?s={search_term_string}\"},\"query-input\":{\"@type\":\"PropertyValueSpecification\",\"valueRequired\":true,\"valueName\":\"search_term_string\"}}],\"inLanguage\":\"es\"}]}<\/script>\n<!-- \/ Yoast SEO plugin. -->","yoast_head_json":{"title":"Bolso Cherry Coach - Jazaguilar","robots":{"index":"index","follow":"follow","max-snippet":"max-snippet:-1","max-image-preview":"max-image-preview:large","max-video-preview":"max-video-preview:-1"},"canonical":"https:\/\/jazaguilar.com\/?product=bolso-cherry-coach","og_locale":"es_MX","og_type":"article","og_title":"Bolso Cherry Coach - Jazaguilar","og_description":"\uff2a\uff55\uff53\uff54\uff4f \u2764\ufe0e\ufe0e LO QUE BUSCABA ..!   \ud835\ude7f\ud835\ude8a\ud835\ude9b\ud835\ude8a \ud835\ude96\ud835\ude8a\ud835\ude96\ud835\ude8a, \ud835\ude9e\ud835\ude97 \ud835\ude8d\ud835\ude8e\ud835\ude9d\ud835\ude8a\ud835\ude95\ud835\ude95\ud835\ude8e \ud835\ude9d\ud835\ude8a\ud835\ude97 \ud835\ude8d\ud835\ude9e\ud835\ude95\ud835\ude8c\ud835\ude8e \ud835\ude8c\ud835\ude98\ud835\ude96\ud835\ude98 \ud835\ude8e\ud835\ude95\ud835\ude95\ud835\ude8a  \u2661\u2661\u2665\ufe0e \ud835\udc02\ud835\udc0e\ud835\udc00\ud835\udc02\ud835\udc07 \u2665\ufe0e\u2661\u2661   Aprovecha nuestras incre\u00edbles ofertas   \ud835\udc01\ud835\udc0e\ud835\udc0b\ud835\udc12\ud835\udc0e  CHERRY   \ud835\udc36\ud835\udc5c\ud835\udc59\ud835\udc5c\ud835\udc5f\ud835\udc52\ud835\udc60 \ud835\udc60\ud835\udc62\ud835\udc5f\ud835\udc61\ud835\udc5c\ud835\udc51\ud835\udc5c\ud835\udc60 \u2022 \ud835\udc50\ud835\udc52\ud835\udc5f\ud835\udc52\ud835\udc67\ud835\udc4e \u2022 \u2060\ud835\udc40\ud835\udc52\ud835\udc51\ud835\udc56\ud835\udc51\ud835\udc4e\ud835\udc60 \uff08 \ud835\udffa\ud835\udff8\ud835\ude8c\ud835\ude96 \ud835\udea1 \ud835\udff9\ud835\udff8\ud835\ude8c\ud835\ude96 \ud835\udea1 \ud835\udff7\ud835\udffa\ud835\ude8c\ud835\ude96 )   Un regalo con mucho estilo:  Tama\u00f1o pr\u00e1ctico para llevar lo esencial  Ideal para outfits casuales, femeninos y primaverales  Perfecto para mam\u00e1, esposa, abuelita o esa persona especial","og_url":"https:\/\/jazaguilar.com\/?product=bolso-cherry-coach","og_site_name":"Jazaguilar","og_image":[{"width":1206,"height":1500,"url":"https:\/\/jazaguilar.com\/wp-content\/uploads\/2026\/05\/2271071330095033-1.jpg","type":"image\/jpeg"}],"twitter_card":"summary_large_image","twitter_misc":{"Tiempo de lectura":"1 minuto"},"schema":{"@context":"https:\/\/schema.org","@graph":[{"@type":"WebPage","@id":"https:\/\/jazaguilar.com\/?product=bolso-cherry-coach","url":"https:\/\/jazaguilar.com\/?product=bolso-cherry-coach","name":"Bolso Cherry Coach - Jazaguilar","isPartOf":{"@id":"https:\/\/jazaguilar.com\/#website"},"primaryImageOfPage":{"@id":"https:\/\/jazaguilar.com\/?product=bolso-cherry-coach#primaryimage"},"image":{"@id":"https:\/\/jazaguilar.com\/?product=bolso-cherry-coach#primaryimage"},"thumbnailUrl":"https:\/\/jazaguilar.com\/wp-content\/uploads\/2026\/05\/2271071330095033-1.jpg","datePublished":"2026-05-01T05:18:20+00:00","dateModified":"2026-05-01T05:18:20+00:00","breadcrumb":{"@id":"https:\/\/jazaguilar.com\/?product=bolso-cherry-coach#breadcrumb"},"inLanguage":"es","potentialAction":[{"@type":"ReadAction","target":["https:\/\/jazaguilar.com\/?product=bolso-cherry-coach"]}]},{"@type":"ImageObject","inLanguage":"es","@id":"https:\/\/jazaguilar.com\/?product=bolso-cherry-coach#primaryimage","url":"https:\/\/jazaguilar.com\/wp-content\/uploads\/2026\/05\/2271071330095033-1.jpg","contentUrl":"https:\/\/jazaguilar.com\/wp-content\/uploads\/2026\/05\/2271071330095033-1.jpg","width":1206,"height":1500},{"@type":"BreadcrumbList","@id":"https:\/\/jazaguilar.com\/?product=bolso-cherry-coach#breadcrumb","itemListElement":[{"@type":"ListItem","position":1,"name":"Inicio","item":"https:\/\/jazaguilar.com\/"},{"@type":"ListItem","position":2,"name":"Shop","item":"https:\/\/jazaguilar.com\/?page_id=882"},{"@type":"ListItem","position":3,"name":"Bolso Cherry Coach"}]},{"@type":"WebSite","@id":"https:\/\/jazaguilar.com\/#website","url":"https:\/\/jazaguilar.com\/","name":"Jazaguilar","description":"Cosmeticos &amp; Accesorios","potentialAction":[{"@type":"SearchAction","target":{"@type":"EntryPoint","urlTemplate":"https:\/\/jazaguilar.com\/?s={search_term_string}"},"query-input":{"@type":"PropertyValueSpecification","valueRequired":true,"valueName":"search_term_string"}}],"inLanguage":"es"}]}},"_links":{"self":[{"href":"https:\/\/jazaguilar.com\/index.php?rest_route=\/wp\/v2\/product\/63847","targetHints":{"allow":["GET"]}}],"collection":[{"href":"https:\/\/jazaguilar.com\/index.php?rest_route=\/wp\/v2\/product"}],"about":[{"href":"https:\/\/jazaguilar.com\/index.php?rest_route=\/wp\/v2\/types\/product"}],"wp:featuredmedia":[{"embeddable":true,"href":"https:\/\/jazaguilar.com\/index.php?rest_route=\/wp\/v2\/media\/63850"}],"wp:attachment":[{"href":"https:\/\/jazaguilar.com\/index.php?rest_route=%2Fwp%2Fv2%2Fmedia&parent=63847"}],"wp:term":[{"taxonomy":"product_cat","embeddable":true,"href":"https:\/\/jazaguilar.com\/index.php?rest_route=%2Fwp%2Fv2%2Fproduct_cat&post=63847"},{"taxonomy":"product_tag","embeddable":true,"href":"https:\/\/jazaguilar.com\/index.php?rest_route=%2Fwp%2Fv2%2Fproduct_tag&post=63847"}],"curies":[{"name":"wp","href":"https:\/\/api.w.org\/{rel}","templated":true}]}}