{"id":63775,"date":"2026-04-30T22:56:29","date_gmt":"2026-05-01T03:56:29","guid":{"rendered":"https:\/\/jazaguilar.com\/?post_type=product&#038;p=63775"},"modified":"2026-04-30T22:56:29","modified_gmt":"2026-05-01T03:56:29","slug":"perlas-aromtizantes-de-ropa","status":"publish","type":"product","link":"https:\/\/jazaguilar.com\/?product=perlas-aromtizantes-de-ropa","title":{"rendered":"Perlas Aromtizantes De Ropa"},"content":{"rendered":"<p><strong>\ud83d\udcb8\ud83d\udcb5\ud83d\udcb8\ud835\ude42\ud835\ude3c\ud835\ude49\ud835\ude3c\ud835\ude4e \ud835\ude4b\ud835\ude4a\ud835\ude4d \ud835\ude4c\ud835\ude50\ud835\ude40 \ud835\ude42\ud835\ude3c\ud835\ude49\ud835\ude3c\ud835\ude4e\ud83d\udcb8\ud83d\udcb5\ud83d\udcb8<br \/>\n\ud83d\udce4Env\u00edos a toda la Rep\u00fablica \ud83d\udce6<br \/>\n<\/strong><\/p>\n","protected":false},"excerpt":{"rendered":"<p><strong><span class=\"html-span xexx8yu xyri2b x18d9i69 x1c1uobl x1hl2dhg x16tdsg8 x1vvkbs x3nfvp2 x1j61x8r x1fcty0u xdj266r xat24cr xm2jcoa x1mpyi22 xxymvpz xlup9mm x1kky2od\"><img loading=\"lazy\" decoding=\"async\" class=\"xz74otr x15mokao x1ga7v0g x16uus16 xbiv7yw\" src=\"https:\/\/static.xx.fbcdn.net\/images\/emoji.php\/v9\/tec\/1\/16\/1f455.png\" alt=\"\ud83d\udc55\" width=\"16\" height=\"16\" \/><\/span><span class=\"html-span xexx8yu xyri2b x18d9i69 x1c1uobl x1hl2dhg x16tdsg8 x1vvkbs x3nfvp2 x1j61x8r x1fcty0u xdj266r xat24cr xm2jcoa x1mpyi22 xxymvpz xlup9mm x1kky2od\"><img loading=\"lazy\" decoding=\"async\" class=\"xz74otr x15mokao x1ga7v0g x16uus16 xbiv7yw\" src=\"https:\/\/static.xx.fbcdn.net\/images\/emoji.php\/v9\/t2b\/1\/16\/1fae7.png\" alt=\"\ud83e\udee7\" width=\"16\" height=\"16\" \/><\/span> \ud835\udc0f\ud835\udc1e\ud835\udc2b\ud835\udc25\ud835\udc1a\ud835\udc2c \ud835\udc00\ud835\udc2b\ud835\udc28\ud835\udc26\ud835\udc1a\ud835\udc2d\ud835\udc22\ud835\udc33\ud835\udc1a\ud835\udc27\ud835\udc2d\ud835\udc1e\ud835\udc2c \ud835\udc1d\ud835\udc1e \ud835\udc11\ud835\udc28\ud835\udc29\ud835\udc1a <span class=\"html-span xexx8yu xyri2b x18d9i69 x1c1uobl x1hl2dhg x16tdsg8 x1vvkbs x3nfvp2 x1j61x8r x1fcty0u xdj266r xat24cr xm2jcoa x1mpyi22 xxymvpz xlup9mm x1kky2od\"><img loading=\"lazy\" decoding=\"async\" class=\"xz74otr x15mokao x1ga7v0g x16uus16 xbiv7yw\" src=\"https:\/\/static.xx.fbcdn.net\/images\/emoji.php\/v9\/t2b\/1\/16\/1fae7.png\" alt=\"\ud83e\udee7\" width=\"16\" height=\"16\" \/><\/span><span class=\"html-span xexx8yu xyri2b x18d9i69 x1c1uobl x1hl2dhg x16tdsg8 x1vvkbs x3nfvp2 x1j61x8r x1fcty0u xdj266r xat24cr xm2jcoa x1mpyi22 xxymvpz xlup9mm x1kky2od\"><img loading=\"lazy\" decoding=\"async\" class=\"xz74otr x15mokao x1ga7v0g x16uus16 xbiv7yw\" src=\"https:\/\/static.xx.fbcdn.net\/images\/emoji.php\/v9\/tec\/1\/16\/1f455.png\" alt=\"\ud83d\udc55\" width=\"16\" height=\"16\" \/><\/span><\/strong><\/p>\n<div class=\"x14z9mp xat24cr x1lziwak x1vvkbs xtlvy1s x126k92a\">\n<div dir=\"auto\"><strong><span class=\"html-span xexx8yu xyri2b x18d9i69 x1c1uobl x1hl2dhg x16tdsg8 x1vvkbs x3nfvp2 x1j61x8r x1fcty0u xdj266r xat24cr xm2jcoa x1mpyi22 xxymvpz xlup9mm x1kky2od\"><img loading=\"lazy\" decoding=\"async\" class=\"xz74otr x15mokao x1ga7v0g x16uus16 xbiv7yw\" src=\"https:\/\/static.xx.fbcdn.net\/images\/emoji.php\/v9\/t5c\/1\/16\/1f4b2.png\" alt=\"\ud83d\udcb2\" width=\"16\" height=\"16\" \/><\/span><span class=\"html-span xexx8yu xyri2b x18d9i69 x1c1uobl x1hl2dhg x16tdsg8 x1vvkbs x3nfvp2 x1j61x8r x1fcty0u xdj266r xat24cr xm2jcoa x1mpyi22 xxymvpz xlup9mm x1kky2od\"><img loading=\"lazy\" decoding=\"async\" class=\"xz74otr x15mokao x1ga7v0g x16uus16 xbiv7yw\" src=\"https:\/\/static.xx.fbcdn.net\/images\/emoji.php\/v9\/t7a\/1\/16\/31_20e3.png\" alt=\"1\ufe0f\u20e3\" width=\"16\" height=\"16\" \/><\/span><span class=\"html-span xexx8yu xyri2b x18d9i69 x1c1uobl x1hl2dhg x16tdsg8 x1vvkbs x3nfvp2 x1j61x8r x1fcty0u xdj266r xat24cr xm2jcoa x1mpyi22 xxymvpz xlup9mm x1kky2od\"><img loading=\"lazy\" decoding=\"async\" class=\"xz74otr x15mokao x1ga7v0g x16uus16 xbiv7yw\" src=\"https:\/\/static.xx.fbcdn.net\/images\/emoji.php\/v9\/tf6\/1\/16\/35_20e3.png\" alt=\"5\ufe0f\u20e3\" width=\"16\" height=\"16\" \/><\/span><span class=\"html-span xexx8yu xyri2b x18d9i69 x1c1uobl x1hl2dhg x16tdsg8 x1vvkbs x3nfvp2 x1j61x8r x1fcty0u xdj266r xat24cr xm2jcoa x1mpyi22 xxymvpz xlup9mm x1kky2od\"><img loading=\"lazy\" decoding=\"async\" class=\"xz74otr x15mokao x1ga7v0g x16uus16 xbiv7yw\" src=\"https:\/\/static.xx.fbcdn.net\/images\/emoji.php\/v9\/t50\/1\/16\/1f525.png\" alt=\"\ud83d\udd25\" width=\"16\" height=\"16\" \/>Aprovecha nuestras incre\u00edbles ofertas<\/span><span class=\"html-span xexx8yu xyri2b x18d9i69 x1c1uobl x1hl2dhg x16tdsg8 x1vvkbs x3nfvp2 x1j61x8r x1fcty0u xdj266r xat24cr xm2jcoa x1mpyi22 xxymvpz xlup9mm x1kky2od\"><img loading=\"lazy\" decoding=\"async\" class=\"xz74otr x15mokao x1ga7v0g x16uus16 xbiv7yw\" src=\"https:\/\/static.xx.fbcdn.net\/images\/emoji.php\/v9\/t5c\/1\/16\/1f4b2.png\" alt=\"\ud83d\udcb2\" width=\"16\" height=\"16\" \/><\/span><span class=\"html-span xexx8yu xyri2b x18d9i69 x1c1uobl x1hl2dhg x16tdsg8 x1vvkbs x3nfvp2 x1j61x8r x1fcty0u xdj266r xat24cr xm2jcoa x1mpyi22 xxymvpz xlup9mm x1kky2od\"><img loading=\"lazy\" decoding=\"async\" class=\"xz74otr x15mokao x1ga7v0g x16uus16 xbiv7yw\" src=\"https:\/\/static.xx.fbcdn.net\/images\/emoji.php\/v9\/t7a\/1\/16\/31_20e3.png\" alt=\"1\ufe0f\u20e3\" width=\"16\" height=\"16\" \/><\/span><span class=\"html-span xexx8yu xyri2b x18d9i69 x1c1uobl x1hl2dhg x16tdsg8 x1vvkbs x3nfvp2 x1j61x8r x1fcty0u xdj266r xat24cr xm2jcoa x1mpyi22 xxymvpz xlup9mm x1kky2od\"><img loading=\"lazy\" decoding=\"async\" class=\"xz74otr x15mokao x1ga7v0g x16uus16 xbiv7yw\" src=\"https:\/\/static.xx.fbcdn.net\/images\/emoji.php\/v9\/tf6\/1\/16\/35_20e3.png\" alt=\"5\ufe0f\u20e3\" width=\"16\" height=\"16\" \/><\/span><span class=\"html-span xexx8yu xyri2b x18d9i69 x1c1uobl x1hl2dhg x16tdsg8 x1vvkbs x3nfvp2 x1j61x8r x1fcty0u xdj266r xat24cr xm2jcoa x1mpyi22 xxymvpz xlup9mm x1kky2od\"><img loading=\"lazy\" decoding=\"async\" class=\"xz74otr x15mokao x1ga7v0g x16uus16 xbiv7yw\" src=\"https:\/\/static.xx.fbcdn.net\/images\/emoji.php\/v9\/t50\/1\/16\/1f525.png\" alt=\"\ud83d\udd25\" width=\"16\" height=\"16\" \/><\/span><\/strong><\/div>\n<\/div>\n<div class=\"x14z9mp xat24cr x1lziwak x1vvkbs xtlvy1s x126k92a\">\n<div dir=\"auto\"><strong>Cada color es un aroma diferente, todos huelen delicioso <span class=\"html-span xexx8yu xyri2b x18d9i69 x1c1uobl x1hl2dhg x16tdsg8 x1vvkbs x3nfvp2 x1j61x8r x1fcty0u xdj266r xat24cr xm2jcoa x1mpyi22 xxymvpz xlup9mm x1kky2od\"><img loading=\"lazy\" decoding=\"async\" class=\"xz74otr x15mokao x1ga7v0g x16uus16 xbiv7yw\" src=\"https:\/\/static.xx.fbcdn.net\/images\/emoji.php\/v9\/t58\/1\/16\/1f929.png\" alt=\"\ud83e\udd29\" width=\"16\" height=\"16\" \/><\/span><\/strong><\/div>\n<\/div>\n<div class=\"x14z9mp xat24cr x1lziwak x1vvkbs xtlvy1s x126k92a\">\n<div dir=\"auto\"><strong><span class=\"html-span xexx8yu xyri2b x18d9i69 x1c1uobl x1hl2dhg x16tdsg8 x1vvkbs x3nfvp2 x1j61x8r x1fcty0u xdj266r xat24cr xm2jcoa x1mpyi22 xxymvpz xlup9mm x1kky2od\"><img loading=\"lazy\" decoding=\"async\" class=\"xz74otr x15mokao x1ga7v0g x16uus16 xbiv7yw\" src=\"https:\/\/static.xx.fbcdn.net\/images\/emoji.php\/v9\/tf0\/1\/16\/1f338.png\" alt=\"\ud83c\udf38\" width=\"16\" height=\"16\" \/><\/span> aroma duradero<\/strong><\/div>\n<div dir=\"auto\"><strong><span class=\"html-span xexx8yu xyri2b x18d9i69 x1c1uobl x1hl2dhg x16tdsg8 x1vvkbs x3nfvp2 x1j61x8r x1fcty0u xdj266r xat24cr xm2jcoa x1mpyi22 xxymvpz xlup9mm x1kky2od\"><img loading=\"lazy\" decoding=\"async\" class=\"xz74otr x15mokao x1ga7v0g x16uus16 xbiv7yw\" src=\"https:\/\/static.xx.fbcdn.net\/images\/emoji.php\/v9\/t18\/1\/16\/1f45a.png\" alt=\"\ud83d\udc5a\" width=\"16\" height=\"16\" \/><\/span> Para todo tipo de ropa.<\/strong><\/div>\n<div dir=\"auto\"><strong><span class=\"html-span xexx8yu xyri2b x18d9i69 x1c1uobl x1hl2dhg x16tdsg8 x1vvkbs x3nfvp2 x1j61x8r x1fcty0u xdj266r xat24cr xm2jcoa x1mpyi22 xxymvpz xlup9mm x1kky2od\"><img loading=\"lazy\" decoding=\"async\" class=\"xz74otr x15mokao x1ga7v0g x16uus16 xbiv7yw\" src=\"https:\/\/static.xx.fbcdn.net\/images\/emoji.php\/v9\/t42\/1\/16\/1f4a7.png\" alt=\"\ud83d\udca7\" width=\"16\" height=\"16\" \/><\/span> F\u00e1cil de disolver.<\/strong><\/div>\n<div dir=\"auto\"><strong><span class=\"html-span xexx8yu xyri2b x18d9i69 x1c1uobl x1hl2dhg x16tdsg8 x1vvkbs x3nfvp2 x1j61x8r x1fcty0u xdj266r xat24cr xm2jcoa x1mpyi22 xxymvpz xlup9mm x1kky2od\"><img loading=\"lazy\" decoding=\"async\" class=\"xz74otr x15mokao x1ga7v0g x16uus16 xbiv7yw\" src=\"https:\/\/static.xx.fbcdn.net\/images\/emoji.php\/v9\/tb\/1\/16\/1f300.png\" alt=\"\ud83c\udf00\" width=\"16\" height=\"16\" \/><\/span> El movimiento y la fricci\u00f3n en la ropa libera las microc\u00e1psulas de aroma.<\/strong><\/div>\n<\/div>\n<div class=\"x14z9mp xat24cr x1lziwak x1vvkbs xtlvy1s x126k92a\">\n<div dir=\"auto\"><strong><span class=\"html-span xexx8yu xyri2b x18d9i69 x1c1uobl x1hl2dhg x16tdsg8 x1vvkbs x3nfvp2 x1j61x8r x1fcty0u xdj266r xat24cr xm2jcoa x1mpyi22 xxymvpz xlup9mm x1kky2od\"><img loading=\"lazy\" decoding=\"async\" class=\"xz74otr x15mokao x1ga7v0g x16uus16 xbiv7yw\" src=\"https:\/\/static.xx.fbcdn.net\/images\/emoji.php\/v9\/t2d\/1\/16\/1f4cd.png\" alt=\"\ud83d\udccd\" width=\"16\" height=\"16\" \/><\/span> COLORES Y FRAGANCIAS DISPONIBLES:<\/strong><\/div>\n<\/div>\n<div class=\"x14z9mp xat24cr x1lziwak x1vvkbs xtlvy1s x126k92a\">\n<div dir=\"auto\"><strong><span class=\"html-span xexx8yu xyri2b x18d9i69 x1c1uobl x1hl2dhg x16tdsg8 x1vvkbs x3nfvp2 x1j61x8r x1fcty0u xdj266r xat24cr xm2jcoa x1mpyi22 xxymvpz xlup9mm x1kky2od\"><img loading=\"lazy\" decoding=\"async\" class=\"xz74otr x15mokao x1ga7v0g x16uus16 xbiv7yw\" src=\"https:\/\/static.xx.fbcdn.net\/images\/emoji.php\/v9\/t6c\/1\/16\/1f499.png\" alt=\"\ud83d\udc99\" width=\"16\" height=\"16\" \/><\/span> AZUL: Brisa del mar<\/strong><\/div>\n<div dir=\"auto\"><strong><span class=\"html-span xexx8yu xyri2b x18d9i69 x1c1uobl x1hl2dhg x16tdsg8 x1vvkbs x3nfvp2 x1j61x8r x1fcty0u xdj266r xat24cr xm2jcoa x1mpyi22 xxymvpz xlup9mm x1kky2od\"><img loading=\"lazy\" decoding=\"async\" class=\"xz74otr x15mokao x1ga7v0g x16uus16 xbiv7yw\" src=\"https:\/\/static.xx.fbcdn.net\/images\/emoji.php\/v9\/t15\/1\/16\/1f49b.png\" alt=\"\ud83d\udc9b\" width=\"16\" height=\"16\" \/><\/span> AMARILLO: Primavera<\/strong><\/div>\n<div dir=\"auto\"><strong><span class=\"html-span xexx8yu xyri2b x18d9i69 x1c1uobl x1hl2dhg x16tdsg8 x1vvkbs x3nfvp2 x1j61x8r x1fcty0u xdj266r xat24cr xm2jcoa x1mpyi22 xxymvpz xlup9mm x1kky2od\"><img loading=\"lazy\" decoding=\"async\" class=\"xz74otr x15mokao x1ga7v0g x16uus16 xbiv7yw\" src=\"https:\/\/static.xx.fbcdn.net\/images\/emoji.php\/v9\/t96\/1\/16\/1f49c.png\" alt=\"\ud83d\udc9c\" width=\"16\" height=\"16\" \/><\/span> LILA: Lavanda<\/strong><\/div>\n<div dir=\"auto\"><strong><span class=\"html-span xexx8yu xyri2b x18d9i69 x1c1uobl x1hl2dhg x16tdsg8 x1vvkbs x3nfvp2 x1j61x8r x1fcty0u xdj266r xat24cr xm2jcoa x1mpyi22 xxymvpz xlup9mm x1kky2od\"><img loading=\"lazy\" decoding=\"async\" class=\"xz74otr x15mokao x1ga7v0g x16uus16 xbiv7yw\" src=\"https:\/\/static.xx.fbcdn.net\/images\/emoji.php\/v9\/t6c\/1\/16\/2764.png\" alt=\"\u2764\ufe0f\" width=\"16\" height=\"16\" \/><\/span> ROSA: Rosas<\/strong><\/div>\n<\/div>\n<div class=\"x14z9mp xat24cr x1lziwak x1vvkbs xtlvy1s x126k92a\">\n<div dir=\"auto\"><strong><span class=\"html-span xexx8yu xyri2b x18d9i69 x1c1uobl x1hl2dhg x16tdsg8 x1vvkbs x3nfvp2 x1j61x8r x1fcty0u xdj266r xat24cr xm2jcoa x1mpyi22 xxymvpz xlup9mm x1kky2od\"><img loading=\"lazy\" decoding=\"async\" class=\"xz74otr x15mokao x1ga7v0g x16uus16 xbiv7yw\" src=\"https:\/\/static.xx.fbcdn.net\/images\/emoji.php\/v9\/t2d\/1\/16\/1f4cd.png\" alt=\"\ud83d\udccd\" width=\"16\" height=\"16\" \/><\/span>es de 110 gr<\/strong><\/div>\n<\/div>\n","protected":false},"featured_media":63777,"template":"","meta":[],"product_cat":[87,278,86,245],"product_tag":[],"class_list":{"0":"post-63775","1":"product","2":"type-product","3":"status-publish","4":"has-post-thumbnail","6":"product_cat-accesorios-de-temporada","7":"product_cat-aseo-personal","8":"product_cat-bolsas-y-mochilas","9":"product_cat-ropa","11":"first","12":"instock","13":"shipping-taxable","14":"purchasable","15":"product-type-simple"},"tiered_pricing_type":"fixed","tiered_pricing_fixed_rules":[],"yoast_head":"<!-- This site is optimized with the Yoast SEO plugin v23.9 - https:\/\/yoast.com\/wordpress\/plugins\/seo\/ -->\n<title>Perlas Aromtizantes De Ropa - Jazaguilar<\/title>\n<meta name=\"robots\" content=\"index, follow, max-snippet:-1, max-image-preview:large, max-video-preview:-1\" \/>\n<link rel=\"canonical\" href=\"https:\/\/jazaguilar.com\/?product=perlas-aromtizantes-de-ropa\" \/>\n<meta property=\"og:locale\" content=\"es_MX\" \/>\n<meta property=\"og:type\" content=\"article\" \/>\n<meta property=\"og:title\" content=\"Perlas Aromtizantes De Ropa - Jazaguilar\" \/>\n<meta property=\"og:description\" content=\"\ud835\udc0f\ud835\udc1e\ud835\udc2b\ud835\udc25\ud835\udc1a\ud835\udc2c \ud835\udc00\ud835\udc2b\ud835\udc28\ud835\udc26\ud835\udc1a\ud835\udc2d\ud835\udc22\ud835\udc33\ud835\udc1a\ud835\udc27\ud835\udc2d\ud835\udc1e\ud835\udc2c \ud835\udc1d\ud835\udc1e \ud835\udc11\ud835\udc28\ud835\udc29\ud835\udc1a   Aprovecha nuestras incre\u00edbles ofertas   Cada color es un aroma diferente, todos huelen delicioso    aroma duradero  Para todo tipo de ropa.  F\u00e1cil de disolver.  El movimiento y la fricci\u00f3n en la ropa libera las microc\u00e1psulas de aroma.    COLORES Y FRAGANCIAS DISPONIBLES:    AZUL: Brisa del mar  AMARILLO: Primavera  LILA: Lavanda  ROSA: Rosas   es de 110 gr\" \/>\n<meta property=\"og:url\" content=\"https:\/\/jazaguilar.com\/?product=perlas-aromtizantes-de-ropa\" \/>\n<meta property=\"og:site_name\" content=\"Jazaguilar\" \/>\n<meta property=\"og:image\" content=\"https:\/\/jazaguilar.com\/wp-content\/uploads\/2026\/04\/2267725723762927-1.jpg\" \/>\n\t<meta property=\"og:image:width\" content=\"736\" \/>\n\t<meta property=\"og:image:height\" content=\"736\" \/>\n\t<meta property=\"og:image:type\" content=\"image\/jpeg\" \/>\n<meta name=\"twitter:card\" content=\"summary_large_image\" \/>\n<meta name=\"twitter:label1\" content=\"Tiempo de lectura\" \/>\n\t<meta name=\"twitter:data1\" content=\"1 minuto\" \/>\n<script type=\"application\/ld+json\" class=\"yoast-schema-graph\">{\"@context\":\"https:\/\/schema.org\",\"@graph\":[{\"@type\":\"WebPage\",\"@id\":\"https:\/\/jazaguilar.com\/?product=perlas-aromtizantes-de-ropa\",\"url\":\"https:\/\/jazaguilar.com\/?product=perlas-aromtizantes-de-ropa\",\"name\":\"Perlas Aromtizantes De Ropa - Jazaguilar\",\"isPartOf\":{\"@id\":\"https:\/\/jazaguilar.com\/#website\"},\"primaryImageOfPage\":{\"@id\":\"https:\/\/jazaguilar.com\/?product=perlas-aromtizantes-de-ropa#primaryimage\"},\"image\":{\"@id\":\"https:\/\/jazaguilar.com\/?product=perlas-aromtizantes-de-ropa#primaryimage\"},\"thumbnailUrl\":\"https:\/\/jazaguilar.com\/wp-content\/uploads\/2026\/04\/2267725723762927-1.jpg\",\"datePublished\":\"2026-05-01T03:56:29+00:00\",\"dateModified\":\"2026-05-01T03:56:29+00:00\",\"breadcrumb\":{\"@id\":\"https:\/\/jazaguilar.com\/?product=perlas-aromtizantes-de-ropa#breadcrumb\"},\"inLanguage\":\"es\",\"potentialAction\":[{\"@type\":\"ReadAction\",\"target\":[\"https:\/\/jazaguilar.com\/?product=perlas-aromtizantes-de-ropa\"]}]},{\"@type\":\"ImageObject\",\"inLanguage\":\"es\",\"@id\":\"https:\/\/jazaguilar.com\/?product=perlas-aromtizantes-de-ropa#primaryimage\",\"url\":\"https:\/\/jazaguilar.com\/wp-content\/uploads\/2026\/04\/2267725723762927-1.jpg\",\"contentUrl\":\"https:\/\/jazaguilar.com\/wp-content\/uploads\/2026\/04\/2267725723762927-1.jpg\",\"width\":736,\"height\":736},{\"@type\":\"BreadcrumbList\",\"@id\":\"https:\/\/jazaguilar.com\/?product=perlas-aromtizantes-de-ropa#breadcrumb\",\"itemListElement\":[{\"@type\":\"ListItem\",\"position\":1,\"name\":\"Inicio\",\"item\":\"https:\/\/jazaguilar.com\/\"},{\"@type\":\"ListItem\",\"position\":2,\"name\":\"Shop\",\"item\":\"https:\/\/jazaguilar.com\/?page_id=882\"},{\"@type\":\"ListItem\",\"position\":3,\"name\":\"Perlas Aromtizantes De Ropa\"}]},{\"@type\":\"WebSite\",\"@id\":\"https:\/\/jazaguilar.com\/#website\",\"url\":\"https:\/\/jazaguilar.com\/\",\"name\":\"Jazaguilar\",\"description\":\"Cosmeticos &amp; Accesorios\",\"potentialAction\":[{\"@type\":\"SearchAction\",\"target\":{\"@type\":\"EntryPoint\",\"urlTemplate\":\"https:\/\/jazaguilar.com\/?s={search_term_string}\"},\"query-input\":{\"@type\":\"PropertyValueSpecification\",\"valueRequired\":true,\"valueName\":\"search_term_string\"}}],\"inLanguage\":\"es\"}]}<\/script>\n<!-- \/ Yoast SEO plugin. -->","yoast_head_json":{"title":"Perlas Aromtizantes De Ropa - Jazaguilar","robots":{"index":"index","follow":"follow","max-snippet":"max-snippet:-1","max-image-preview":"max-image-preview:large","max-video-preview":"max-video-preview:-1"},"canonical":"https:\/\/jazaguilar.com\/?product=perlas-aromtizantes-de-ropa","og_locale":"es_MX","og_type":"article","og_title":"Perlas Aromtizantes De Ropa - Jazaguilar","og_description":"\ud835\udc0f\ud835\udc1e\ud835\udc2b\ud835\udc25\ud835\udc1a\ud835\udc2c \ud835\udc00\ud835\udc2b\ud835\udc28\ud835\udc26\ud835\udc1a\ud835\udc2d\ud835\udc22\ud835\udc33\ud835\udc1a\ud835\udc27\ud835\udc2d\ud835\udc1e\ud835\udc2c \ud835\udc1d\ud835\udc1e \ud835\udc11\ud835\udc28\ud835\udc29\ud835\udc1a   Aprovecha nuestras incre\u00edbles ofertas   Cada color es un aroma diferente, todos huelen delicioso    aroma duradero  Para todo tipo de ropa.  F\u00e1cil de disolver.  El movimiento y la fricci\u00f3n en la ropa libera las microc\u00e1psulas de aroma.    COLORES Y FRAGANCIAS DISPONIBLES:    AZUL: Brisa del mar  AMARILLO: Primavera  LILA: Lavanda  ROSA: Rosas   es de 110 gr","og_url":"https:\/\/jazaguilar.com\/?product=perlas-aromtizantes-de-ropa","og_site_name":"Jazaguilar","og_image":[{"width":736,"height":736,"url":"https:\/\/jazaguilar.com\/wp-content\/uploads\/2026\/04\/2267725723762927-1.jpg","type":"image\/jpeg"}],"twitter_card":"summary_large_image","twitter_misc":{"Tiempo de lectura":"1 minuto"},"schema":{"@context":"https:\/\/schema.org","@graph":[{"@type":"WebPage","@id":"https:\/\/jazaguilar.com\/?product=perlas-aromtizantes-de-ropa","url":"https:\/\/jazaguilar.com\/?product=perlas-aromtizantes-de-ropa","name":"Perlas Aromtizantes De Ropa - Jazaguilar","isPartOf":{"@id":"https:\/\/jazaguilar.com\/#website"},"primaryImageOfPage":{"@id":"https:\/\/jazaguilar.com\/?product=perlas-aromtizantes-de-ropa#primaryimage"},"image":{"@id":"https:\/\/jazaguilar.com\/?product=perlas-aromtizantes-de-ropa#primaryimage"},"thumbnailUrl":"https:\/\/jazaguilar.com\/wp-content\/uploads\/2026\/04\/2267725723762927-1.jpg","datePublished":"2026-05-01T03:56:29+00:00","dateModified":"2026-05-01T03:56:29+00:00","breadcrumb":{"@id":"https:\/\/jazaguilar.com\/?product=perlas-aromtizantes-de-ropa#breadcrumb"},"inLanguage":"es","potentialAction":[{"@type":"ReadAction","target":["https:\/\/jazaguilar.com\/?product=perlas-aromtizantes-de-ropa"]}]},{"@type":"ImageObject","inLanguage":"es","@id":"https:\/\/jazaguilar.com\/?product=perlas-aromtizantes-de-ropa#primaryimage","url":"https:\/\/jazaguilar.com\/wp-content\/uploads\/2026\/04\/2267725723762927-1.jpg","contentUrl":"https:\/\/jazaguilar.com\/wp-content\/uploads\/2026\/04\/2267725723762927-1.jpg","width":736,"height":736},{"@type":"BreadcrumbList","@id":"https:\/\/jazaguilar.com\/?product=perlas-aromtizantes-de-ropa#breadcrumb","itemListElement":[{"@type":"ListItem","position":1,"name":"Inicio","item":"https:\/\/jazaguilar.com\/"},{"@type":"ListItem","position":2,"name":"Shop","item":"https:\/\/jazaguilar.com\/?page_id=882"},{"@type":"ListItem","position":3,"name":"Perlas Aromtizantes De Ropa"}]},{"@type":"WebSite","@id":"https:\/\/jazaguilar.com\/#website","url":"https:\/\/jazaguilar.com\/","name":"Jazaguilar","description":"Cosmeticos &amp; Accesorios","potentialAction":[{"@type":"SearchAction","target":{"@type":"EntryPoint","urlTemplate":"https:\/\/jazaguilar.com\/?s={search_term_string}"},"query-input":{"@type":"PropertyValueSpecification","valueRequired":true,"valueName":"search_term_string"}}],"inLanguage":"es"}]}},"_links":{"self":[{"href":"https:\/\/jazaguilar.com\/index.php?rest_route=\/wp\/v2\/product\/63775","targetHints":{"allow":["GET"]}}],"collection":[{"href":"https:\/\/jazaguilar.com\/index.php?rest_route=\/wp\/v2\/product"}],"about":[{"href":"https:\/\/jazaguilar.com\/index.php?rest_route=\/wp\/v2\/types\/product"}],"wp:featuredmedia":[{"embeddable":true,"href":"https:\/\/jazaguilar.com\/index.php?rest_route=\/wp\/v2\/media\/63777"}],"wp:attachment":[{"href":"https:\/\/jazaguilar.com\/index.php?rest_route=%2Fwp%2Fv2%2Fmedia&parent=63775"}],"wp:term":[{"taxonomy":"product_cat","embeddable":true,"href":"https:\/\/jazaguilar.com\/index.php?rest_route=%2Fwp%2Fv2%2Fproduct_cat&post=63775"},{"taxonomy":"product_tag","embeddable":true,"href":"https:\/\/jazaguilar.com\/index.php?rest_route=%2Fwp%2Fv2%2Fproduct_tag&post=63775"}],"curies":[{"name":"wp","href":"https:\/\/api.w.org\/{rel}","templated":true}]}}