{"id":63519,"date":"2026-04-12T15:18:51","date_gmt":"2026-04-12T20:18:51","guid":{"rendered":"https:\/\/jazaguilar.com\/?post_type=product&#038;p=63519"},"modified":"2026-04-12T15:18:51","modified_gmt":"2026-04-12T20:18:51","slug":"cortina-mosquitera-de-ventana","status":"publish","type":"product","link":"https:\/\/jazaguilar.com\/?product=cortina-mosquitera-de-ventana","title":{"rendered":"Cortina Mosquitera De Ventana"},"content":{"rendered":"<p><strong>\ud83d\udcb8\ud83d\udcb5\ud83d\udcb8\ud835\ude42\ud835\ude3c\ud835\ude49\ud835\ude3c\ud835\ude4e \ud835\ude4b\ud835\ude4a\ud835\ude4d \ud835\ude4c\ud835\ude50\ud835\ude40 \ud835\ude42\ud835\ude3c\ud835\ude49\ud835\ude3c\ud835\ude4e\ud83d\udcb8\ud83d\udcb5\ud83d\udcb8<\/strong><\/p>\n<p><strong>\ud83d\udce4Env\u00edos a toda la Rep\u00fablica \ud83d\udce6<\/strong><\/p>\n<p>&nbsp;<\/p>\n","protected":false},"excerpt":{"rendered":"<div class=\"xdj266r x14z9mp xat24cr x1lziwak x1vvkbs x126k92a\">\n<div dir=\"auto\"><strong><span class=\"html-span xexx8yu xyri2b x18d9i69 x1c1uobl x1hl2dhg x16tdsg8 x1vvkbs x3nfvp2 x1j61x8r x1fcty0u xdj266r xat24cr xm2jcoa x1mpyi22 xxymvpz xlup9mm x1kky2od\"><img loading=\"lazy\" decoding=\"async\" class=\"xz74otr x15mokao x1ga7v0g x16uus16 xbiv7yw\" src=\"https:\/\/static.xx.fbcdn.net\/images\/emoji.php\/v9\/t5e\/1\/16\/1f99f.png\" alt=\"\ud83e\udd9f\" width=\"16\" height=\"16\" \/><\/span>Cortina mosquitera de ventana<span class=\"html-span xexx8yu xyri2b x18d9i69 x1c1uobl x1hl2dhg x16tdsg8 x1vvkbs x3nfvp2 x1j61x8r x1fcty0u xdj266r xat24cr xm2jcoa x1mpyi22 xxymvpz xlup9mm x1kky2od\"><img loading=\"lazy\" decoding=\"async\" class=\"xz74otr x15mokao x1ga7v0g x16uus16 xbiv7yw\" src=\"https:\/\/static.xx.fbcdn.net\/images\/emoji.php\/v9\/t5e\/1\/16\/1f99f.png\" alt=\"\ud83e\udd9f\" width=\"16\" height=\"16\" \/><\/span><\/strong><\/div>\n<\/div>\n<div class=\"x14z9mp xat24cr x1lziwak x1vvkbs xtlvy1s x126k92a\">\n<div dir=\"auto\"><strong><span class=\"html-span xexx8yu xyri2b x18d9i69 x1c1uobl x1hl2dhg x16tdsg8 x1vvkbs x3nfvp2 x1j61x8r x1fcty0u xdj266r xat24cr xm2jcoa x1mpyi22 xxymvpz xlup9mm x1kky2od\"><img loading=\"lazy\" decoding=\"async\" class=\"xz74otr x15mokao x1ga7v0g x16uus16 xbiv7yw\" src=\"https:\/\/static.xx.fbcdn.net\/images\/emoji.php\/v9\/t77\/1\/16\/203c.png\" alt=\"\u203c\ufe0f\" width=\"16\" height=\"16\" \/><\/span><span class=\"html-span xexx8yu xyri2b x18d9i69 x1c1uobl x1hl2dhg x16tdsg8 x1vvkbs x3nfvp2 x1j61x8r x1fcty0u xdj266r xat24cr xm2jcoa x1mpyi22 xxymvpz xlup9mm x1kky2od\"><img loading=\"lazy\" decoding=\"async\" class=\"xz74otr x15mokao x1ga7v0g x16uus16 xbiv7yw\" src=\"https:\/\/static.xx.fbcdn.net\/images\/emoji.php\/v9\/t77\/1\/16\/203c.png\" alt=\"\u203c\ufe0f\" width=\"16\" height=\"16\" \/><\/span><span class=\"html-span xexx8yu xyri2b x18d9i69 x1c1uobl x1hl2dhg x16tdsg8 x1vvkbs x3nfvp2 x1j61x8r x1fcty0u xdj266r xat24cr xm2jcoa x1mpyi22 xxymvpz xlup9mm x1kky2od\"><img loading=\"lazy\" decoding=\"async\" class=\"xz74otr x15mokao x1ga7v0g x16uus16 xbiv7yw\" src=\"https:\/\/static.xx.fbcdn.net\/images\/emoji.php\/v9\/t77\/1\/16\/203c.png\" alt=\"\u203c\ufe0f\" width=\"16\" height=\"16\" \/><\/span>\ud835\ude4a\ud835\ude41\ud835\ude40\ud835\ude4d\ud835\ude4f\ud835\ude3c<span class=\"html-span xexx8yu xyri2b x18d9i69 x1c1uobl x1hl2dhg x16tdsg8 x1vvkbs x3nfvp2 x1j61x8r x1fcty0u xdj266r xat24cr xm2jcoa x1mpyi22 xxymvpz xlup9mm x1kky2od\"><img loading=\"lazy\" decoding=\"async\" class=\"xz74otr x15mokao x1ga7v0g x16uus16 xbiv7yw\" src=\"https:\/\/static.xx.fbcdn.net\/images\/emoji.php\/v9\/t77\/1\/16\/203c.png\" alt=\"\u203c\ufe0f\" width=\"16\" height=\"16\" \/><\/span><span class=\"html-span xexx8yu xyri2b x18d9i69 x1c1uobl x1hl2dhg x16tdsg8 x1vvkbs x3nfvp2 x1j61x8r x1fcty0u xdj266r xat24cr xm2jcoa x1mpyi22 xxymvpz xlup9mm x1kky2od\"><img loading=\"lazy\" decoding=\"async\" class=\"xz74otr x15mokao x1ga7v0g x16uus16 xbiv7yw\" src=\"https:\/\/static.xx.fbcdn.net\/images\/emoji.php\/v9\/t77\/1\/16\/203c.png\" alt=\"\u203c\ufe0f\" width=\"16\" height=\"16\" \/><\/span><span class=\"html-span xexx8yu xyri2b x18d9i69 x1c1uobl x1hl2dhg x16tdsg8 x1vvkbs x3nfvp2 x1j61x8r x1fcty0u xdj266r xat24cr xm2jcoa x1mpyi22 xxymvpz xlup9mm x1kky2od\"><img loading=\"lazy\" decoding=\"async\" class=\"xz74otr x15mokao x1ga7v0g x16uus16 xbiv7yw\" src=\"https:\/\/static.xx.fbcdn.net\/images\/emoji.php\/v9\/t77\/1\/16\/203c.png\" alt=\"\u203c\ufe0f\" width=\"16\" height=\"16\" \/><\/span><\/strong><\/div>\n<\/div>\n<div class=\"x14z9mp xat24cr x1lziwak x1vvkbs xtlvy1s x126k92a\">\n<div dir=\"auto\"><strong><span class=\"html-span xexx8yu xyri2b x18d9i69 x1c1uobl x1hl2dhg x16tdsg8 x1vvkbs x3nfvp2 x1j61x8r x1fcty0u xdj266r xat24cr xm2jcoa x1mpyi22 xxymvpz xlup9mm x1kky2od\"><img loading=\"lazy\" decoding=\"async\" class=\"xz74otr x15mokao x1ga7v0g x16uus16 xbiv7yw\" src=\"https:\/\/static.xx.fbcdn.net\/images\/emoji.php\/v9\/t50\/1\/16\/1f525.png\" alt=\"\ud83d\udd25\" width=\"16\" height=\"16\" \/><\/span><span class=\"html-span xexx8yu xyri2b x18d9i69 x1c1uobl x1hl2dhg x16tdsg8 x1vvkbs x3nfvp2 x1j61x8r x1fcty0u xdj266r xat24cr xm2jcoa x1mpyi22 xxymvpz xlup9mm x1kky2od\"><img loading=\"lazy\" decoding=\"async\" class=\"xz74otr x15mokao x1ga7v0g x16uus16 xbiv7yw\" src=\"https:\/\/static.xx.fbcdn.net\/images\/emoji.php\/v9\/t50\/1\/16\/1f525.png\" alt=\"\ud83d\udd25\" width=\"16\" height=\"16\" \/><\/span><span class=\"html-span xexx8yu xyri2b x18d9i69 x1c1uobl x1hl2dhg x16tdsg8 x1vvkbs x3nfvp2 x1j61x8r x1fcty0u xdj266r xat24cr xm2jcoa x1mpyi22 xxymvpz xlup9mm x1kky2od\"><img loading=\"lazy\" decoding=\"async\" class=\"xz74otr x15mokao x1ga7v0g x16uus16 xbiv7yw\" src=\"https:\/\/static.xx.fbcdn.net\/images\/emoji.php\/v9\/t5c\/1\/16\/1f4b2.png\" alt=\"\ud83d\udcb2\" width=\"16\" height=\"16\" \/><\/span><span class=\"html-span xexx8yu xyri2b x18d9i69 x1c1uobl x1hl2dhg x16tdsg8 x1vvkbs x3nfvp2 x1j61x8r x1fcty0u xdj266r xat24cr xm2jcoa x1mpyi22 xxymvpz xlup9mm x1kky2od\"><img loading=\"lazy\" decoding=\"async\" class=\"xz74otr x15mokao x1ga7v0g x16uus16 xbiv7yw\" src=\"https:\/\/static.xx.fbcdn.net\/images\/emoji.php\/v9\/t99\/1\/16\/32_20e3.png\" alt=\"2\ufe0f\u20e3\" width=\"16\" height=\"16\" \/><\/span><span class=\"html-span xexx8yu xyri2b x18d9i69 x1c1uobl x1hl2dhg x16tdsg8 x1vvkbs x3nfvp2 x1j61x8r x1fcty0u xdj266r xat24cr xm2jcoa x1mpyi22 xxymvpz xlup9mm x1kky2od\"><img loading=\"lazy\" decoding=\"async\" class=\"xz74otr x15mokao x1ga7v0g x16uus16 xbiv7yw\" src=\"https:\/\/static.xx.fbcdn.net\/images\/emoji.php\/v9\/t72\/1\/16\/39_20e3.png\" alt=\"9\ufe0f\u20e3\" width=\"16\" height=\"16\" \/><\/span><span class=\"html-span xexx8yu xyri2b x18d9i69 x1c1uobl x1hl2dhg x16tdsg8 x1vvkbs x3nfvp2 x1j61x8r x1fcty0u xdj266r xat24cr xm2jcoa x1mpyi22 xxymvpz xlup9mm x1kky2od\"><img loading=\"lazy\" decoding=\"async\" class=\"xz74otr x15mokao x1ga7v0g x16uus16 xbiv7yw\" src=\"https:\/\/static.xx.fbcdn.net\/images\/emoji.php\/v9\/t50\/1\/16\/1f525.png\" alt=\"\ud83d\udd25\" width=\"16\" height=\"16\" \/><\/span><span class=\"html-span xexx8yu xyri2b x18d9i69 x1c1uobl x1hl2dhg x16tdsg8 x1vvkbs x3nfvp2 x1j61x8r x1fcty0u xdj266r xat24cr xm2jcoa x1mpyi22 xxymvpz xlup9mm x1kky2od\"><img loading=\"lazy\" decoding=\"async\" class=\"xz74otr x15mokao x1ga7v0g x16uus16 xbiv7yw\" src=\"https:\/\/static.xx.fbcdn.net\/images\/emoji.php\/v9\/t50\/1\/16\/1f525.png\" alt=\"\ud83d\udd25\" width=\"16\" height=\"16\" \/><\/span><span class=\"html-span xexx8yu xyri2b x18d9i69 x1c1uobl x1hl2dhg x16tdsg8 x1vvkbs x3nfvp2 x1j61x8r x1fcty0u xdj266r xat24cr xm2jcoa x1mpyi22 xxymvpz xlup9mm x1kky2od\"><img loading=\"lazy\" decoding=\"async\" class=\"xz74otr x15mokao x1ga7v0g x16uus16 xbiv7yw\" src=\"https:\/\/static.xx.fbcdn.net\/images\/emoji.php\/v9\/t50\/1\/16\/1f525.png\" alt=\"\ud83d\udd25\" width=\"16\" height=\"16\" \/><\/span><\/strong><\/div>\n<\/div>\n<div class=\"x14z9mp xat24cr x1lziwak x1vvkbs xtlvy1s x126k92a\">\n<div dir=\"auto\"><strong><span class=\"html-span xexx8yu xyri2b x18d9i69 x1c1uobl x1hl2dhg x16tdsg8 x1vvkbs x3nfvp2 x1j61x8r x1fcty0u xdj266r xat24cr xm2jcoa x1mpyi22 xxymvpz xlup9mm x1kky2od\"><img loading=\"lazy\" decoding=\"async\" class=\"xz74otr x15mokao x1ga7v0g x16uus16 xbiv7yw\" src=\"https:\/\/static.xx.fbcdn.net\/images\/emoji.php\/v9\/t0\/1\/16\/1f5a4.png\" alt=\"\ud83d\udda4\" width=\"16\" height=\"16\" \/><\/span>Medidas 1.5m x 1.5m<span class=\"html-span xexx8yu xyri2b x18d9i69 x1c1uobl x1hl2dhg x16tdsg8 x1vvkbs x3nfvp2 x1j61x8r x1fcty0u xdj266r xat24cr xm2jcoa x1mpyi22 xxymvpz xlup9mm x1kky2od\"><img loading=\"lazy\" decoding=\"async\" class=\"xz74otr x15mokao x1ga7v0g x16uus16 xbiv7yw\" src=\"https:\/\/static.xx.fbcdn.net\/images\/emoji.php\/v9\/t0\/1\/16\/1f5a4.png\" alt=\"\ud83d\udda4\" width=\"16\" height=\"16\" \/><\/span><\/strong><\/div>\n<\/div>\n<div class=\"x14z9mp xat24cr x1lziwak x1vvkbs xtlvy1s x126k92a\">\n<div dir=\"auto\"><strong><span class=\"html-span xexx8yu xyri2b x18d9i69 x1c1uobl x1hl2dhg x16tdsg8 x1vvkbs x3nfvp2 x1j61x8r x1fcty0u xdj266r xat24cr xm2jcoa x1mpyi22 xxymvpz xlup9mm x1kky2od\"><img loading=\"lazy\" decoding=\"async\" class=\"xz74otr x15mokao x1ga7v0g x16uus16 xbiv7yw\" src=\"https:\/\/static.xx.fbcdn.net\/images\/emoji.php\/v9\/ta\/1\/16\/1f343.png\" alt=\"\ud83c\udf43\" width=\"16\" height=\"16\" \/><\/span>Deje la ventana abierta para disfrutar del aire libre.<\/strong><\/div>\n<div dir=\"auto\"><strong><span class=\"html-span xexx8yu xyri2b x18d9i69 x1c1uobl x1hl2dhg x16tdsg8 x1vvkbs x3nfvp2 x1j61x8r x1fcty0u xdj266r xat24cr xm2jcoa x1mpyi22 xxymvpz xlup9mm x1kky2od\"><img loading=\"lazy\" decoding=\"async\" class=\"xz74otr x15mokao x1ga7v0g x16uus16 xbiv7yw\" src=\"https:\/\/static.xx.fbcdn.net\/images\/emoji.php\/v9\/t6f\/1\/16\/1f337.png\" alt=\"\ud83c\udf37\" width=\"16\" height=\"16\" \/><\/span>No se preocupe de las moscas, polillas, insectos, zancudos, avispas, etc.<\/strong><\/div>\n<div dir=\"auto\"><strong><span class=\"html-span xexx8yu xyri2b x18d9i69 x1c1uobl x1hl2dhg x16tdsg8 x1vvkbs x3nfvp2 x1j61x8r x1fcty0u xdj266r xat24cr xm2jcoa x1mpyi22 xxymvpz xlup9mm x1kky2od\"><img loading=\"lazy\" decoding=\"async\" class=\"xz74otr x15mokao x1ga7v0g x16uus16 xbiv7yw\" src=\"https:\/\/static.xx.fbcdn.net\/images\/emoji.php\/v9\/t33\/1\/16\/2705.png\" alt=\"\u2705\" width=\"16\" height=\"16\" \/><\/span> Incluye cinta de velcro de 6m<\/strong><\/div>\n<div dir=\"auto\"><strong><span class=\"html-span xexx8yu xyri2b x18d9i69 x1c1uobl x1hl2dhg x16tdsg8 x1vvkbs x3nfvp2 x1j61x8r x1fcty0u xdj266r xat24cr xm2jcoa x1mpyi22 xxymvpz xlup9mm x1kky2od\"><img loading=\"lazy\" decoding=\"async\" class=\"xz74otr x15mokao x1ga7v0g x16uus16 xbiv7yw\" src=\"https:\/\/static.xx.fbcdn.net\/images\/emoji.php\/v9\/t9e\/1\/16\/1f41c.png\" alt=\"\ud83d\udc1c\" width=\"16\" height=\"16\" \/><\/span> Cortina mosquetera magn\u00e9tica para puerta y ventanas<\/strong><\/div>\n<div dir=\"auto\"><strong><span class=\"html-span xexx8yu xyri2b x18d9i69 x1c1uobl x1hl2dhg x16tdsg8 x1vvkbs x3nfvp2 x1j61x8r x1fcty0u xdj266r xat24cr xm2jcoa x1mpyi22 xxymvpz xlup9mm x1kky2od\"><img loading=\"lazy\" decoding=\"async\" class=\"xz74otr x15mokao x1ga7v0g x16uus16 xbiv7yw\" src=\"https:\/\/static.xx.fbcdn.net\/images\/emoji.php\/v9\/t6d\/1\/16\/1f577.png\" alt=\"\ud83d\udd77\ufe0f\" width=\"16\" height=\"16\" \/><\/span>f\u00e1cil de instalar y quitar.<\/strong><\/div>\n<div dir=\"auto\"><strong><span class=\"html-span xexx8yu xyri2b x18d9i69 x1c1uobl x1hl2dhg x16tdsg8 x1vvkbs x3nfvp2 x1j61x8r x1fcty0u xdj266r xat24cr xm2jcoa x1mpyi22 xxymvpz xlup9mm x1kky2od\"><img loading=\"lazy\" decoding=\"async\" class=\"xz74otr x15mokao x1ga7v0g x16uus16 xbiv7yw\" src=\"https:\/\/static.xx.fbcdn.net\/images\/emoji.php\/v9\/t90\/1\/16\/1f426.png\" alt=\"\ud83d\udc26\" width=\"16\" height=\"16\" \/><\/span>ligera, lavable.<\/strong><\/div>\n<div dir=\"auto\"><strong><span class=\"html-span xexx8yu xyri2b x18d9i69 x1c1uobl x1hl2dhg x16tdsg8 x1vvkbs x3nfvp2 x1j61x8r x1fcty0u xdj266r xat24cr xm2jcoa x1mpyi22 xxymvpz xlup9mm x1kky2od\"><img loading=\"lazy\" decoding=\"async\" class=\"xz74otr x15mokao x1ga7v0g x16uus16 xbiv7yw\" src=\"https:\/\/static.xx.fbcdn.net\/images\/emoji.php\/v9\/t1f\/1\/16\/1f41d.png\" alt=\"\ud83d\udc1d\" width=\"16\" height=\"16\" \/><\/span>F\u00e1cil de instalar y quitar.<\/strong><\/div>\n<div dir=\"auto\"><strong><span class=\"html-span xexx8yu xyri2b x18d9i69 x1c1uobl x1hl2dhg x16tdsg8 x1vvkbs x3nfvp2 x1j61x8r x1fcty0u xdj266r xat24cr xm2jcoa x1mpyi22 xxymvpz xlup9mm x1kky2od\"><img loading=\"lazy\" decoding=\"async\" class=\"xz74otr x15mokao x1ga7v0g x16uus16 xbiv7yw\" src=\"https:\/\/static.xx.fbcdn.net\/images\/emoji.php\/v9\/t70\/1\/16\/1f415.png\" alt=\"\ud83d\udc15\ufe0f\" width=\"16\" height=\"16\" \/><\/span>Se puede abrir f\u00e1cilmente y cerrar \ufe0fautom\u00e1ticamente con imanes.<\/strong><\/div>\n<div dir=\"auto\"><strong><span class=\"html-span xexx8yu xyri2b x18d9i69 x1c1uobl x1hl2dhg x16tdsg8 x1vvkbs x3nfvp2 x1j61x8r x1fcty0u xdj266r xat24cr xm2jcoa x1mpyi22 xxymvpz xlup9mm x1kky2od\"><img loading=\"lazy\" decoding=\"async\" class=\"xz74otr x15mokao x1ga7v0g x16uus16 xbiv7yw\" src=\"https:\/\/static.xx.fbcdn.net\/images\/emoji.php\/v9\/ta0\/1\/16\/1f41e.png\" alt=\"\ud83d\udc1e\" width=\"16\" height=\"16\" \/><\/span>Material 100% poli\u00e9ster<\/strong><\/div>\n<\/div>\n","protected":false},"featured_media":63521,"template":"","meta":[],"product_cat":[87],"product_tag":[],"class_list":{"0":"post-63519","1":"product","2":"type-product","3":"status-publish","4":"has-post-thumbnail","6":"product_cat-accesorios-de-temporada","8":"first","9":"instock","10":"shipping-taxable","11":"purchasable","12":"product-type-simple"},"tiered_pricing_type":"fixed","tiered_pricing_fixed_rules":[],"yoast_head":"<!-- This site is optimized with the Yoast SEO plugin v23.9 - https:\/\/yoast.com\/wordpress\/plugins\/seo\/ -->\n<title>Cortina Mosquitera De Ventana - Jazaguilar<\/title>\n<meta name=\"robots\" content=\"index, follow, max-snippet:-1, max-image-preview:large, max-video-preview:-1\" \/>\n<link rel=\"canonical\" href=\"https:\/\/jazaguilar.com\/?product=cortina-mosquitera-de-ventana\" \/>\n<meta property=\"og:locale\" content=\"es_MX\" \/>\n<meta property=\"og:type\" content=\"article\" \/>\n<meta property=\"og:title\" content=\"Cortina Mosquitera De Ventana - Jazaguilar\" \/>\n<meta property=\"og:description\" content=\"Cortina mosquitera de ventana   \ud835\ude4a\ud835\ude41\ud835\ude40\ud835\ude4d\ud835\ude4f\ud835\ude3c      Medidas 1.5m x 1.5m   Deje la ventana abierta para disfrutar del aire libre. No se preocupe de las moscas, polillas, insectos, zancudos, avispas, etc.  Incluye cinta de velcro de 6m  Cortina mosquetera magn\u00e9tica para puerta y ventanas f\u00e1cil de instalar y quitar. ligera, lavable. F\u00e1cil de instalar y quitar. Se puede abrir f\u00e1cilmente y cerrar \ufe0fautom\u00e1ticamente con imanes. Material 100% poli\u00e9ster\" \/>\n<meta property=\"og:url\" content=\"https:\/\/jazaguilar.com\/?product=cortina-mosquitera-de-ventana\" \/>\n<meta property=\"og:site_name\" content=\"Jazaguilar\" \/>\n<meta property=\"og:image\" content=\"https:\/\/jazaguilar.com\/wp-content\/uploads\/2026\/04\/2255237288345104-1.jpg\" \/>\n\t<meta property=\"og:image:width\" content=\"1250\" \/>\n\t<meta property=\"og:image:height\" content=\"1066\" \/>\n\t<meta property=\"og:image:type\" content=\"image\/jpeg\" \/>\n<meta name=\"twitter:card\" content=\"summary_large_image\" \/>\n<meta name=\"twitter:label1\" content=\"Tiempo de lectura\" \/>\n\t<meta name=\"twitter:data1\" content=\"1 minuto\" \/>\n<script type=\"application\/ld+json\" class=\"yoast-schema-graph\">{\"@context\":\"https:\/\/schema.org\",\"@graph\":[{\"@type\":\"WebPage\",\"@id\":\"https:\/\/jazaguilar.com\/?product=cortina-mosquitera-de-ventana\",\"url\":\"https:\/\/jazaguilar.com\/?product=cortina-mosquitera-de-ventana\",\"name\":\"Cortina Mosquitera De Ventana - Jazaguilar\",\"isPartOf\":{\"@id\":\"https:\/\/jazaguilar.com\/#website\"},\"primaryImageOfPage\":{\"@id\":\"https:\/\/jazaguilar.com\/?product=cortina-mosquitera-de-ventana#primaryimage\"},\"image\":{\"@id\":\"https:\/\/jazaguilar.com\/?product=cortina-mosquitera-de-ventana#primaryimage\"},\"thumbnailUrl\":\"https:\/\/jazaguilar.com\/wp-content\/uploads\/2026\/04\/2255237288345104-1.jpg\",\"datePublished\":\"2026-04-12T20:18:51+00:00\",\"dateModified\":\"2026-04-12T20:18:51+00:00\",\"breadcrumb\":{\"@id\":\"https:\/\/jazaguilar.com\/?product=cortina-mosquitera-de-ventana#breadcrumb\"},\"inLanguage\":\"es\",\"potentialAction\":[{\"@type\":\"ReadAction\",\"target\":[\"https:\/\/jazaguilar.com\/?product=cortina-mosquitera-de-ventana\"]}]},{\"@type\":\"ImageObject\",\"inLanguage\":\"es\",\"@id\":\"https:\/\/jazaguilar.com\/?product=cortina-mosquitera-de-ventana#primaryimage\",\"url\":\"https:\/\/jazaguilar.com\/wp-content\/uploads\/2026\/04\/2255237288345104-1.jpg\",\"contentUrl\":\"https:\/\/jazaguilar.com\/wp-content\/uploads\/2026\/04\/2255237288345104-1.jpg\",\"width\":1250,\"height\":1066},{\"@type\":\"BreadcrumbList\",\"@id\":\"https:\/\/jazaguilar.com\/?product=cortina-mosquitera-de-ventana#breadcrumb\",\"itemListElement\":[{\"@type\":\"ListItem\",\"position\":1,\"name\":\"Inicio\",\"item\":\"https:\/\/jazaguilar.com\/\"},{\"@type\":\"ListItem\",\"position\":2,\"name\":\"Shop\",\"item\":\"https:\/\/jazaguilar.com\/?page_id=882\"},{\"@type\":\"ListItem\",\"position\":3,\"name\":\"Cortina Mosquitera De Ventana\"}]},{\"@type\":\"WebSite\",\"@id\":\"https:\/\/jazaguilar.com\/#website\",\"url\":\"https:\/\/jazaguilar.com\/\",\"name\":\"Jazaguilar\",\"description\":\"Cosmeticos &amp; Accesorios\",\"potentialAction\":[{\"@type\":\"SearchAction\",\"target\":{\"@type\":\"EntryPoint\",\"urlTemplate\":\"https:\/\/jazaguilar.com\/?s={search_term_string}\"},\"query-input\":{\"@type\":\"PropertyValueSpecification\",\"valueRequired\":true,\"valueName\":\"search_term_string\"}}],\"inLanguage\":\"es\"}]}<\/script>\n<!-- \/ Yoast SEO plugin. -->","yoast_head_json":{"title":"Cortina Mosquitera De Ventana - Jazaguilar","robots":{"index":"index","follow":"follow","max-snippet":"max-snippet:-1","max-image-preview":"max-image-preview:large","max-video-preview":"max-video-preview:-1"},"canonical":"https:\/\/jazaguilar.com\/?product=cortina-mosquitera-de-ventana","og_locale":"es_MX","og_type":"article","og_title":"Cortina Mosquitera De Ventana - Jazaguilar","og_description":"Cortina mosquitera de ventana   \ud835\ude4a\ud835\ude41\ud835\ude40\ud835\ude4d\ud835\ude4f\ud835\ude3c      Medidas 1.5m x 1.5m   Deje la ventana abierta para disfrutar del aire libre. No se preocupe de las moscas, polillas, insectos, zancudos, avispas, etc.  Incluye cinta de velcro de 6m  Cortina mosquetera magn\u00e9tica para puerta y ventanas f\u00e1cil de instalar y quitar. ligera, lavable. F\u00e1cil de instalar y quitar. Se puede abrir f\u00e1cilmente y cerrar \ufe0fautom\u00e1ticamente con imanes. Material 100% poli\u00e9ster","og_url":"https:\/\/jazaguilar.com\/?product=cortina-mosquitera-de-ventana","og_site_name":"Jazaguilar","og_image":[{"width":1250,"height":1066,"url":"https:\/\/jazaguilar.com\/wp-content\/uploads\/2026\/04\/2255237288345104-1.jpg","type":"image\/jpeg"}],"twitter_card":"summary_large_image","twitter_misc":{"Tiempo de lectura":"1 minuto"},"schema":{"@context":"https:\/\/schema.org","@graph":[{"@type":"WebPage","@id":"https:\/\/jazaguilar.com\/?product=cortina-mosquitera-de-ventana","url":"https:\/\/jazaguilar.com\/?product=cortina-mosquitera-de-ventana","name":"Cortina Mosquitera De Ventana - Jazaguilar","isPartOf":{"@id":"https:\/\/jazaguilar.com\/#website"},"primaryImageOfPage":{"@id":"https:\/\/jazaguilar.com\/?product=cortina-mosquitera-de-ventana#primaryimage"},"image":{"@id":"https:\/\/jazaguilar.com\/?product=cortina-mosquitera-de-ventana#primaryimage"},"thumbnailUrl":"https:\/\/jazaguilar.com\/wp-content\/uploads\/2026\/04\/2255237288345104-1.jpg","datePublished":"2026-04-12T20:18:51+00:00","dateModified":"2026-04-12T20:18:51+00:00","breadcrumb":{"@id":"https:\/\/jazaguilar.com\/?product=cortina-mosquitera-de-ventana#breadcrumb"},"inLanguage":"es","potentialAction":[{"@type":"ReadAction","target":["https:\/\/jazaguilar.com\/?product=cortina-mosquitera-de-ventana"]}]},{"@type":"ImageObject","inLanguage":"es","@id":"https:\/\/jazaguilar.com\/?product=cortina-mosquitera-de-ventana#primaryimage","url":"https:\/\/jazaguilar.com\/wp-content\/uploads\/2026\/04\/2255237288345104-1.jpg","contentUrl":"https:\/\/jazaguilar.com\/wp-content\/uploads\/2026\/04\/2255237288345104-1.jpg","width":1250,"height":1066},{"@type":"BreadcrumbList","@id":"https:\/\/jazaguilar.com\/?product=cortina-mosquitera-de-ventana#breadcrumb","itemListElement":[{"@type":"ListItem","position":1,"name":"Inicio","item":"https:\/\/jazaguilar.com\/"},{"@type":"ListItem","position":2,"name":"Shop","item":"https:\/\/jazaguilar.com\/?page_id=882"},{"@type":"ListItem","position":3,"name":"Cortina Mosquitera De Ventana"}]},{"@type":"WebSite","@id":"https:\/\/jazaguilar.com\/#website","url":"https:\/\/jazaguilar.com\/","name":"Jazaguilar","description":"Cosmeticos &amp; Accesorios","potentialAction":[{"@type":"SearchAction","target":{"@type":"EntryPoint","urlTemplate":"https:\/\/jazaguilar.com\/?s={search_term_string}"},"query-input":{"@type":"PropertyValueSpecification","valueRequired":true,"valueName":"search_term_string"}}],"inLanguage":"es"}]}},"_links":{"self":[{"href":"https:\/\/jazaguilar.com\/index.php?rest_route=\/wp\/v2\/product\/63519","targetHints":{"allow":["GET"]}}],"collection":[{"href":"https:\/\/jazaguilar.com\/index.php?rest_route=\/wp\/v2\/product"}],"about":[{"href":"https:\/\/jazaguilar.com\/index.php?rest_route=\/wp\/v2\/types\/product"}],"wp:featuredmedia":[{"embeddable":true,"href":"https:\/\/jazaguilar.com\/index.php?rest_route=\/wp\/v2\/media\/63521"}],"wp:attachment":[{"href":"https:\/\/jazaguilar.com\/index.php?rest_route=%2Fwp%2Fv2%2Fmedia&parent=63519"}],"wp:term":[{"taxonomy":"product_cat","embeddable":true,"href":"https:\/\/jazaguilar.com\/index.php?rest_route=%2Fwp%2Fv2%2Fproduct_cat&post=63519"},{"taxonomy":"product_tag","embeddable":true,"href":"https:\/\/jazaguilar.com\/index.php?rest_route=%2Fwp%2Fv2%2Fproduct_tag&post=63519"}],"curies":[{"name":"wp","href":"https:\/\/api.w.org\/{rel}","templated":true}]}}