{"id":63390,"date":"2026-04-03T10:08:35","date_gmt":"2026-04-03T15:08:35","guid":{"rendered":"https:\/\/jazaguilar.com\/?post_type=product&#038;p=63390"},"modified":"2026-04-03T10:08:35","modified_gmt":"2026-04-03T15:08:35","slug":"pans-tie-dye-con-caritas","status":"publish","type":"product","link":"https:\/\/jazaguilar.com\/?product=pans-tie-dye-con-caritas","title":{"rendered":"Pans Tie Dye Con Caritas"},"content":{"rendered":"<p><strong>\ud83d\udcb8\ud83d\udcb5\ud83d\udcb8\ud835\ude42\ud835\ude3c\ud835\ude49\ud835\ude3c\ud835\ude4e \ud835\ude4b\ud835\ude4a\ud835\ude4d \ud835\ude4c\ud835\ude50\ud835\ude40 \ud835\ude42\ud835\ude3c\ud835\ude49\ud835\ude3c\ud835\ude4e\ud83d\udcb8\ud83d\udcb5\ud83d\udcb8<br \/>\n\ud83d\udce4Env\u00edos a toda la Rep\u00fablica \ud83d\udce6<\/strong><\/p>\n","protected":false},"excerpt":{"rendered":"<div class=\"xdj266r x14z9mp xat24cr x1lziwak x1vvkbs x126k92a\">\n<div dir=\"auto\"><strong><span class=\"html-span xexx8yu xyri2b x18d9i69 x1c1uobl x1hl2dhg x16tdsg8 x1vvkbs x3nfvp2 x1j61x8r x1fcty0u xdj266r xat24cr xm2jcoa x1mpyi22 xxymvpz xlup9mm x1kky2od\"><img loading=\"lazy\" decoding=\"async\" class=\"xz74otr x15mokao x1ga7v0g x16uus16 xbiv7yw\" src=\"https:\/\/static.xx.fbcdn.net\/images\/emoji.php\/v9\/tf4\/1\/16\/2728.png\" alt=\"\u2728\" width=\"16\" height=\"16\" \/><\/span><span class=\"html-span xexx8yu xyri2b x18d9i69 x1c1uobl x1hl2dhg x16tdsg8 x1vvkbs x3nfvp2 x1j61x8r x1fcty0u xdj266r xat24cr xm2jcoa x1mpyi22 xxymvpz xlup9mm x1kky2od\"><img loading=\"lazy\" decoding=\"async\" class=\"xz74otr x15mokao x1ga7v0g x16uus16 xbiv7yw\" src=\"https:\/\/static.xx.fbcdn.net\/images\/emoji.php\/v9\/t13\/1\/16\/1f308.png\" alt=\"\ud83c\udf08\" width=\"16\" height=\"16\" \/><\/span> \ud835\ude4b\ud835\ude3c\ud835\ude49\ud835\ude4e \ud835\ude4c\ud835\ude50\ud835\ude40 \ud835\ude4d\ud835\ude4a\ud835\ude3d\ud835\ude3c\ud835\ude49 \ud835\ude48\ud835\ude44\ud835\ude4d\ud835\ude3c\ud835\ude3f\ud835\ude3c\ud835\ude4e <span class=\"html-span xexx8yu xyri2b x18d9i69 x1c1uobl x1hl2dhg x16tdsg8 x1vvkbs x3nfvp2 x1j61x8r x1fcty0u xdj266r xat24cr xm2jcoa x1mpyi22 xxymvpz xlup9mm x1kky2od\"><img loading=\"lazy\" decoding=\"async\" class=\"xz74otr x15mokao x1ga7v0g x16uus16 xbiv7yw\" src=\"https:\/\/static.xx.fbcdn.net\/images\/emoji.php\/v9\/t2\/1\/16\/1f60d.png\" alt=\"\ud83d\ude0d\" width=\"16\" height=\"16\" \/><\/span><span class=\"html-span xexx8yu xyri2b x18d9i69 x1c1uobl x1hl2dhg x16tdsg8 x1vvkbs x3nfvp2 x1j61x8r x1fcty0u xdj266r xat24cr xm2jcoa x1mpyi22 xxymvpz xlup9mm x1kky2od\"><img loading=\"lazy\" decoding=\"async\" class=\"xz74otr x15mokao x1ga7v0g x16uus16 xbiv7yw\" src=\"https:\/\/static.xx.fbcdn.net\/images\/emoji.php\/v9\/t50\/1\/16\/1f525.png\" alt=\"\ud83d\udd25\" width=\"16\" height=\"16\" \/><\/span> <span class=\"html-span xexx8yu xyri2b x18d9i69 x1c1uobl x1hl2dhg x16tdsg8 x1vvkbs x3nfvp2 x1j61x8r x1fcty0u xdj266r xat24cr xm2jcoa x1mpyi22 xxymvpz xlup9mm x1kky2od\"><img loading=\"lazy\" decoding=\"async\" class=\"xz74otr x15mokao x1ga7v0g x16uus16 xbiv7yw\" src=\"https:\/\/static.xx.fbcdn.net\/images\/emoji.php\/v9\/t13\/1\/16\/1f308.png\" alt=\"\ud83c\udf08\" width=\"16\" height=\"16\" \/><\/span><span class=\"html-span xexx8yu xyri2b x18d9i69 x1c1uobl x1hl2dhg x16tdsg8 x1vvkbs x3nfvp2 x1j61x8r x1fcty0u xdj266r xat24cr xm2jcoa x1mpyi22 xxymvpz xlup9mm x1kky2od\"><img loading=\"lazy\" decoding=\"async\" class=\"xz74otr x15mokao x1ga7v0g x16uus16 xbiv7yw\" src=\"https:\/\/static.xx.fbcdn.net\/images\/emoji.php\/v9\/tf4\/1\/16\/2728.png\" alt=\"\u2728\" width=\"16\" height=\"16\" \/><\/span><\/strong><\/div>\n<\/div>\n<div class=\"x14z9mp xat24cr x1lziwak x1vvkbs xtlvy1s x126k92a\">\n<div dir=\"auto\"><strong><span class=\"html-span xexx8yu xyri2b x18d9i69 x1c1uobl x1hl2dhg x16tdsg8 x1vvkbs x3nfvp2 x1j61x8r x1fcty0u xdj266r xat24cr xm2jcoa x1mpyi22 xxymvpz xlup9mm x1kky2od\"><img loading=\"lazy\" decoding=\"async\" class=\"xz74otr x15mokao x1ga7v0g x16uus16 xbiv7yw\" src=\"https:\/\/static.xx.fbcdn.net\/images\/emoji.php\/v9\/te9\/1\/16\/1f496.png\" alt=\"\ud83d\udc96\" width=\"16\" height=\"16\" \/><\/span> \ud835\udc73\ud835\udc90\ud835\udc94 \ud835\udc8e\u00e1\ud835\udc94 \ud835\udc97\ud835\udc8a\ud835\udc93\ud835\udc82\ud835\udc8d\ud835\udc86\ud835\udc94 \ud835\udc9a \ud835\udc84\u00f3\ud835\udc8e\ud835\udc90\ud835\udc85\ud835\udc90\ud835\udc94 \ud835\udc85\ud835\udc86\ud835\udc8d \ud835\udc8e\ud835\udc90\ud835\udc8e\ud835\udc86\ud835\udc8f\ud835\udc95\ud835\udc90 <span class=\"html-span xexx8yu xyri2b x18d9i69 x1c1uobl x1hl2dhg x16tdsg8 x1vvkbs x3nfvp2 x1j61x8r x1fcty0u xdj266r xat24cr xm2jcoa x1mpyi22 xxymvpz xlup9mm x1kky2od\"><img loading=\"lazy\" decoding=\"async\" class=\"xz74otr x15mokao x1ga7v0g x16uus16 xbiv7yw\" src=\"https:\/\/static.xx.fbcdn.net\/images\/emoji.php\/v9\/te9\/1\/16\/1f496.png\" alt=\"\ud83d\udc96\" width=\"16\" height=\"16\" \/><\/span><\/strong><\/div>\n<\/div>\n<div class=\"x14z9mp xat24cr x1lziwak x1vvkbs xtlvy1s x126k92a\">\n<div dir=\"auto\"><strong><span class=\"html-span xexx8yu xyri2b x18d9i69 x1c1uobl x1hl2dhg x16tdsg8 x1vvkbs x3nfvp2 x1j61x8r x1fcty0u xdj266r xat24cr xm2jcoa x1mpyi22 xxymvpz xlup9mm x1kky2od\"><img loading=\"lazy\" decoding=\"async\" class=\"xz74otr x15mokao x1ga7v0g x16uus16 xbiv7yw\" src=\"https:\/\/static.xx.fbcdn.net\/images\/emoji.php\/v9\/tf4\/1\/16\/2728.png\" alt=\"\u2728\" width=\"16\" height=\"16\" \/><\/span> Dise\u00f1os tie-dye con caritas <span class=\"html-span xexx8yu xyri2b x18d9i69 x1c1uobl x1hl2dhg x16tdsg8 x1vvkbs x3nfvp2 x1j61x8r x1fcty0u xdj266r xat24cr xm2jcoa x1mpyi22 xxymvpz xlup9mm x1kky2od\"><img loading=\"lazy\" decoding=\"async\" class=\"xz74otr x15mokao x1ga7v0g x16uus16 xbiv7yw\" src=\"https:\/\/static.xx.fbcdn.net\/images\/emoji.php\/v9\/t7f\/1\/16\/1f60a.png\" alt=\"\ud83d\ude0a\" width=\"16\" height=\"16\" \/><\/span><span class=\"html-span xexx8yu xyri2b x18d9i69 x1c1uobl x1hl2dhg x16tdsg8 x1vvkbs x3nfvp2 x1j61x8r x1fcty0u xdj266r xat24cr xm2jcoa x1mpyi22 xxymvpz xlup9mm x1kky2od\"><img loading=\"lazy\" decoding=\"async\" class=\"xz74otr x15mokao x1ga7v0g x16uus16 xbiv7yw\" src=\"https:\/\/static.xx.fbcdn.net\/images\/emoji.php\/v9\/t20\/1\/16\/1f61c.png\" alt=\"\ud83d\ude1c\" width=\"16\" height=\"16\" \/><\/span> que te hacen destacar<\/strong><\/div>\n<div dir=\"auto\"><strong><span class=\"html-span xexx8yu xyri2b x18d9i69 x1c1uobl x1hl2dhg x16tdsg8 x1vvkbs x3nfvp2 x1j61x8r x1fcty0u xdj266r xat24cr xm2jcoa x1mpyi22 xxymvpz xlup9mm x1kky2od\"><img loading=\"lazy\" decoding=\"async\" class=\"xz74otr x15mokao x1ga7v0g x16uus16 xbiv7yw\" src=\"https:\/\/static.xx.fbcdn.net\/images\/emoji.php\/v9\/t50\/1\/16\/1f525.png\" alt=\"\ud83d\udd25\" width=\"16\" height=\"16\" \/><\/span> S\u00faper c\u00f3modos + estilo \u00fanico<\/strong><\/div>\n<div dir=\"auto\"><strong><span class=\"html-span xexx8yu xyri2b x18d9i69 x1c1uobl x1hl2dhg x16tdsg8 x1vvkbs x3nfvp2 x1j61x8r x1fcty0u xdj266r xat24cr xm2jcoa x1mpyi22 xxymvpz xlup9mm x1kky2od\"><img loading=\"lazy\" decoding=\"async\" class=\"xz74otr x15mokao x1ga7v0g x16uus16 xbiv7yw\" src=\"https:\/\/static.xx.fbcdn.net\/images\/emoji.php\/v9\/ted\/1\/16\/1f4ab.png\" alt=\"\ud83d\udcab\" width=\"16\" height=\"16\" \/><\/span> Perfectos para outfit casual o relax<\/strong><\/div>\n<\/div>\n<div class=\"x14z9mp xat24cr x1lziwak x1vvkbs xtlvy1s x126k92a\">\n<div dir=\"auto\"><strong><span class=\"html-span xexx8yu xyri2b x18d9i69 x1c1uobl x1hl2dhg x16tdsg8 x1vvkbs x3nfvp2 x1j61x8r x1fcty0u xdj266r xat24cr xm2jcoa x1mpyi22 xxymvpz xlup9mm x1kky2od\"><img loading=\"lazy\" decoding=\"async\" class=\"xz74otr x15mokao x1ga7v0g x16uus16 xbiv7yw\" src=\"https:\/\/static.xx.fbcdn.net\/images\/emoji.php\/v9\/tf0\/1\/16\/1f338.png\" alt=\"\ud83c\udf38\" width=\"16\" height=\"16\" \/><\/span> \ud835\ude3e\ud835\ude64\ud835\ude61\ud835\ude64\ud835\ude67\ud835\ude5a\ud835\ude68 \ud835\ude66\ud835\ude6a\ud835\ude5a \ud835\ude5a\ud835\ude63\ud835\ude56\ud835\ude62\ud835\ude64\ud835\ude67\ud835\ude56\ud835\ude63 <span class=\"html-span xexx8yu xyri2b x18d9i69 x1c1uobl x1hl2dhg x16tdsg8 x1vvkbs x3nfvp2 x1j61x8r x1fcty0u xdj266r xat24cr xm2jcoa x1mpyi22 xxymvpz xlup9mm x1kky2od\"><img loading=\"lazy\" decoding=\"async\" class=\"xz74otr x15mokao x1ga7v0g x16uus16 xbiv7yw\" src=\"https:\/\/static.xx.fbcdn.net\/images\/emoji.php\/v9\/t6c\/1\/16\/1f499.png\" alt=\"\ud83d\udc99\" width=\"16\" height=\"16\" \/><\/span><span class=\"html-span xexx8yu xyri2b x18d9i69 x1c1uobl x1hl2dhg x16tdsg8 x1vvkbs x3nfvp2 x1j61x8r x1fcty0u xdj266r xat24cr xm2jcoa x1mpyi22 xxymvpz xlup9mm x1kky2od\"><img loading=\"lazy\" decoding=\"async\" class=\"xz74otr x15mokao x1ga7v0g x16uus16 xbiv7yw\" src=\"https:\/\/static.xx.fbcdn.net\/images\/emoji.php\/v9\/t15\/1\/16\/1f49b.png\" alt=\"\ud83d\udc9b\" width=\"16\" height=\"16\" \/><\/span><span class=\"html-span xexx8yu xyri2b x18d9i69 x1c1uobl x1hl2dhg x16tdsg8 x1vvkbs x3nfvp2 x1j61x8r x1fcty0u xdj266r xat24cr xm2jcoa x1mpyi22 xxymvpz xlup9mm x1kky2od\"><img loading=\"lazy\" decoding=\"async\" class=\"xz74otr x15mokao x1ga7v0g x16uus16 xbiv7yw\" src=\"https:\/\/static.xx.fbcdn.net\/images\/emoji.php\/v9\/t6a\/1\/16\/1f497.png\" alt=\"\ud83d\udc97\" width=\"16\" height=\"16\" \/><\/span><\/strong><\/div>\n<\/div>\n","protected":false},"featured_media":63395,"template":"","meta":[],"product_cat":[87,245],"product_tag":[],"class_list":{"0":"post-63390","1":"product","2":"type-product","3":"status-publish","4":"has-post-thumbnail","6":"product_cat-accesorios-de-temporada","7":"product_cat-ropa","9":"first","10":"instock","11":"shipping-taxable","12":"purchasable","13":"product-type-simple"},"tiered_pricing_type":"fixed","tiered_pricing_fixed_rules":[],"yoast_head":"<!-- This site is optimized with the Yoast SEO plugin v23.9 - https:\/\/yoast.com\/wordpress\/plugins\/seo\/ -->\n<title>Pans Tie Dye Con Caritas - Jazaguilar<\/title>\n<meta name=\"robots\" content=\"index, follow, max-snippet:-1, max-image-preview:large, max-video-preview:-1\" \/>\n<link rel=\"canonical\" href=\"https:\/\/jazaguilar.com\/?product=pans-tie-dye-con-caritas\" \/>\n<meta property=\"og:locale\" content=\"es_MX\" \/>\n<meta property=\"og:type\" content=\"article\" \/>\n<meta property=\"og:title\" content=\"Pans Tie Dye Con Caritas - Jazaguilar\" \/>\n<meta property=\"og:description\" content=\"\ud835\ude4b\ud835\ude3c\ud835\ude49\ud835\ude4e \ud835\ude4c\ud835\ude50\ud835\ude40 \ud835\ude4d\ud835\ude4a\ud835\ude3d\ud835\ude3c\ud835\ude49 \ud835\ude48\ud835\ude44\ud835\ude4d\ud835\ude3c\ud835\ude3f\ud835\ude3c\ud835\ude4e     \ud835\udc73\ud835\udc90\ud835\udc94 \ud835\udc8e\u00e1\ud835\udc94 \ud835\udc97\ud835\udc8a\ud835\udc93\ud835\udc82\ud835\udc8d\ud835\udc86\ud835\udc94 \ud835\udc9a \ud835\udc84\u00f3\ud835\udc8e\ud835\udc90\ud835\udc85\ud835\udc90\ud835\udc94 \ud835\udc85\ud835\udc86\ud835\udc8d \ud835\udc8e\ud835\udc90\ud835\udc8e\ud835\udc86\ud835\udc8f\ud835\udc95\ud835\udc90    Dise\u00f1os tie-dye con caritas que te hacen destacar  S\u00faper c\u00f3modos + estilo \u00fanico  Perfectos para outfit casual o relax    \ud835\ude3e\ud835\ude64\ud835\ude61\ud835\ude64\ud835\ude67\ud835\ude5a\ud835\ude68 \ud835\ude66\ud835\ude6a\ud835\ude5a \ud835\ude5a\ud835\ude63\ud835\ude56\ud835\ude62\ud835\ude64\ud835\ude67\ud835\ude56\ud835\ude63\" \/>\n<meta property=\"og:url\" content=\"https:\/\/jazaguilar.com\/?product=pans-tie-dye-con-caritas\" \/>\n<meta property=\"og:site_name\" content=\"Jazaguilar\" \/>\n<meta property=\"og:image\" content=\"https:\/\/jazaguilar.com\/wp-content\/uploads\/2026\/04\/2247258475809652-1.jpg\" \/>\n\t<meta property=\"og:image:width\" content=\"1206\" \/>\n\t<meta property=\"og:image:height\" content=\"792\" \/>\n\t<meta property=\"og:image:type\" content=\"image\/jpeg\" \/>\n<meta name=\"twitter:card\" content=\"summary_large_image\" \/>\n<meta name=\"twitter:label1\" content=\"Tiempo de lectura\" \/>\n\t<meta name=\"twitter:data1\" content=\"1 minuto\" \/>\n<script type=\"application\/ld+json\" class=\"yoast-schema-graph\">{\"@context\":\"https:\/\/schema.org\",\"@graph\":[{\"@type\":\"WebPage\",\"@id\":\"https:\/\/jazaguilar.com\/?product=pans-tie-dye-con-caritas\",\"url\":\"https:\/\/jazaguilar.com\/?product=pans-tie-dye-con-caritas\",\"name\":\"Pans Tie Dye Con Caritas - Jazaguilar\",\"isPartOf\":{\"@id\":\"https:\/\/jazaguilar.com\/#website\"},\"primaryImageOfPage\":{\"@id\":\"https:\/\/jazaguilar.com\/?product=pans-tie-dye-con-caritas#primaryimage\"},\"image\":{\"@id\":\"https:\/\/jazaguilar.com\/?product=pans-tie-dye-con-caritas#primaryimage\"},\"thumbnailUrl\":\"https:\/\/jazaguilar.com\/wp-content\/uploads\/2026\/04\/2247258475809652-1.jpg\",\"datePublished\":\"2026-04-03T15:08:35+00:00\",\"dateModified\":\"2026-04-03T15:08:35+00:00\",\"breadcrumb\":{\"@id\":\"https:\/\/jazaguilar.com\/?product=pans-tie-dye-con-caritas#breadcrumb\"},\"inLanguage\":\"es\",\"potentialAction\":[{\"@type\":\"ReadAction\",\"target\":[\"https:\/\/jazaguilar.com\/?product=pans-tie-dye-con-caritas\"]}]},{\"@type\":\"ImageObject\",\"inLanguage\":\"es\",\"@id\":\"https:\/\/jazaguilar.com\/?product=pans-tie-dye-con-caritas#primaryimage\",\"url\":\"https:\/\/jazaguilar.com\/wp-content\/uploads\/2026\/04\/2247258475809652-1.jpg\",\"contentUrl\":\"https:\/\/jazaguilar.com\/wp-content\/uploads\/2026\/04\/2247258475809652-1.jpg\",\"width\":1206,\"height\":792},{\"@type\":\"BreadcrumbList\",\"@id\":\"https:\/\/jazaguilar.com\/?product=pans-tie-dye-con-caritas#breadcrumb\",\"itemListElement\":[{\"@type\":\"ListItem\",\"position\":1,\"name\":\"Inicio\",\"item\":\"https:\/\/jazaguilar.com\/\"},{\"@type\":\"ListItem\",\"position\":2,\"name\":\"Shop\",\"item\":\"https:\/\/jazaguilar.com\/?page_id=882\"},{\"@type\":\"ListItem\",\"position\":3,\"name\":\"Pans Tie Dye Con Caritas\"}]},{\"@type\":\"WebSite\",\"@id\":\"https:\/\/jazaguilar.com\/#website\",\"url\":\"https:\/\/jazaguilar.com\/\",\"name\":\"Jazaguilar\",\"description\":\"Cosmeticos &amp; Accesorios\",\"potentialAction\":[{\"@type\":\"SearchAction\",\"target\":{\"@type\":\"EntryPoint\",\"urlTemplate\":\"https:\/\/jazaguilar.com\/?s={search_term_string}\"},\"query-input\":{\"@type\":\"PropertyValueSpecification\",\"valueRequired\":true,\"valueName\":\"search_term_string\"}}],\"inLanguage\":\"es\"}]}<\/script>\n<!-- \/ Yoast SEO plugin. -->","yoast_head_json":{"title":"Pans Tie Dye Con Caritas - Jazaguilar","robots":{"index":"index","follow":"follow","max-snippet":"max-snippet:-1","max-image-preview":"max-image-preview:large","max-video-preview":"max-video-preview:-1"},"canonical":"https:\/\/jazaguilar.com\/?product=pans-tie-dye-con-caritas","og_locale":"es_MX","og_type":"article","og_title":"Pans Tie Dye Con Caritas - Jazaguilar","og_description":"\ud835\ude4b\ud835\ude3c\ud835\ude49\ud835\ude4e \ud835\ude4c\ud835\ude50\ud835\ude40 \ud835\ude4d\ud835\ude4a\ud835\ude3d\ud835\ude3c\ud835\ude49 \ud835\ude48\ud835\ude44\ud835\ude4d\ud835\ude3c\ud835\ude3f\ud835\ude3c\ud835\ude4e     \ud835\udc73\ud835\udc90\ud835\udc94 \ud835\udc8e\u00e1\ud835\udc94 \ud835\udc97\ud835\udc8a\ud835\udc93\ud835\udc82\ud835\udc8d\ud835\udc86\ud835\udc94 \ud835\udc9a \ud835\udc84\u00f3\ud835\udc8e\ud835\udc90\ud835\udc85\ud835\udc90\ud835\udc94 \ud835\udc85\ud835\udc86\ud835\udc8d \ud835\udc8e\ud835\udc90\ud835\udc8e\ud835\udc86\ud835\udc8f\ud835\udc95\ud835\udc90    Dise\u00f1os tie-dye con caritas que te hacen destacar  S\u00faper c\u00f3modos + estilo \u00fanico  Perfectos para outfit casual o relax    \ud835\ude3e\ud835\ude64\ud835\ude61\ud835\ude64\ud835\ude67\ud835\ude5a\ud835\ude68 \ud835\ude66\ud835\ude6a\ud835\ude5a \ud835\ude5a\ud835\ude63\ud835\ude56\ud835\ude62\ud835\ude64\ud835\ude67\ud835\ude56\ud835\ude63","og_url":"https:\/\/jazaguilar.com\/?product=pans-tie-dye-con-caritas","og_site_name":"Jazaguilar","og_image":[{"width":1206,"height":792,"url":"https:\/\/jazaguilar.com\/wp-content\/uploads\/2026\/04\/2247258475809652-1.jpg","type":"image\/jpeg"}],"twitter_card":"summary_large_image","twitter_misc":{"Tiempo de lectura":"1 minuto"},"schema":{"@context":"https:\/\/schema.org","@graph":[{"@type":"WebPage","@id":"https:\/\/jazaguilar.com\/?product=pans-tie-dye-con-caritas","url":"https:\/\/jazaguilar.com\/?product=pans-tie-dye-con-caritas","name":"Pans Tie Dye Con Caritas - Jazaguilar","isPartOf":{"@id":"https:\/\/jazaguilar.com\/#website"},"primaryImageOfPage":{"@id":"https:\/\/jazaguilar.com\/?product=pans-tie-dye-con-caritas#primaryimage"},"image":{"@id":"https:\/\/jazaguilar.com\/?product=pans-tie-dye-con-caritas#primaryimage"},"thumbnailUrl":"https:\/\/jazaguilar.com\/wp-content\/uploads\/2026\/04\/2247258475809652-1.jpg","datePublished":"2026-04-03T15:08:35+00:00","dateModified":"2026-04-03T15:08:35+00:00","breadcrumb":{"@id":"https:\/\/jazaguilar.com\/?product=pans-tie-dye-con-caritas#breadcrumb"},"inLanguage":"es","potentialAction":[{"@type":"ReadAction","target":["https:\/\/jazaguilar.com\/?product=pans-tie-dye-con-caritas"]}]},{"@type":"ImageObject","inLanguage":"es","@id":"https:\/\/jazaguilar.com\/?product=pans-tie-dye-con-caritas#primaryimage","url":"https:\/\/jazaguilar.com\/wp-content\/uploads\/2026\/04\/2247258475809652-1.jpg","contentUrl":"https:\/\/jazaguilar.com\/wp-content\/uploads\/2026\/04\/2247258475809652-1.jpg","width":1206,"height":792},{"@type":"BreadcrumbList","@id":"https:\/\/jazaguilar.com\/?product=pans-tie-dye-con-caritas#breadcrumb","itemListElement":[{"@type":"ListItem","position":1,"name":"Inicio","item":"https:\/\/jazaguilar.com\/"},{"@type":"ListItem","position":2,"name":"Shop","item":"https:\/\/jazaguilar.com\/?page_id=882"},{"@type":"ListItem","position":3,"name":"Pans Tie Dye Con Caritas"}]},{"@type":"WebSite","@id":"https:\/\/jazaguilar.com\/#website","url":"https:\/\/jazaguilar.com\/","name":"Jazaguilar","description":"Cosmeticos &amp; Accesorios","potentialAction":[{"@type":"SearchAction","target":{"@type":"EntryPoint","urlTemplate":"https:\/\/jazaguilar.com\/?s={search_term_string}"},"query-input":{"@type":"PropertyValueSpecification","valueRequired":true,"valueName":"search_term_string"}}],"inLanguage":"es"}]}},"_links":{"self":[{"href":"https:\/\/jazaguilar.com\/index.php?rest_route=\/wp\/v2\/product\/63390","targetHints":{"allow":["GET"]}}],"collection":[{"href":"https:\/\/jazaguilar.com\/index.php?rest_route=\/wp\/v2\/product"}],"about":[{"href":"https:\/\/jazaguilar.com\/index.php?rest_route=\/wp\/v2\/types\/product"}],"wp:featuredmedia":[{"embeddable":true,"href":"https:\/\/jazaguilar.com\/index.php?rest_route=\/wp\/v2\/media\/63395"}],"wp:attachment":[{"href":"https:\/\/jazaguilar.com\/index.php?rest_route=%2Fwp%2Fv2%2Fmedia&parent=63390"}],"wp:term":[{"taxonomy":"product_cat","embeddable":true,"href":"https:\/\/jazaguilar.com\/index.php?rest_route=%2Fwp%2Fv2%2Fproduct_cat&post=63390"},{"taxonomy":"product_tag","embeddable":true,"href":"https:\/\/jazaguilar.com\/index.php?rest_route=%2Fwp%2Fv2%2Fproduct_tag&post=63390"}],"curies":[{"name":"wp","href":"https:\/\/api.w.org\/{rel}","templated":true}]}}