{"id":62716,"date":"2026-01-12T21:45:53","date_gmt":"2026-01-13T02:45:53","guid":{"rendered":"https:\/\/jazaguilar.com\/?post_type=product&#038;p=62716"},"modified":"2026-04-15T21:46:47","modified_gmt":"2026-04-16T02:46:47","slug":"smart-watch-t900-mini","status":"publish","type":"product","link":"https:\/\/jazaguilar.com\/?product=smart-watch-t900-mini","title":{"rendered":"Smart Watch T900 Mini"},"content":{"rendered":"<p><strong>\ud83d\udcb8\ud83d\udcb5\ud83d\udcb8\ud835\ude42\ud835\ude3c\ud835\ude49\ud835\ude3c\ud835\ude4e \ud835\ude4b\ud835\ude4a\ud835\ude4d \ud835\ude4c\ud835\ude50\ud835\ude40 \ud835\ude42\ud835\ude3c\ud835\ude49\ud835\ude3c\ud835\ude4e\ud83d\udcb8\ud83d\udcb5\ud83d\udcb8<br \/>\n\ud83d\udce4Env\u00edos a toda la Rep\u00fablica \ud83d\udce6<\/strong><\/p>\n","protected":false},"excerpt":{"rendered":"<div class=\"xdj266r x14z9mp xat24cr x1lziwak x1vvkbs x126k92a\">\n<div dir=\"auto\"><strong><span class=\"html-span xexx8yu xyri2b x18d9i69 x1c1uobl x1hl2dhg x16tdsg8 x1vvkbs x3nfvp2 x1j61x8r x1fcty0u xdj266r xat24cr xm2jcoa x1mpyi22 xxymvpz xlup9mm x1kky2od\"><img loading=\"lazy\" decoding=\"async\" class=\"xz74otr x15mokao x1ga7v0g x16uus16 xbiv7yw\" src=\"https:\/\/static.xx.fbcdn.net\/images\/emoji.php\/v9\/t2\/1\/16\/1f60d.png\" alt=\"\ud83d\ude0d\" width=\"16\" height=\"16\" \/><\/span><span class=\"html-span xexx8yu xyri2b x18d9i69 x1c1uobl x1hl2dhg x16tdsg8 x1vvkbs x3nfvp2 x1j61x8r x1fcty0u xdj266r xat24cr xm2jcoa x1mpyi22 xxymvpz xlup9mm x1kky2od\"><img loading=\"lazy\" decoding=\"async\" class=\"xz74otr x15mokao x1ga7v0g x16uus16 xbiv7yw\" src=\"https:\/\/static.xx.fbcdn.net\/images\/emoji.php\/v9\/t2\/1\/16\/1f60d.png\" alt=\"\ud83d\ude0d\" width=\"16\" height=\"16\" \/><\/span><span class=\"html-span xexx8yu xyri2b x18d9i69 x1c1uobl x1hl2dhg x16tdsg8 x1vvkbs x3nfvp2 x1j61x8r x1fcty0u xdj266r xat24cr xm2jcoa x1mpyi22 xxymvpz xlup9mm x1kky2od\"><img loading=\"lazy\" decoding=\"async\" class=\"xz74otr x15mokao x1ga7v0g x16uus16 xbiv7yw\" src=\"https:\/\/static.xx.fbcdn.net\/images\/emoji.php\/v9\/t2\/1\/16\/1f60d.png\" alt=\"\ud83d\ude0d\" width=\"16\" height=\"16\" \/><\/span><span class=\"html-span xexx8yu xyri2b x18d9i69 x1c1uobl x1hl2dhg x16tdsg8 x1vvkbs x3nfvp2 x1j61x8r x1fcty0u xdj266r xat24cr xm2jcoa x1mpyi22 xxymvpz xlup9mm x1kky2od\"><img loading=\"lazy\" decoding=\"async\" class=\"xz74otr x15mokao x1ga7v0g x16uus16 xbiv7yw\" src=\"https:\/\/static.xx.fbcdn.net\/images\/emoji.php\/v9\/t2\/1\/16\/1f60d.png\" alt=\"\ud83d\ude0d\" width=\"16\" height=\"16\" \/><\/span><span class=\"html-span xexx8yu xyri2b x18d9i69 x1c1uobl x1hl2dhg x16tdsg8 x1vvkbs x3nfvp2 x1j61x8r x1fcty0u xdj266r xat24cr xm2jcoa x1mpyi22 xxymvpz xlup9mm x1kky2od\"><img loading=\"lazy\" decoding=\"async\" class=\"xz74otr x15mokao x1ga7v0g x16uus16 xbiv7yw\" src=\"https:\/\/static.xx.fbcdn.net\/images\/emoji.php\/v9\/t2\/1\/16\/1f60d.png\" alt=\"\ud83d\ude0d\" width=\"16\" height=\"16\" \/><\/span><span class=\"html-span xexx8yu xyri2b x18d9i69 x1c1uobl x1hl2dhg x16tdsg8 x1vvkbs x3nfvp2 x1j61x8r x1fcty0u xdj266r xat24cr xm2jcoa x1mpyi22 xxymvpz xlup9mm x1kky2od\"><img loading=\"lazy\" decoding=\"async\" class=\"xz74otr x15mokao x1ga7v0g x16uus16 xbiv7yw\" src=\"https:\/\/static.xx.fbcdn.net\/images\/emoji.php\/v9\/t2\/1\/16\/1f60d.png\" alt=\"\ud83d\ude0d\" width=\"16\" height=\"16\" \/><\/span><\/strong><\/div>\n<\/div>\n<div class=\"x14z9mp xat24cr x1lziwak x1vvkbs xtlvy1s x126k92a\">\n<div dir=\"auto\"><strong><span class=\"html-span xexx8yu xyri2b x18d9i69 x1c1uobl x1hl2dhg x16tdsg8 x1vvkbs x3nfvp2 x1j61x8r x1fcty0u xdj266r xat24cr xm2jcoa x1mpyi22 xxymvpz xlup9mm x1kky2od\"><img loading=\"lazy\" decoding=\"async\" class=\"xz74otr x15mokao x1ga7v0g x16uus16 xbiv7yw\" src=\"https:\/\/static.xx.fbcdn.net\/images\/emoji.php\/v9\/tfa\/1\/16\/231a.png\" alt=\"\u231a\" width=\"16\" height=\"16\" \/><\/span><span class=\"html-span xexx8yu xyri2b x18d9i69 x1c1uobl x1hl2dhg x16tdsg8 x1vvkbs x3nfvp2 x1j61x8r x1fcty0u xdj266r xat24cr xm2jcoa x1mpyi22 xxymvpz xlup9mm x1kky2od\"><img loading=\"lazy\" decoding=\"async\" class=\"xz74otr x15mokao x1ga7v0g x16uus16 xbiv7yw\" src=\"https:\/\/static.xx.fbcdn.net\/images\/emoji.php\/v9\/tf4\/1\/16\/2728.png\" alt=\"\u2728\" width=\"16\" height=\"16\" \/><\/span> SmArt Watch T900 Mini <span class=\"html-span xexx8yu xyri2b x18d9i69 x1c1uobl x1hl2dhg x16tdsg8 x1vvkbs x3nfvp2 x1j61x8r x1fcty0u xdj266r xat24cr xm2jcoa x1mpyi22 xxymvpz xlup9mm x1kky2od\"><img loading=\"lazy\" decoding=\"async\" class=\"xz74otr x15mokao x1ga7v0g x16uus16 xbiv7yw\" src=\"https:\/\/static.xx.fbcdn.net\/images\/emoji.php\/v9\/tf4\/1\/16\/2728.png\" alt=\"\u2728\" width=\"16\" height=\"16\" \/><\/span><span class=\"html-span xexx8yu xyri2b x18d9i69 x1c1uobl x1hl2dhg x16tdsg8 x1vvkbs x3nfvp2 x1j61x8r x1fcty0u xdj266r xat24cr xm2jcoa x1mpyi22 xxymvpz xlup9mm x1kky2od\"><img loading=\"lazy\" decoding=\"async\" class=\"xz74otr x15mokao x1ga7v0g x16uus16 xbiv7yw\" src=\"https:\/\/static.xx.fbcdn.net\/images\/emoji.php\/v9\/tfa\/1\/16\/231a.png\" alt=\"\u231a\" width=\"16\" height=\"16\" \/><\/span><\/strong><\/div>\n<div dir=\"auto\"><strong><span class=\"html-span xexx8yu xyri2b x18d9i69 x1c1uobl x1hl2dhg x16tdsg8 x1vvkbs x3nfvp2 x1j61x8r x1fcty0u xdj266r xat24cr xm2jcoa x1mpyi22 xxymvpz xlup9mm x1kky2od\"><img loading=\"lazy\" decoding=\"async\" class=\"xz74otr x15mokao x1ga7v0g x16uus16 xbiv7yw\" src=\"https:\/\/static.xx.fbcdn.net\/images\/emoji.php\/v9\/t57\/1\/16\/1f4f1.png\" alt=\"\ud83d\udcf1\" width=\"16\" height=\"16\" \/><\/span> Varios colores.<\/strong><\/div>\n<\/div>\n<div class=\"x14z9mp xat24cr x1lziwak x1vvkbs xtlvy1s x126k92a\">\n<div dir=\"auto\"><strong><span class=\"html-span xexx8yu xyri2b x18d9i69 x1c1uobl x1hl2dhg x16tdsg8 x1vvkbs x3nfvp2 x1j61x8r x1fcty0u xdj266r xat24cr xm2jcoa x1mpyi22 xxymvpz xlup9mm x1kky2od\"><img loading=\"lazy\" decoding=\"async\" class=\"xz74otr x15mokao x1ga7v0g x16uus16 xbiv7yw\" src=\"https:\/\/static.xx.fbcdn.net\/images\/emoji.php\/v9\/t5c\/1\/16\/1f4b2.png\" alt=\"\ud83d\udcb2\" width=\"16\" height=\"16\" \/><\/span><span class=\"html-span xexx8yu xyri2b x18d9i69 x1c1uobl x1hl2dhg x16tdsg8 x1vvkbs x3nfvp2 x1j61x8r x1fcty0u xdj266r xat24cr xm2jcoa x1mpyi22 xxymvpz xlup9mm x1kky2od\"><img loading=\"lazy\" decoding=\"async\" class=\"xz74otr x15mokao x1ga7v0g x16uus16 xbiv7yw\" src=\"https:\/\/static.xx.fbcdn.net\/images\/emoji.php\/v9\/t7a\/1\/16\/31_20e3.png\" alt=\"1\ufe0f\u20e3\" width=\"16\" height=\"16\" \/><\/span><span class=\"html-span xexx8yu xyri2b x18d9i69 x1c1uobl x1hl2dhg x16tdsg8 x1vvkbs x3nfvp2 x1j61x8r x1fcty0u xdj266r xat24cr xm2jcoa x1mpyi22 xxymvpz xlup9mm x1kky2od\"><img loading=\"lazy\" decoding=\"async\" class=\"xz74otr x15mokao x1ga7v0g x16uus16 xbiv7yw\" src=\"https:\/\/static.xx.fbcdn.net\/images\/emoji.php\/v9\/t99\/1\/16\/32_20e3.png\" alt=\"2\ufe0f\u20e3\" width=\"16\" height=\"16\" \/><\/span><span class=\"html-span xexx8yu xyri2b x18d9i69 x1c1uobl x1hl2dhg x16tdsg8 x1vvkbs x3nfvp2 x1j61x8r x1fcty0u xdj266r xat24cr xm2jcoa x1mpyi22 xxymvpz xlup9mm x1kky2od\"><img loading=\"lazy\" decoding=\"async\" class=\"xz74otr x15mokao x1ga7v0g x16uus16 xbiv7yw\" src=\"https:\/\/static.xx.fbcdn.net\/images\/emoji.php\/v9\/t72\/1\/16\/39_20e3.png\" alt=\"9\ufe0f\u20e3\" width=\"16\" height=\"16\" \/><\/span><span class=\"html-span xexx8yu xyri2b x18d9i69 x1c1uobl x1hl2dhg x16tdsg8 x1vvkbs x3nfvp2 x1j61x8r x1fcty0u xdj266r xat24cr xm2jcoa x1mpyi22 xxymvpz xlup9mm x1kky2od\"><img loading=\"lazy\" decoding=\"async\" class=\"xz74otr x15mokao x1ga7v0g x16uus16 xbiv7yw\" src=\"https:\/\/static.xx.fbcdn.net\/images\/emoji.php\/v9\/t50\/1\/16\/1f525.png\" alt=\"\ud83d\udd25\" width=\"16\" height=\"16\" \/><\/span><\/strong><\/div>\n<\/div>\n<div class=\"x14z9mp xat24cr x1lziwak x1vvkbs xtlvy1s x126k92a\">\n<div dir=\"auto\"><strong>Smart Watch T900 Mini, ideal para quienes buscan estilo y funciones inteligentes en un dise\u00f1o c\u00f3modo y ligero.<\/strong><\/div>\n<\/div>\n<div class=\"x14z9mp xat24cr x1lziwak x1vvkbs xtlvy1s x126k92a\">\n<div dir=\"auto\"><strong><span class=\"html-span xexx8yu xyri2b x18d9i69 x1c1uobl x1hl2dhg x16tdsg8 x1vvkbs x3nfvp2 x1j61x8r x1fcty0u xdj266r xat24cr xm2jcoa x1mpyi22 xxymvpz xlup9mm x1kky2od\"><img loading=\"lazy\" decoding=\"async\" class=\"xz74otr x15mokao x1ga7v0g x16uus16 xbiv7yw\" src=\"https:\/\/static.xx.fbcdn.net\/images\/emoji.php\/v9\/tf3\/1\/16\/1f539.png\" alt=\"\ud83d\udd39\" width=\"16\" height=\"16\" \/><\/span> Pantalla t\u00e1ctil a color<\/strong><\/div>\n<div dir=\"auto\"><strong><span class=\"html-span xexx8yu xyri2b x18d9i69 x1c1uobl x1hl2dhg x16tdsg8 x1vvkbs x3nfvp2 x1j61x8r x1fcty0u xdj266r xat24cr xm2jcoa x1mpyi22 xxymvpz xlup9mm x1kky2od\"><img loading=\"lazy\" decoding=\"async\" class=\"xz74otr x15mokao x1ga7v0g x16uus16 xbiv7yw\" src=\"https:\/\/static.xx.fbcdn.net\/images\/emoji.php\/v9\/tf3\/1\/16\/1f539.png\" alt=\"\ud83d\udd39\" width=\"16\" height=\"16\" \/><\/span> Notificaciones de llamadas y mensajes<\/strong><\/div>\n<div dir=\"auto\"><strong><span class=\"html-span xexx8yu xyri2b x18d9i69 x1c1uobl x1hl2dhg x16tdsg8 x1vvkbs x3nfvp2 x1j61x8r x1fcty0u xdj266r xat24cr xm2jcoa x1mpyi22 xxymvpz xlup9mm x1kky2od\"><img loading=\"lazy\" decoding=\"async\" class=\"xz74otr x15mokao x1ga7v0g x16uus16 xbiv7yw\" src=\"https:\/\/static.xx.fbcdn.net\/images\/emoji.php\/v9\/tf3\/1\/16\/1f539.png\" alt=\"\ud83d\udd39\" width=\"16\" height=\"16\" \/><\/span> Monitoreo de actividad f\u00edsica<\/strong><\/div>\n<div dir=\"auto\"><strong><span class=\"html-span xexx8yu xyri2b x18d9i69 x1c1uobl x1hl2dhg x16tdsg8 x1vvkbs x3nfvp2 x1j61x8r x1fcty0u xdj266r xat24cr xm2jcoa x1mpyi22 xxymvpz xlup9mm x1kky2od\"><img loading=\"lazy\" decoding=\"async\" class=\"xz74otr x15mokao x1ga7v0g x16uus16 xbiv7yw\" src=\"https:\/\/static.xx.fbcdn.net\/images\/emoji.php\/v9\/tf3\/1\/16\/1f539.png\" alt=\"\ud83d\udd39\" width=\"16\" height=\"16\" \/><\/span> Dise\u00f1o moderno y compacto<\/strong><\/div>\n<div dir=\"auto\"><strong><span class=\"html-span xexx8yu xyri2b x18d9i69 x1c1uobl x1hl2dhg x16tdsg8 x1vvkbs x3nfvp2 x1j61x8r x1fcty0u xdj266r xat24cr xm2jcoa x1mpyi22 xxymvpz xlup9mm x1kky2od\"><img loading=\"lazy\" decoding=\"async\" class=\"xz74otr x15mokao x1ga7v0g x16uus16 xbiv7yw\" src=\"https:\/\/static.xx.fbcdn.net\/images\/emoji.php\/v9\/tf3\/1\/16\/1f539.png\" alt=\"\ud83d\udd39\" width=\"16\" height=\"16\" \/><\/span> Compatible con Android y iPhone<\/strong><\/div>\n<div dir=\"auto\"><strong><span class=\"html-span xexx8yu xyri2b x18d9i69 x1c1uobl x1hl2dhg x16tdsg8 x1vvkbs x3nfvp2 x1j61x8r x1fcty0u xdj266r xat24cr xm2jcoa x1mpyi22 xxymvpz xlup9mm x1kky2od\"><img loading=\"lazy\" decoding=\"async\" class=\"xz74otr x15mokao x1ga7v0g x16uus16 xbiv7yw\" src=\"https:\/\/static.xx.fbcdn.net\/images\/emoji.php\/v9\/t84\/1\/16\/1f381.png\" alt=\"\ud83c\udf81\" width=\"16\" height=\"16\" \/><\/span> Ideal para regalo o uso diario<\/strong><\/div>\n<\/div>\n","protected":false},"featured_media":62719,"template":"","meta":[],"product_cat":[87],"product_tag":[],"class_list":{"0":"post-62716","1":"product","2":"type-product","3":"status-publish","4":"has-post-thumbnail","6":"product_cat-accesorios-de-temporada","8":"first","9":"instock","10":"shipping-taxable","11":"purchasable","12":"product-type-simple"},"tiered_pricing_type":"fixed","tiered_pricing_fixed_rules":[],"yoast_head":"<!-- This site is optimized with the Yoast SEO plugin v23.9 - https:\/\/yoast.com\/wordpress\/plugins\/seo\/ -->\n<title>Smart Watch T900 Mini - Jazaguilar<\/title>\n<meta name=\"robots\" content=\"index, follow, max-snippet:-1, max-image-preview:large, max-video-preview:-1\" \/>\n<link rel=\"canonical\" href=\"https:\/\/jazaguilar.com\/?product=smart-watch-t900-mini\" \/>\n<meta property=\"og:locale\" content=\"es_MX\" \/>\n<meta property=\"og:type\" content=\"article\" \/>\n<meta property=\"og:title\" content=\"Smart Watch T900 Mini - Jazaguilar\" \/>\n<meta property=\"og:description\" content=\"SmArt Watch T900 Mini  Varios colores.      Smart Watch T900 Mini, ideal para quienes buscan estilo y funciones inteligentes en un dise\u00f1o c\u00f3modo y ligero.    Pantalla t\u00e1ctil a color  Notificaciones de llamadas y mensajes  Monitoreo de actividad f\u00edsica  Dise\u00f1o moderno y compacto  Compatible con Android y iPhone  Ideal para regalo o uso diario\" \/>\n<meta property=\"og:url\" content=\"https:\/\/jazaguilar.com\/?product=smart-watch-t900-mini\" \/>\n<meta property=\"og:site_name\" content=\"Jazaguilar\" \/>\n<meta property=\"article:modified_time\" content=\"2026-04-16T02:46:47+00:00\" \/>\n<meta property=\"og:image\" content=\"https:\/\/jazaguilar.com\/wp-content\/uploads\/2026\/01\/608815011_2174537903081710_8159652151751492780_n.jpg\" \/>\n\t<meta property=\"og:image:width\" content=\"522\" \/>\n\t<meta property=\"og:image:height\" content=\"590\" \/>\n\t<meta property=\"og:image:type\" content=\"image\/jpeg\" \/>\n<meta name=\"twitter:card\" content=\"summary_large_image\" \/>\n<meta name=\"twitter:label1\" content=\"Tiempo de lectura\" \/>\n\t<meta name=\"twitter:data1\" content=\"1 minuto\" \/>\n<script type=\"application\/ld+json\" class=\"yoast-schema-graph\">{\"@context\":\"https:\/\/schema.org\",\"@graph\":[{\"@type\":\"WebPage\",\"@id\":\"https:\/\/jazaguilar.com\/?product=smart-watch-t900-mini\",\"url\":\"https:\/\/jazaguilar.com\/?product=smart-watch-t900-mini\",\"name\":\"Smart Watch T900 Mini - Jazaguilar\",\"isPartOf\":{\"@id\":\"https:\/\/jazaguilar.com\/#website\"},\"primaryImageOfPage\":{\"@id\":\"https:\/\/jazaguilar.com\/?product=smart-watch-t900-mini#primaryimage\"},\"image\":{\"@id\":\"https:\/\/jazaguilar.com\/?product=smart-watch-t900-mini#primaryimage\"},\"thumbnailUrl\":\"https:\/\/jazaguilar.com\/wp-content\/uploads\/2026\/01\/608815011_2174537903081710_8159652151751492780_n.jpg\",\"datePublished\":\"2026-01-13T02:45:53+00:00\",\"dateModified\":\"2026-04-16T02:46:47+00:00\",\"breadcrumb\":{\"@id\":\"https:\/\/jazaguilar.com\/?product=smart-watch-t900-mini#breadcrumb\"},\"inLanguage\":\"es\",\"potentialAction\":[{\"@type\":\"ReadAction\",\"target\":[\"https:\/\/jazaguilar.com\/?product=smart-watch-t900-mini\"]}]},{\"@type\":\"ImageObject\",\"inLanguage\":\"es\",\"@id\":\"https:\/\/jazaguilar.com\/?product=smart-watch-t900-mini#primaryimage\",\"url\":\"https:\/\/jazaguilar.com\/wp-content\/uploads\/2026\/01\/608815011_2174537903081710_8159652151751492780_n.jpg\",\"contentUrl\":\"https:\/\/jazaguilar.com\/wp-content\/uploads\/2026\/01\/608815011_2174537903081710_8159652151751492780_n.jpg\",\"width\":522,\"height\":590},{\"@type\":\"BreadcrumbList\",\"@id\":\"https:\/\/jazaguilar.com\/?product=smart-watch-t900-mini#breadcrumb\",\"itemListElement\":[{\"@type\":\"ListItem\",\"position\":1,\"name\":\"Inicio\",\"item\":\"https:\/\/jazaguilar.com\/\"},{\"@type\":\"ListItem\",\"position\":2,\"name\":\"Shop\",\"item\":\"https:\/\/jazaguilar.com\/?page_id=882\"},{\"@type\":\"ListItem\",\"position\":3,\"name\":\"Smart Watch T900 Mini\"}]},{\"@type\":\"WebSite\",\"@id\":\"https:\/\/jazaguilar.com\/#website\",\"url\":\"https:\/\/jazaguilar.com\/\",\"name\":\"Jazaguilar\",\"description\":\"Cosmeticos &amp; Accesorios\",\"potentialAction\":[{\"@type\":\"SearchAction\",\"target\":{\"@type\":\"EntryPoint\",\"urlTemplate\":\"https:\/\/jazaguilar.com\/?s={search_term_string}\"},\"query-input\":{\"@type\":\"PropertyValueSpecification\",\"valueRequired\":true,\"valueName\":\"search_term_string\"}}],\"inLanguage\":\"es\"}]}<\/script>\n<!-- \/ Yoast SEO plugin. -->","yoast_head_json":{"title":"Smart Watch T900 Mini - Jazaguilar","robots":{"index":"index","follow":"follow","max-snippet":"max-snippet:-1","max-image-preview":"max-image-preview:large","max-video-preview":"max-video-preview:-1"},"canonical":"https:\/\/jazaguilar.com\/?product=smart-watch-t900-mini","og_locale":"es_MX","og_type":"article","og_title":"Smart Watch T900 Mini - Jazaguilar","og_description":"SmArt Watch T900 Mini  Varios colores.      Smart Watch T900 Mini, ideal para quienes buscan estilo y funciones inteligentes en un dise\u00f1o c\u00f3modo y ligero.    Pantalla t\u00e1ctil a color  Notificaciones de llamadas y mensajes  Monitoreo de actividad f\u00edsica  Dise\u00f1o moderno y compacto  Compatible con Android y iPhone  Ideal para regalo o uso diario","og_url":"https:\/\/jazaguilar.com\/?product=smart-watch-t900-mini","og_site_name":"Jazaguilar","article_modified_time":"2026-04-16T02:46:47+00:00","og_image":[{"width":522,"height":590,"url":"https:\/\/jazaguilar.com\/wp-content\/uploads\/2026\/01\/608815011_2174537903081710_8159652151751492780_n.jpg","type":"image\/jpeg"}],"twitter_card":"summary_large_image","twitter_misc":{"Tiempo de lectura":"1 minuto"},"schema":{"@context":"https:\/\/schema.org","@graph":[{"@type":"WebPage","@id":"https:\/\/jazaguilar.com\/?product=smart-watch-t900-mini","url":"https:\/\/jazaguilar.com\/?product=smart-watch-t900-mini","name":"Smart Watch T900 Mini - Jazaguilar","isPartOf":{"@id":"https:\/\/jazaguilar.com\/#website"},"primaryImageOfPage":{"@id":"https:\/\/jazaguilar.com\/?product=smart-watch-t900-mini#primaryimage"},"image":{"@id":"https:\/\/jazaguilar.com\/?product=smart-watch-t900-mini#primaryimage"},"thumbnailUrl":"https:\/\/jazaguilar.com\/wp-content\/uploads\/2026\/01\/608815011_2174537903081710_8159652151751492780_n.jpg","datePublished":"2026-01-13T02:45:53+00:00","dateModified":"2026-04-16T02:46:47+00:00","breadcrumb":{"@id":"https:\/\/jazaguilar.com\/?product=smart-watch-t900-mini#breadcrumb"},"inLanguage":"es","potentialAction":[{"@type":"ReadAction","target":["https:\/\/jazaguilar.com\/?product=smart-watch-t900-mini"]}]},{"@type":"ImageObject","inLanguage":"es","@id":"https:\/\/jazaguilar.com\/?product=smart-watch-t900-mini#primaryimage","url":"https:\/\/jazaguilar.com\/wp-content\/uploads\/2026\/01\/608815011_2174537903081710_8159652151751492780_n.jpg","contentUrl":"https:\/\/jazaguilar.com\/wp-content\/uploads\/2026\/01\/608815011_2174537903081710_8159652151751492780_n.jpg","width":522,"height":590},{"@type":"BreadcrumbList","@id":"https:\/\/jazaguilar.com\/?product=smart-watch-t900-mini#breadcrumb","itemListElement":[{"@type":"ListItem","position":1,"name":"Inicio","item":"https:\/\/jazaguilar.com\/"},{"@type":"ListItem","position":2,"name":"Shop","item":"https:\/\/jazaguilar.com\/?page_id=882"},{"@type":"ListItem","position":3,"name":"Smart Watch T900 Mini"}]},{"@type":"WebSite","@id":"https:\/\/jazaguilar.com\/#website","url":"https:\/\/jazaguilar.com\/","name":"Jazaguilar","description":"Cosmeticos &amp; Accesorios","potentialAction":[{"@type":"SearchAction","target":{"@type":"EntryPoint","urlTemplate":"https:\/\/jazaguilar.com\/?s={search_term_string}"},"query-input":{"@type":"PropertyValueSpecification","valueRequired":true,"valueName":"search_term_string"}}],"inLanguage":"es"}]}},"_links":{"self":[{"href":"https:\/\/jazaguilar.com\/index.php?rest_route=\/wp\/v2\/product\/62716","targetHints":{"allow":["GET"]}}],"collection":[{"href":"https:\/\/jazaguilar.com\/index.php?rest_route=\/wp\/v2\/product"}],"about":[{"href":"https:\/\/jazaguilar.com\/index.php?rest_route=\/wp\/v2\/types\/product"}],"wp:featuredmedia":[{"embeddable":true,"href":"https:\/\/jazaguilar.com\/index.php?rest_route=\/wp\/v2\/media\/62719"}],"wp:attachment":[{"href":"https:\/\/jazaguilar.com\/index.php?rest_route=%2Fwp%2Fv2%2Fmedia&parent=62716"}],"wp:term":[{"taxonomy":"product_cat","embeddable":true,"href":"https:\/\/jazaguilar.com\/index.php?rest_route=%2Fwp%2Fv2%2Fproduct_cat&post=62716"},{"taxonomy":"product_tag","embeddable":true,"href":"https:\/\/jazaguilar.com\/index.php?rest_route=%2Fwp%2Fv2%2Fproduct_tag&post=62716"}],"curies":[{"name":"wp","href":"https:\/\/api.w.org\/{rel}","templated":true}]}}