{"id":62071,"date":"2025-11-11T18:14:02","date_gmt":"2025-11-11T23:14:02","guid":{"rendered":"https:\/\/jazaguilar.com\/?post_type=product&#038;p=62071"},"modified":"2025-11-11T18:14:02","modified_gmt":"2025-11-11T23:14:02","slug":"mascara-de-super-heroe-con-luz","status":"publish","type":"product","link":"https:\/\/jazaguilar.com\/?product=mascara-de-super-heroe-con-luz","title":{"rendered":"Mascara De Super H\u00e9roe Con Luz"},"content":{"rendered":"<p><strong>\ud83d\udcb8\ud83d\udcb5\ud83d\udcb8\ud835\ude42\ud835\ude3c\ud835\ude49\ud835\ude3c\ud835\ude4e \ud835\ude4b\ud835\ude4a\ud835\ude4d \ud835\ude4c\ud835\ude50\ud835\ude40 \ud835\ude42\ud835\ude3c\ud835\ude49\ud835\ude3c\ud835\ude4e\ud83d\udcb8\ud83d\udcb5\ud83d\udcb8<br \/>\n\ud83d\udce4Env\u00edos a toda la Rep\u00fablica \ud83d\udce6<\/strong><\/p>\n","protected":false},"excerpt":{"rendered":"<div class=\"xdj266r x14z9mp xat24cr x1lziwak x1vvkbs x126k92a\">\n<div dir=\"auto\"><strong><span class=\"html-span xexx8yu xyri2b x18d9i69 x1c1uobl x1hl2dhg x16tdsg8 x1vvkbs x3nfvp2 x1j61x8r x1fcty0u xdj266r xat24cr xm2jcoa x1mpyi22 xxymvpz xlup9mm x1kky2od\"><img loading=\"lazy\" decoding=\"async\" class=\"xz74otr x15mokao x1ga7v0g x16uus16 xbiv7yw\" src=\"https:\/\/static.xx.fbcdn.net\/images\/emoji.php\/v9\/t86\/1\/16\/1f383.png\" alt=\"\ud83c\udf83\" width=\"16\" height=\"16\" \/><\/span> \ud835\udc0c\ud835\udc00\u0301\ud835\udc12\ud835\udc02\ud835\udc00\ud835\udc11\ud835\udc00 \ud835\udc03\ud835\udc04 \ud835\udc12\ud835\udc14\ud835\udc0f\ud835\udc04\ud835\udc11 \ud835\udc07\ud835\udc04\u0301\ud835\udc11\ud835\udc0e\ud835\udc04\ud835\udc12 \ud835\udc02\ud835\udc0e\ud835\udc0d \ud835\udc0b\ud835\udc14\ud835\udc19 <span class=\"html-span xexx8yu xyri2b x18d9i69 x1c1uobl x1hl2dhg x16tdsg8 x1vvkbs x3nfvp2 x1j61x8r x1fcty0u xdj266r xat24cr xm2jcoa x1mpyi22 xxymvpz xlup9mm x1kky2od\"><img loading=\"lazy\" decoding=\"async\" class=\"xz74otr x15mokao x1ga7v0g x16uus16 xbiv7yw\" src=\"https:\/\/static.xx.fbcdn.net\/images\/emoji.php\/v9\/t86\/1\/16\/1f383.png\" alt=\"\ud83c\udf83\" width=\"16\" height=\"16\" \/><\/span><\/strong><\/div>\n<\/div>\n<div class=\"x14z9mp xat24cr x1lziwak x1vvkbs xtlvy1s x126k92a\">\n<div dir=\"auto\"><strong><span class=\"html-span xexx8yu xyri2b x18d9i69 x1c1uobl x1hl2dhg x16tdsg8 x1vvkbs x3nfvp2 x1j61x8r x1fcty0u xdj266r xat24cr xm2jcoa x1mpyi22 xxymvpz xlup9mm x1kky2od\"><img loading=\"lazy\" decoding=\"async\" class=\"xz74otr x15mokao x1ga7v0g x16uus16 xbiv7yw\" src=\"https:\/\/static.xx.fbcdn.net\/images\/emoji.php\/v9\/t5c\/1\/16\/1f4b2.png\" alt=\"\ud83d\udcb2\" width=\"16\" height=\"16\" \/><\/span><span class=\"html-span xexx8yu xyri2b x18d9i69 x1c1uobl x1hl2dhg x16tdsg8 x1vvkbs x3nfvp2 x1j61x8r x1fcty0u xdj266r xat24cr xm2jcoa x1mpyi22 xxymvpz xlup9mm x1kky2od\"><img loading=\"lazy\" decoding=\"async\" class=\"xz74otr x15mokao x1ga7v0g x16uus16 xbiv7yw\" src=\"https:\/\/static.xx.fbcdn.net\/images\/emoji.php\/v9\/t99\/1\/16\/32_20e3.png\" alt=\"2\ufe0f\u20e3\" width=\"16\" height=\"16\" \/><\/span><span class=\"html-span xexx8yu xyri2b x18d9i69 x1c1uobl x1hl2dhg x16tdsg8 x1vvkbs x3nfvp2 x1j61x8r x1fcty0u xdj266r xat24cr xm2jcoa x1mpyi22 xxymvpz xlup9mm x1kky2od\"><img loading=\"lazy\" decoding=\"async\" class=\"xz74otr x15mokao x1ga7v0g x16uus16 xbiv7yw\" src=\"https:\/\/static.xx.fbcdn.net\/images\/emoji.php\/v9\/t72\/1\/16\/39_20e3.png\" alt=\"9\ufe0f\u20e3\" width=\"16\" height=\"16\" \/><\/span><span class=\"html-span xexx8yu xyri2b x18d9i69 x1c1uobl x1hl2dhg x16tdsg8 x1vvkbs x3nfvp2 x1j61x8r x1fcty0u xdj266r xat24cr xm2jcoa x1mpyi22 xxymvpz xlup9mm x1kky2od\"><img loading=\"lazy\" decoding=\"async\" class=\"xz74otr x15mokao x1ga7v0g x16uus16 xbiv7yw\" src=\"https:\/\/static.xx.fbcdn.net\/images\/emoji.php\/v9\/t50\/1\/16\/1f525.png\" alt=\"\ud83d\udd25\" width=\"16\" height=\"16\" \/><\/span><\/strong><\/div>\n<\/div>\n<div class=\"x14z9mp xat24cr x1lziwak x1vvkbs xtlvy1s x126k92a\">\n<div dir=\"auto\"><strong>\u201c Disfrazarse es lo que m\u00e1s les encanta, facilita la misi\u00f3n con esta padr\u00edsima mascara con Luz led. Haz que se sienta como todo un h\u00e9roe de verdad.\u201d<\/strong><\/div>\n<\/div>\n<div class=\"x14z9mp xat24cr x1lziwak x1vvkbs xtlvy1s x126k92a\">\n<div dir=\"auto\"><strong>\u2605\u2605 \ud835\udde0\ud835\uddd4\ud835\udde6\ud835\uddd6\ud835\uddd4\ud835\udde5\ud835\uddd4 \u026a\u0274\ua730\u1d00\u0274\u1d1b\u026a\u029f \u2729<\/strong><\/div>\n<\/div>\n","protected":false},"featured_media":62074,"template":"","meta":[],"product_cat":[87],"product_tag":[],"class_list":{"0":"post-62071","1":"product","2":"type-product","3":"status-publish","4":"has-post-thumbnail","6":"product_cat-accesorios-de-temporada","8":"first","9":"instock","10":"shipping-taxable","11":"purchasable","12":"product-type-simple"},"tiered_pricing_type":"fixed","tiered_pricing_fixed_rules":[],"yoast_head":"<!-- This site is optimized with the Yoast SEO plugin v23.9 - https:\/\/yoast.com\/wordpress\/plugins\/seo\/ -->\n<title>Mascara De Super H\u00e9roe Con Luz - Jazaguilar<\/title>\n<meta name=\"robots\" content=\"index, follow, max-snippet:-1, max-image-preview:large, max-video-preview:-1\" \/>\n<link rel=\"canonical\" href=\"https:\/\/jazaguilar.com\/?product=mascara-de-super-heroe-con-luz\" \/>\n<meta property=\"og:locale\" content=\"es_MX\" \/>\n<meta property=\"og:type\" content=\"article\" \/>\n<meta property=\"og:title\" content=\"Mascara De Super H\u00e9roe Con Luz - Jazaguilar\" \/>\n<meta property=\"og:description\" content=\"\ud835\udc0c\ud835\udc00\u0301\ud835\udc12\ud835\udc02\ud835\udc00\ud835\udc11\ud835\udc00 \ud835\udc03\ud835\udc04 \ud835\udc12\ud835\udc14\ud835\udc0f\ud835\udc04\ud835\udc11 \ud835\udc07\ud835\udc04\u0301\ud835\udc11\ud835\udc0e\ud835\udc04\ud835\udc12 \ud835\udc02\ud835\udc0e\ud835\udc0d \ud835\udc0b\ud835\udc14\ud835\udc19       \u201c Disfrazarse es lo que m\u00e1s les encanta, facilita la misi\u00f3n con esta padr\u00edsima mascara con Luz led. Haz que se sienta como todo un h\u00e9roe de verdad.\u201d   \u2605\u2605 \ud835\udde0\ud835\uddd4\ud835\udde6\ud835\uddd6\ud835\uddd4\ud835\udde5\ud835\uddd4 \u026a\u0274\ua730\u1d00\u0274\u1d1b\u026a\u029f \u2729\" \/>\n<meta property=\"og:url\" content=\"https:\/\/jazaguilar.com\/?product=mascara-de-super-heroe-con-luz\" \/>\n<meta property=\"og:site_name\" content=\"Jazaguilar\" \/>\n<meta property=\"og:image\" content=\"https:\/\/jazaguilar.com\/wp-content\/uploads\/2025\/11\/571178578_2118633138672187_9014376910720473144_n.jpg\" \/>\n\t<meta property=\"og:image:width\" content=\"590\" \/>\n\t<meta property=\"og:image:height\" content=\"584\" \/>\n\t<meta property=\"og:image:type\" content=\"image\/jpeg\" \/>\n<meta name=\"twitter:card\" content=\"summary_large_image\" \/>\n<meta name=\"twitter:label1\" content=\"Tiempo de lectura\" \/>\n\t<meta name=\"twitter:data1\" content=\"1 minuto\" \/>\n<script type=\"application\/ld+json\" class=\"yoast-schema-graph\">{\"@context\":\"https:\/\/schema.org\",\"@graph\":[{\"@type\":\"WebPage\",\"@id\":\"https:\/\/jazaguilar.com\/?product=mascara-de-super-heroe-con-luz\",\"url\":\"https:\/\/jazaguilar.com\/?product=mascara-de-super-heroe-con-luz\",\"name\":\"Mascara De Super H\u00e9roe Con Luz - Jazaguilar\",\"isPartOf\":{\"@id\":\"https:\/\/jazaguilar.com\/#website\"},\"primaryImageOfPage\":{\"@id\":\"https:\/\/jazaguilar.com\/?product=mascara-de-super-heroe-con-luz#primaryimage\"},\"image\":{\"@id\":\"https:\/\/jazaguilar.com\/?product=mascara-de-super-heroe-con-luz#primaryimage\"},\"thumbnailUrl\":\"https:\/\/jazaguilar.com\/wp-content\/uploads\/2025\/11\/571178578_2118633138672187_9014376910720473144_n.jpg\",\"datePublished\":\"2025-11-11T23:14:02+00:00\",\"dateModified\":\"2025-11-11T23:14:02+00:00\",\"breadcrumb\":{\"@id\":\"https:\/\/jazaguilar.com\/?product=mascara-de-super-heroe-con-luz#breadcrumb\"},\"inLanguage\":\"es\",\"potentialAction\":[{\"@type\":\"ReadAction\",\"target\":[\"https:\/\/jazaguilar.com\/?product=mascara-de-super-heroe-con-luz\"]}]},{\"@type\":\"ImageObject\",\"inLanguage\":\"es\",\"@id\":\"https:\/\/jazaguilar.com\/?product=mascara-de-super-heroe-con-luz#primaryimage\",\"url\":\"https:\/\/jazaguilar.com\/wp-content\/uploads\/2025\/11\/571178578_2118633138672187_9014376910720473144_n.jpg\",\"contentUrl\":\"https:\/\/jazaguilar.com\/wp-content\/uploads\/2025\/11\/571178578_2118633138672187_9014376910720473144_n.jpg\",\"width\":590,\"height\":584},{\"@type\":\"BreadcrumbList\",\"@id\":\"https:\/\/jazaguilar.com\/?product=mascara-de-super-heroe-con-luz#breadcrumb\",\"itemListElement\":[{\"@type\":\"ListItem\",\"position\":1,\"name\":\"Inicio\",\"item\":\"https:\/\/jazaguilar.com\/\"},{\"@type\":\"ListItem\",\"position\":2,\"name\":\"Shop\",\"item\":\"https:\/\/jazaguilar.com\/?page_id=882\"},{\"@type\":\"ListItem\",\"position\":3,\"name\":\"Mascara De Super H\u00e9roe Con Luz\"}]},{\"@type\":\"WebSite\",\"@id\":\"https:\/\/jazaguilar.com\/#website\",\"url\":\"https:\/\/jazaguilar.com\/\",\"name\":\"Jazaguilar\",\"description\":\"Cosmeticos &amp; Accesorios\",\"potentialAction\":[{\"@type\":\"SearchAction\",\"target\":{\"@type\":\"EntryPoint\",\"urlTemplate\":\"https:\/\/jazaguilar.com\/?s={search_term_string}\"},\"query-input\":{\"@type\":\"PropertyValueSpecification\",\"valueRequired\":true,\"valueName\":\"search_term_string\"}}],\"inLanguage\":\"es\"}]}<\/script>\n<!-- \/ Yoast SEO plugin. -->","yoast_head_json":{"title":"Mascara De Super H\u00e9roe Con Luz - Jazaguilar","robots":{"index":"index","follow":"follow","max-snippet":"max-snippet:-1","max-image-preview":"max-image-preview:large","max-video-preview":"max-video-preview:-1"},"canonical":"https:\/\/jazaguilar.com\/?product=mascara-de-super-heroe-con-luz","og_locale":"es_MX","og_type":"article","og_title":"Mascara De Super H\u00e9roe Con Luz - Jazaguilar","og_description":"\ud835\udc0c\ud835\udc00\u0301\ud835\udc12\ud835\udc02\ud835\udc00\ud835\udc11\ud835\udc00 \ud835\udc03\ud835\udc04 \ud835\udc12\ud835\udc14\ud835\udc0f\ud835\udc04\ud835\udc11 \ud835\udc07\ud835\udc04\u0301\ud835\udc11\ud835\udc0e\ud835\udc04\ud835\udc12 \ud835\udc02\ud835\udc0e\ud835\udc0d \ud835\udc0b\ud835\udc14\ud835\udc19       \u201c Disfrazarse es lo que m\u00e1s les encanta, facilita la misi\u00f3n con esta padr\u00edsima mascara con Luz led. Haz que se sienta como todo un h\u00e9roe de verdad.\u201d   \u2605\u2605 \ud835\udde0\ud835\uddd4\ud835\udde6\ud835\uddd6\ud835\uddd4\ud835\udde5\ud835\uddd4 \u026a\u0274\ua730\u1d00\u0274\u1d1b\u026a\u029f \u2729","og_url":"https:\/\/jazaguilar.com\/?product=mascara-de-super-heroe-con-luz","og_site_name":"Jazaguilar","og_image":[{"width":590,"height":584,"url":"https:\/\/jazaguilar.com\/wp-content\/uploads\/2025\/11\/571178578_2118633138672187_9014376910720473144_n.jpg","type":"image\/jpeg"}],"twitter_card":"summary_large_image","twitter_misc":{"Tiempo de lectura":"1 minuto"},"schema":{"@context":"https:\/\/schema.org","@graph":[{"@type":"WebPage","@id":"https:\/\/jazaguilar.com\/?product=mascara-de-super-heroe-con-luz","url":"https:\/\/jazaguilar.com\/?product=mascara-de-super-heroe-con-luz","name":"Mascara De Super H\u00e9roe Con Luz - Jazaguilar","isPartOf":{"@id":"https:\/\/jazaguilar.com\/#website"},"primaryImageOfPage":{"@id":"https:\/\/jazaguilar.com\/?product=mascara-de-super-heroe-con-luz#primaryimage"},"image":{"@id":"https:\/\/jazaguilar.com\/?product=mascara-de-super-heroe-con-luz#primaryimage"},"thumbnailUrl":"https:\/\/jazaguilar.com\/wp-content\/uploads\/2025\/11\/571178578_2118633138672187_9014376910720473144_n.jpg","datePublished":"2025-11-11T23:14:02+00:00","dateModified":"2025-11-11T23:14:02+00:00","breadcrumb":{"@id":"https:\/\/jazaguilar.com\/?product=mascara-de-super-heroe-con-luz#breadcrumb"},"inLanguage":"es","potentialAction":[{"@type":"ReadAction","target":["https:\/\/jazaguilar.com\/?product=mascara-de-super-heroe-con-luz"]}]},{"@type":"ImageObject","inLanguage":"es","@id":"https:\/\/jazaguilar.com\/?product=mascara-de-super-heroe-con-luz#primaryimage","url":"https:\/\/jazaguilar.com\/wp-content\/uploads\/2025\/11\/571178578_2118633138672187_9014376910720473144_n.jpg","contentUrl":"https:\/\/jazaguilar.com\/wp-content\/uploads\/2025\/11\/571178578_2118633138672187_9014376910720473144_n.jpg","width":590,"height":584},{"@type":"BreadcrumbList","@id":"https:\/\/jazaguilar.com\/?product=mascara-de-super-heroe-con-luz#breadcrumb","itemListElement":[{"@type":"ListItem","position":1,"name":"Inicio","item":"https:\/\/jazaguilar.com\/"},{"@type":"ListItem","position":2,"name":"Shop","item":"https:\/\/jazaguilar.com\/?page_id=882"},{"@type":"ListItem","position":3,"name":"Mascara De Super H\u00e9roe Con Luz"}]},{"@type":"WebSite","@id":"https:\/\/jazaguilar.com\/#website","url":"https:\/\/jazaguilar.com\/","name":"Jazaguilar","description":"Cosmeticos &amp; Accesorios","potentialAction":[{"@type":"SearchAction","target":{"@type":"EntryPoint","urlTemplate":"https:\/\/jazaguilar.com\/?s={search_term_string}"},"query-input":{"@type":"PropertyValueSpecification","valueRequired":true,"valueName":"search_term_string"}}],"inLanguage":"es"}]}},"_links":{"self":[{"href":"https:\/\/jazaguilar.com\/index.php?rest_route=\/wp\/v2\/product\/62071","targetHints":{"allow":["GET"]}}],"collection":[{"href":"https:\/\/jazaguilar.com\/index.php?rest_route=\/wp\/v2\/product"}],"about":[{"href":"https:\/\/jazaguilar.com\/index.php?rest_route=\/wp\/v2\/types\/product"}],"wp:featuredmedia":[{"embeddable":true,"href":"https:\/\/jazaguilar.com\/index.php?rest_route=\/wp\/v2\/media\/62074"}],"wp:attachment":[{"href":"https:\/\/jazaguilar.com\/index.php?rest_route=%2Fwp%2Fv2%2Fmedia&parent=62071"}],"wp:term":[{"taxonomy":"product_cat","embeddable":true,"href":"https:\/\/jazaguilar.com\/index.php?rest_route=%2Fwp%2Fv2%2Fproduct_cat&post=62071"},{"taxonomy":"product_tag","embeddable":true,"href":"https:\/\/jazaguilar.com\/index.php?rest_route=%2Fwp%2Fv2%2Fproduct_tag&post=62071"}],"curies":[{"name":"wp","href":"https:\/\/api.w.org\/{rel}","templated":true}]}}