{"id":61693,"date":"2025-09-06T15:32:21","date_gmt":"2025-09-06T20:32:21","guid":{"rendered":"https:\/\/jazaguilar.com\/?post_type=product&#038;p=61693"},"modified":"2025-09-06T15:32:22","modified_gmt":"2025-09-06T20:32:22","slug":"calcomanias-de-pedreria-para-el-rostro","status":"publish","type":"product","link":"https:\/\/jazaguilar.com\/?product=calcomanias-de-pedreria-para-el-rostro","title":{"rendered":"Calcoman\u00edas De Pedrer\u00eda Para El Rostro"},"content":{"rendered":"<p><strong>\ud83d\udcb8\ud83d\udcb5\ud83d\udcb8\ud835\ude42\ud835\ude3c\ud835\ude49\ud835\ude3c\ud835\ude4e \ud835\ude4b\ud835\ude4a\ud835\ude4d \ud835\ude4c\ud835\ude50\ud835\ude40 \ud835\ude42\ud835\ude3c\ud835\ude49\ud835\ude3c\ud835\ude4e\ud83d\udcb8\ud83d\udcb5\ud83d\udcb8<br \/>\n\ud83d\udce4Env\u00edos a toda la Rep\u00fablica \ud83d\udce6<br \/>\n\u21e2\u21e2\u21e2\u21e2\ud83d\udce6 \u2708\ufe0f\u261d\ufe0f\ud835\uddd9\ud835\udde2\ud835\udde5\ud835\uddd4\ud835\udde1\ud835\uddd8\ud835\udde2\u261d\ufe0f \u2708\ufe0f\ud83d\udce6\u21e0\u21e0\u21e0\u21e0<br \/>\n\ud83d\ude4f\u203c\ufe0fGRACIAS POR SU CONFIANZA \u203c\ufe0f\ud83d\ude4f<\/strong><\/p>\n","protected":false},"excerpt":{"rendered":"<div class=\"xdj266r x14z9mp xat24cr x1lziwak x1vvkbs x126k92a\">\n<div dir=\"auto\"><strong><span class=\"html-span xexx8yu xyri2b x18d9i69 x1c1uobl x1hl2dhg x16tdsg8 x1vvkbs x3nfvp2 x1j61x8r x1fcty0u xdj266r xat24cr xm2jcoa x1mpyi22 xxymvpz xlup9mm x1kky2od\"><img loading=\"lazy\" decoding=\"async\" class=\"xz74otr x15mokao x1ga7v0g x16uus16 xbiv7yw\" src=\"https:\/\/static.xx.fbcdn.net\/images\/emoji.php\/v9\/tf9\/1\/16\/1f48e.png\" alt=\"\ud83d\udc8e\" width=\"16\" height=\"16\" \/><\/span> <span class=\"html-span xexx8yu xyri2b x18d9i69 x1c1uobl x1hl2dhg x16tdsg8 x1vvkbs x3nfvp2 x1j61x8r x1fcty0u xdj266r xat24cr xm2jcoa x1mpyi22 xxymvpz xlup9mm x1kky2od\"><img loading=\"lazy\" decoding=\"async\" class=\"xz74otr x15mokao x1ga7v0g x16uus16 xbiv7yw\" src=\"https:\/\/static.xx.fbcdn.net\/images\/emoji.php\/v9\/t14\/1\/16\/1f9d9_200d_2640.png\" alt=\"\ud83e\uddd9\u200d\u2640\ufe0f\" width=\"16\" height=\"16\" \/><\/span><span class=\"html-span xexx8yu xyri2b x18d9i69 x1c1uobl x1hl2dhg x16tdsg8 x1vvkbs x3nfvp2 x1j61x8r x1fcty0u xdj266r xat24cr xm2jcoa x1mpyi22 xxymvpz xlup9mm x1kky2od\"><img loading=\"lazy\" decoding=\"async\" class=\"xz74otr x15mokao x1ga7v0g x16uus16 xbiv7yw\" src=\"https:\/\/static.xx.fbcdn.net\/images\/emoji.php\/v9\/t60\/1\/16\/1f51d.png\" alt=\"\ud83d\udd1d\" width=\"16\" height=\"16\" \/><\/span>\ud835\uddd9\ud835\uddd4\ud835\uddd6\ud835\uddd8 \ud835\uddda\ud835\uddd8\ud835\udde0\ud835\udde6 <span class=\"html-span xexx8yu xyri2b x18d9i69 x1c1uobl x1hl2dhg x16tdsg8 x1vvkbs x3nfvp2 x1j61x8r x1fcty0u xdj266r xat24cr xm2jcoa x1mpyi22 xxymvpz xlup9mm x1kky2od\"><img loading=\"lazy\" decoding=\"async\" class=\"xz74otr x15mokao x1ga7v0g x16uus16 xbiv7yw\" src=\"https:\/\/static.xx.fbcdn.net\/images\/emoji.php\/v9\/t16\/1\/16\/1f9d9_200d_2642.png\" alt=\"\ud83e\uddd9\u200d\u2642\ufe0f\" width=\"16\" height=\"16\" \/><\/span><span class=\"html-span xexx8yu xyri2b x18d9i69 x1c1uobl x1hl2dhg x16tdsg8 x1vvkbs x3nfvp2 x1j61x8r x1fcty0u xdj266r xat24cr xm2jcoa x1mpyi22 xxymvpz xlup9mm x1kky2od\"><img loading=\"lazy\" decoding=\"async\" class=\"xz74otr x15mokao x1ga7v0g x16uus16 xbiv7yw\" src=\"https:\/\/static.xx.fbcdn.net\/images\/emoji.php\/v9\/t60\/1\/16\/1f51d.png\" alt=\"\ud83d\udd1d\" width=\"16\" height=\"16\" \/><\/span><span class=\"html-span xexx8yu xyri2b x18d9i69 x1c1uobl x1hl2dhg x16tdsg8 x1vvkbs x3nfvp2 x1j61x8r x1fcty0u xdj266r xat24cr xm2jcoa x1mpyi22 xxymvpz xlup9mm x1kky2od\"><img loading=\"lazy\" decoding=\"async\" class=\"xz74otr x15mokao x1ga7v0g x16uus16 xbiv7yw\" src=\"https:\/\/static.xx.fbcdn.net\/images\/emoji.php\/v9\/tf9\/1\/16\/1f48e.png\" alt=\"\ud83d\udc8e\" width=\"16\" height=\"16\" \/><\/span><\/strong><\/div>\n<\/div>\n<div class=\"x14z9mp xat24cr x1lziwak x1vvkbs xtlvy1s x126k92a\">\n<div dir=\"auto\"><strong><span class=\"html-span xexx8yu xyri2b x18d9i69 x1c1uobl x1hl2dhg x16tdsg8 x1vvkbs x3nfvp2 x1j61x8r x1fcty0u xdj266r xat24cr xm2jcoa x1mpyi22 xxymvpz xlup9mm x1kky2od\"><img loading=\"lazy\" decoding=\"async\" class=\"xz74otr x15mokao x1ga7v0g x16uus16 xbiv7yw\" src=\"https:\/\/static.xx.fbcdn.net\/images\/emoji.php\/v9\/tab\/1\/16\/2620.png\" alt=\"\u2620\ufe0f\" width=\"16\" height=\"16\" \/><\/span> Catrina<span class=\"html-span xexx8yu xyri2b x18d9i69 x1c1uobl x1hl2dhg x16tdsg8 x1vvkbs x3nfvp2 x1j61x8r x1fcty0u xdj266r xat24cr xm2jcoa x1mpyi22 xxymvpz xlup9mm x1kky2od\"><img loading=\"lazy\" decoding=\"async\" class=\"xz74otr x15mokao x1ga7v0g x16uus16 xbiv7yw\" src=\"https:\/\/static.xx.fbcdn.net\/images\/emoji.php\/v9\/tab\/1\/16\/2620.png\" alt=\"\u2620\ufe0f\" width=\"16\" height=\"16\" \/><\/span><\/strong><\/div>\n<\/div>\n<div class=\"x14z9mp xat24cr x1lziwak x1vvkbs xtlvy1s x126k92a\">\n<div dir=\"auto\"><strong><span class=\"html-span xexx8yu xyri2b x18d9i69 x1c1uobl x1hl2dhg x16tdsg8 x1vvkbs x3nfvp2 x1j61x8r x1fcty0u xdj266r xat24cr xm2jcoa x1mpyi22 xxymvpz xlup9mm x1kky2od\"><img loading=\"lazy\" decoding=\"async\" class=\"xz74otr x15mokao x1ga7v0g x16uus16 xbiv7yw\" src=\"https:\/\/static.xx.fbcdn.net\/images\/emoji.php\/v9\/tf4\/1\/16\/2728.png\" alt=\"\u2728\ufe0f\" width=\"16\" height=\"16\" \/><\/span>Calcoman\u00edas de pedrer\u00eda para el rostro<span class=\"html-span xexx8yu xyri2b x18d9i69 x1c1uobl x1hl2dhg x16tdsg8 x1vvkbs x3nfvp2 x1j61x8r x1fcty0u xdj266r xat24cr xm2jcoa x1mpyi22 xxymvpz xlup9mm x1kky2od\"><img loading=\"lazy\" decoding=\"async\" class=\"xz74otr x15mokao x1ga7v0g x16uus16 xbiv7yw\" src=\"https:\/\/static.xx.fbcdn.net\/images\/emoji.php\/v9\/tf4\/1\/16\/2728.png\" alt=\"\u2728\ufe0f\" width=\"16\" height=\"16\" \/><\/span><\/strong><\/div>\n<\/div>\n<div class=\"x14z9mp xat24cr x1lziwak x1vvkbs xtlvy1s x126k92a\">\n<div dir=\"auto\"><strong><span class=\"html-span xexx8yu xyri2b x18d9i69 x1c1uobl x1hl2dhg x16tdsg8 x1vvkbs x3nfvp2 x1j61x8r x1fcty0u xdj266r xat24cr xm2jcoa x1mpyi22 xxymvpz xlup9mm x1kky2od\"><img loading=\"lazy\" decoding=\"async\" class=\"xz74otr x15mokao x1ga7v0g x16uus16 xbiv7yw\" src=\"https:\/\/static.xx.fbcdn.net\/images\/emoji.php\/v9\/tf\/1\/16\/1f9db.png\" alt=\"\ud83e\udddb\" width=\"16\" height=\"16\" \/><\/span><span class=\"html-span xexx8yu xyri2b x18d9i69 x1c1uobl x1hl2dhg x16tdsg8 x1vvkbs x3nfvp2 x1j61x8r x1fcty0u xdj266r xat24cr xm2jcoa x1mpyi22 xxymvpz xlup9mm x1kky2od\"><img loading=\"lazy\" decoding=\"async\" class=\"xz74otr x15mokao x1ga7v0g x16uus16 xbiv7yw\" src=\"https:\/\/static.xx.fbcdn.net\/images\/emoji.php\/v9\/t5c\/1\/16\/1f4b2.png\" alt=\"\ud83d\udcb2\" width=\"16\" height=\"16\" \/><\/span><span class=\"html-span xexx8yu xyri2b x18d9i69 x1c1uobl x1hl2dhg x16tdsg8 x1vvkbs x3nfvp2 x1j61x8r x1fcty0u xdj266r xat24cr xm2jcoa x1mpyi22 xxymvpz xlup9mm x1kky2od\"><img loading=\"lazy\" decoding=\"async\" class=\"xz74otr x15mokao x1ga7v0g x16uus16 xbiv7yw\" src=\"https:\/\/static.xx.fbcdn.net\/images\/emoji.php\/v9\/t34\/1\/16\/37_20e3.png\" alt=\"7\ufe0f\u20e3\" width=\"16\" height=\"16\" \/><\/span><span class=\"html-span xexx8yu xyri2b x18d9i69 x1c1uobl x1hl2dhg x16tdsg8 x1vvkbs x3nfvp2 x1j61x8r x1fcty0u xdj266r xat24cr xm2jcoa x1mpyi22 xxymvpz xlup9mm x1kky2od\"><img loading=\"lazy\" decoding=\"async\" class=\"xz74otr x15mokao x1ga7v0g x16uus16 xbiv7yw\" src=\"https:\/\/static.xx.fbcdn.net\/images\/emoji.php\/v9\/t50\/1\/16\/1f525.png\" alt=\"\ud83d\udd25\" width=\"16\" height=\"16\" \/>Aprovecha nuestras incre\u00edbles ofertas<\/span><span class=\"html-span xexx8yu xyri2b x18d9i69 x1c1uobl x1hl2dhg x16tdsg8 x1vvkbs x3nfvp2 x1j61x8r x1fcty0u xdj266r xat24cr xm2jcoa x1mpyi22 xxymvpz xlup9mm x1kky2od\"><img loading=\"lazy\" decoding=\"async\" class=\"xz74otr x15mokao x1ga7v0g x16uus16 xbiv7yw\" src=\"https:\/\/static.xx.fbcdn.net\/images\/emoji.php\/v9\/t5c\/1\/16\/1f4b2.png\" alt=\"\ud83d\udcb2\" width=\"16\" height=\"16\" \/><\/span><span class=\"html-span xexx8yu xyri2b x18d9i69 x1c1uobl x1hl2dhg x16tdsg8 x1vvkbs x3nfvp2 x1j61x8r x1fcty0u xdj266r xat24cr xm2jcoa x1mpyi22 xxymvpz xlup9mm x1kky2od\"><img loading=\"lazy\" decoding=\"async\" class=\"xz74otr x15mokao x1ga7v0g x16uus16 xbiv7yw\" src=\"https:\/\/static.xx.fbcdn.net\/images\/emoji.php\/v9\/t34\/1\/16\/37_20e3.png\" alt=\"7\ufe0f\u20e3\" width=\"16\" height=\"16\" \/><\/span><span class=\"html-span xexx8yu xyri2b x18d9i69 x1c1uobl x1hl2dhg x16tdsg8 x1vvkbs x3nfvp2 x1j61x8r x1fcty0u xdj266r xat24cr xm2jcoa x1mpyi22 xxymvpz xlup9mm x1kky2od\"><img loading=\"lazy\" decoding=\"async\" class=\"xz74otr x15mokao x1ga7v0g x16uus16 xbiv7yw\" src=\"https:\/\/static.xx.fbcdn.net\/images\/emoji.php\/v9\/t50\/1\/16\/1f525.png\" alt=\"\ud83d\udd25\" width=\"16\" height=\"16\" \/><\/span><span class=\"html-span xexx8yu xyri2b x18d9i69 x1c1uobl x1hl2dhg x16tdsg8 x1vvkbs x3nfvp2 x1j61x8r x1fcty0u xdj266r xat24cr xm2jcoa x1mpyi22 xxymvpz xlup9mm x1kky2od\"><img loading=\"lazy\" decoding=\"async\" class=\"xz74otr x15mokao x1ga7v0g x16uus16 xbiv7yw\" src=\"https:\/\/static.xx.fbcdn.net\/images\/emoji.php\/v9\/t81\/1\/16\/1f9df_200d_2640.png\" alt=\"\ud83e\udddf\u200d\u2640\ufe0f\" width=\"16\" height=\"16\" \/><\/span><\/strong><\/div>\n<div dir=\"auto\"><strong>(\ud835\ude7f\ud835\ude9b\ud835\ude8e\ud835\ude8c\ud835\ude92\ud835\ude98 \ud835\udea1 \ud835\ude8d\ud835\ude98\ud835\ude8c\ud835\ude8e\ud835\ude97\ud835\ude8a)<\/strong><\/div>\n<\/div>\n<div class=\"x14z9mp xat24cr x1lziwak x1vvkbs xtlvy1s x126k92a\">\n<div dir=\"auto\"><strong>\u201c \ud835\udc7b\ud835\udc86 \ud835\udc97\ud835\udc82\ud835\udc94 \ud835\udc82 \ud835\udc97\ud835\udc86\ud835\udc93 \ud835\udc6a\ud835\udc89\ud835\udc96\ud835\udc8d\ud835\udc8a\ud835\udc94\ud835\udc8a\ud835\udc8e\ud835\udc82\ud835\udc82\ud835\udc82\ud835\udc82 \ud835\udc85\ud835\udc86 \ud835\udc6a\ud835\udc68\ud835\udc7b\ud835\udc79\ud835\udc70\ud835\udc75\ud835\udc68 \u201c<\/strong><\/div>\n<\/div>\n","protected":false},"featured_media":61700,"template":"","meta":[],"product_cat":[87,83],"product_tag":[],"class_list":{"0":"post-61693","1":"product","2":"type-product","3":"status-publish","4":"has-post-thumbnail","6":"product_cat-accesorios-de-temporada","7":"product_cat-maquillaje","9":"first","10":"instock","11":"shipping-taxable","12":"purchasable","13":"product-type-simple"},"tiered_pricing_type":"fixed","tiered_pricing_fixed_rules":[],"yoast_head":"<!-- This site is optimized with the Yoast SEO plugin v23.9 - https:\/\/yoast.com\/wordpress\/plugins\/seo\/ -->\n<title>Calcoman\u00edas De Pedrer\u00eda Para El Rostro - Jazaguilar<\/title>\n<meta name=\"robots\" content=\"index, follow, max-snippet:-1, max-image-preview:large, max-video-preview:-1\" \/>\n<link rel=\"canonical\" href=\"https:\/\/jazaguilar.com\/?product=calcomanias-de-pedreria-para-el-rostro\" \/>\n<meta property=\"og:locale\" content=\"es_MX\" \/>\n<meta property=\"og:type\" content=\"article\" \/>\n<meta property=\"og:title\" content=\"Calcoman\u00edas De Pedrer\u00eda Para El Rostro - Jazaguilar\" \/>\n<meta property=\"og:description\" content=\"\ud835\uddd9\ud835\uddd4\ud835\uddd6\ud835\uddd8 \ud835\uddda\ud835\uddd8\ud835\udde0\ud835\udde6    Catrina   Calcoman\u00edas de pedrer\u00eda para el rostro   Aprovecha nuestras incre\u00edbles ofertas (\ud835\ude7f\ud835\ude9b\ud835\ude8e\ud835\ude8c\ud835\ude92\ud835\ude98 \ud835\udea1 \ud835\ude8d\ud835\ude98\ud835\ude8c\ud835\ude8e\ud835\ude97\ud835\ude8a)   \u201c \ud835\udc7b\ud835\udc86 \ud835\udc97\ud835\udc82\ud835\udc94 \ud835\udc82 \ud835\udc97\ud835\udc86\ud835\udc93 \ud835\udc6a\ud835\udc89\ud835\udc96\ud835\udc8d\ud835\udc8a\ud835\udc94\ud835\udc8a\ud835\udc8e\ud835\udc82\ud835\udc82\ud835\udc82\ud835\udc82 \ud835\udc85\ud835\udc86 \ud835\udc6a\ud835\udc68\ud835\udc7b\ud835\udc79\ud835\udc70\ud835\udc75\ud835\udc68 \u201c\" \/>\n<meta property=\"og:url\" content=\"https:\/\/jazaguilar.com\/?product=calcomanias-de-pedreria-para-el-rostro\" \/>\n<meta property=\"og:site_name\" content=\"Jazaguilar\" \/>\n<meta property=\"article:modified_time\" content=\"2025-09-06T20:32:22+00:00\" \/>\n<meta property=\"og:image\" content=\"https:\/\/jazaguilar.com\/wp-content\/uploads\/2025\/09\/542131312_2070952743440227_6016633859356391103_n.jpg\" \/>\n\t<meta property=\"og:image:width\" content=\"564\" \/>\n\t<meta property=\"og:image:height\" content=\"844\" \/>\n\t<meta property=\"og:image:type\" content=\"image\/jpeg\" \/>\n<meta name=\"twitter:card\" content=\"summary_large_image\" \/>\n<meta name=\"twitter:label1\" content=\"Tiempo de lectura\" \/>\n\t<meta name=\"twitter:data1\" content=\"1 minuto\" \/>\n<script type=\"application\/ld+json\" class=\"yoast-schema-graph\">{\"@context\":\"https:\/\/schema.org\",\"@graph\":[{\"@type\":\"WebPage\",\"@id\":\"https:\/\/jazaguilar.com\/?product=calcomanias-de-pedreria-para-el-rostro\",\"url\":\"https:\/\/jazaguilar.com\/?product=calcomanias-de-pedreria-para-el-rostro\",\"name\":\"Calcoman\u00edas De Pedrer\u00eda Para El Rostro - Jazaguilar\",\"isPartOf\":{\"@id\":\"https:\/\/jazaguilar.com\/#website\"},\"primaryImageOfPage\":{\"@id\":\"https:\/\/jazaguilar.com\/?product=calcomanias-de-pedreria-para-el-rostro#primaryimage\"},\"image\":{\"@id\":\"https:\/\/jazaguilar.com\/?product=calcomanias-de-pedreria-para-el-rostro#primaryimage\"},\"thumbnailUrl\":\"https:\/\/jazaguilar.com\/wp-content\/uploads\/2025\/09\/542131312_2070952743440227_6016633859356391103_n.jpg\",\"datePublished\":\"2025-09-06T20:32:21+00:00\",\"dateModified\":\"2025-09-06T20:32:22+00:00\",\"breadcrumb\":{\"@id\":\"https:\/\/jazaguilar.com\/?product=calcomanias-de-pedreria-para-el-rostro#breadcrumb\"},\"inLanguage\":\"es\",\"potentialAction\":[{\"@type\":\"ReadAction\",\"target\":[\"https:\/\/jazaguilar.com\/?product=calcomanias-de-pedreria-para-el-rostro\"]}]},{\"@type\":\"ImageObject\",\"inLanguage\":\"es\",\"@id\":\"https:\/\/jazaguilar.com\/?product=calcomanias-de-pedreria-para-el-rostro#primaryimage\",\"url\":\"https:\/\/jazaguilar.com\/wp-content\/uploads\/2025\/09\/542131312_2070952743440227_6016633859356391103_n.jpg\",\"contentUrl\":\"https:\/\/jazaguilar.com\/wp-content\/uploads\/2025\/09\/542131312_2070952743440227_6016633859356391103_n.jpg\",\"width\":564,\"height\":844},{\"@type\":\"BreadcrumbList\",\"@id\":\"https:\/\/jazaguilar.com\/?product=calcomanias-de-pedreria-para-el-rostro#breadcrumb\",\"itemListElement\":[{\"@type\":\"ListItem\",\"position\":1,\"name\":\"Inicio\",\"item\":\"https:\/\/jazaguilar.com\/\"},{\"@type\":\"ListItem\",\"position\":2,\"name\":\"Shop\",\"item\":\"https:\/\/jazaguilar.com\/?page_id=882\"},{\"@type\":\"ListItem\",\"position\":3,\"name\":\"Calcoman\u00edas De Pedrer\u00eda Para El Rostro\"}]},{\"@type\":\"WebSite\",\"@id\":\"https:\/\/jazaguilar.com\/#website\",\"url\":\"https:\/\/jazaguilar.com\/\",\"name\":\"Jazaguilar\",\"description\":\"Cosmeticos &amp; Accesorios\",\"potentialAction\":[{\"@type\":\"SearchAction\",\"target\":{\"@type\":\"EntryPoint\",\"urlTemplate\":\"https:\/\/jazaguilar.com\/?s={search_term_string}\"},\"query-input\":{\"@type\":\"PropertyValueSpecification\",\"valueRequired\":true,\"valueName\":\"search_term_string\"}}],\"inLanguage\":\"es\"}]}<\/script>\n<!-- \/ Yoast SEO plugin. -->","yoast_head_json":{"title":"Calcoman\u00edas De Pedrer\u00eda Para El Rostro - Jazaguilar","robots":{"index":"index","follow":"follow","max-snippet":"max-snippet:-1","max-image-preview":"max-image-preview:large","max-video-preview":"max-video-preview:-1"},"canonical":"https:\/\/jazaguilar.com\/?product=calcomanias-de-pedreria-para-el-rostro","og_locale":"es_MX","og_type":"article","og_title":"Calcoman\u00edas De Pedrer\u00eda Para El Rostro - Jazaguilar","og_description":"\ud835\uddd9\ud835\uddd4\ud835\uddd6\ud835\uddd8 \ud835\uddda\ud835\uddd8\ud835\udde0\ud835\udde6    Catrina   Calcoman\u00edas de pedrer\u00eda para el rostro   Aprovecha nuestras incre\u00edbles ofertas (\ud835\ude7f\ud835\ude9b\ud835\ude8e\ud835\ude8c\ud835\ude92\ud835\ude98 \ud835\udea1 \ud835\ude8d\ud835\ude98\ud835\ude8c\ud835\ude8e\ud835\ude97\ud835\ude8a)   \u201c \ud835\udc7b\ud835\udc86 \ud835\udc97\ud835\udc82\ud835\udc94 \ud835\udc82 \ud835\udc97\ud835\udc86\ud835\udc93 \ud835\udc6a\ud835\udc89\ud835\udc96\ud835\udc8d\ud835\udc8a\ud835\udc94\ud835\udc8a\ud835\udc8e\ud835\udc82\ud835\udc82\ud835\udc82\ud835\udc82 \ud835\udc85\ud835\udc86 \ud835\udc6a\ud835\udc68\ud835\udc7b\ud835\udc79\ud835\udc70\ud835\udc75\ud835\udc68 \u201c","og_url":"https:\/\/jazaguilar.com\/?product=calcomanias-de-pedreria-para-el-rostro","og_site_name":"Jazaguilar","article_modified_time":"2025-09-06T20:32:22+00:00","og_image":[{"width":564,"height":844,"url":"https:\/\/jazaguilar.com\/wp-content\/uploads\/2025\/09\/542131312_2070952743440227_6016633859356391103_n.jpg","type":"image\/jpeg"}],"twitter_card":"summary_large_image","twitter_misc":{"Tiempo de lectura":"1 minuto"},"schema":{"@context":"https:\/\/schema.org","@graph":[{"@type":"WebPage","@id":"https:\/\/jazaguilar.com\/?product=calcomanias-de-pedreria-para-el-rostro","url":"https:\/\/jazaguilar.com\/?product=calcomanias-de-pedreria-para-el-rostro","name":"Calcoman\u00edas De Pedrer\u00eda Para El Rostro - Jazaguilar","isPartOf":{"@id":"https:\/\/jazaguilar.com\/#website"},"primaryImageOfPage":{"@id":"https:\/\/jazaguilar.com\/?product=calcomanias-de-pedreria-para-el-rostro#primaryimage"},"image":{"@id":"https:\/\/jazaguilar.com\/?product=calcomanias-de-pedreria-para-el-rostro#primaryimage"},"thumbnailUrl":"https:\/\/jazaguilar.com\/wp-content\/uploads\/2025\/09\/542131312_2070952743440227_6016633859356391103_n.jpg","datePublished":"2025-09-06T20:32:21+00:00","dateModified":"2025-09-06T20:32:22+00:00","breadcrumb":{"@id":"https:\/\/jazaguilar.com\/?product=calcomanias-de-pedreria-para-el-rostro#breadcrumb"},"inLanguage":"es","potentialAction":[{"@type":"ReadAction","target":["https:\/\/jazaguilar.com\/?product=calcomanias-de-pedreria-para-el-rostro"]}]},{"@type":"ImageObject","inLanguage":"es","@id":"https:\/\/jazaguilar.com\/?product=calcomanias-de-pedreria-para-el-rostro#primaryimage","url":"https:\/\/jazaguilar.com\/wp-content\/uploads\/2025\/09\/542131312_2070952743440227_6016633859356391103_n.jpg","contentUrl":"https:\/\/jazaguilar.com\/wp-content\/uploads\/2025\/09\/542131312_2070952743440227_6016633859356391103_n.jpg","width":564,"height":844},{"@type":"BreadcrumbList","@id":"https:\/\/jazaguilar.com\/?product=calcomanias-de-pedreria-para-el-rostro#breadcrumb","itemListElement":[{"@type":"ListItem","position":1,"name":"Inicio","item":"https:\/\/jazaguilar.com\/"},{"@type":"ListItem","position":2,"name":"Shop","item":"https:\/\/jazaguilar.com\/?page_id=882"},{"@type":"ListItem","position":3,"name":"Calcoman\u00edas De Pedrer\u00eda Para El Rostro"}]},{"@type":"WebSite","@id":"https:\/\/jazaguilar.com\/#website","url":"https:\/\/jazaguilar.com\/","name":"Jazaguilar","description":"Cosmeticos &amp; Accesorios","potentialAction":[{"@type":"SearchAction","target":{"@type":"EntryPoint","urlTemplate":"https:\/\/jazaguilar.com\/?s={search_term_string}"},"query-input":{"@type":"PropertyValueSpecification","valueRequired":true,"valueName":"search_term_string"}}],"inLanguage":"es"}]}},"_links":{"self":[{"href":"https:\/\/jazaguilar.com\/index.php?rest_route=\/wp\/v2\/product\/61693","targetHints":{"allow":["GET"]}}],"collection":[{"href":"https:\/\/jazaguilar.com\/index.php?rest_route=\/wp\/v2\/product"}],"about":[{"href":"https:\/\/jazaguilar.com\/index.php?rest_route=\/wp\/v2\/types\/product"}],"wp:featuredmedia":[{"embeddable":true,"href":"https:\/\/jazaguilar.com\/index.php?rest_route=\/wp\/v2\/media\/61700"}],"wp:attachment":[{"href":"https:\/\/jazaguilar.com\/index.php?rest_route=%2Fwp%2Fv2%2Fmedia&parent=61693"}],"wp:term":[{"taxonomy":"product_cat","embeddable":true,"href":"https:\/\/jazaguilar.com\/index.php?rest_route=%2Fwp%2Fv2%2Fproduct_cat&post=61693"},{"taxonomy":"product_tag","embeddable":true,"href":"https:\/\/jazaguilar.com\/index.php?rest_route=%2Fwp%2Fv2%2Fproduct_tag&post=61693"}],"curies":[{"name":"wp","href":"https:\/\/api.w.org\/{rel}","templated":true}]}}