{"id":53151,"date":"2025-05-18T16:47:28","date_gmt":"2025-05-18T21:47:28","guid":{"rendered":"https:\/\/jazaguilar.com\/?post_type=product&#038;p=53151"},"modified":"2025-05-18T16:47:28","modified_gmt":"2025-05-18T21:47:28","slug":"paraguas-baston-2-en-1","status":"publish","type":"product","link":"https:\/\/jazaguilar.com\/?product=paraguas-baston-2-en-1","title":{"rendered":"Paraguas Bast\u00f3n 2 en 1"},"content":{"rendered":"<p><strong>\ud83d\udcb8\ud83d\udcb5\ud83d\udcb8\ud835\ude42\ud835\ude3c\ud835\ude49\ud835\ude3c\ud835\ude4e \ud835\ude4b\ud835\ude4a\ud835\ude4d \ud835\ude4c\ud835\ude50\ud835\ude40 \ud835\ude42\ud835\ude3c\ud835\ude49\ud835\ude3c\ud835\ude4e\ud83d\udcb8\ud83d\udcb5\ud83d\udcb8<\/strong><br \/>\n<strong>\ud83d\udce4Env\u00edos a toda la Rep\u00fablica \ud83d\udce6<\/strong><\/p>\n","protected":false},"excerpt":{"rendered":"<div class=\"xdj266r x11i5rnm xat24cr x1mh8g0r x1vvkbs x126k92a\">\n<div dir=\"auto\"><strong><span class=\"html-span xexx8yu x4uap5 x18d9i69 xkhd6sd x1hl2dhg x16tdsg8 x1vvkbs x3nfvp2 x1j61x8r x1fcty0u xdj266r xat24cr xgzva0m xhhsvwb xxymvpz xlup9mm x1kky2od\"><img loading=\"lazy\" decoding=\"async\" class=\"xz74otr x168nmei x13lgxp2 x5pf9jr xo71vjh\" src=\"https:\/\/static.xx.fbcdn.net\/images\/emoji.php\/v9\/t6f\/1\/16\/2602.png\" alt=\"\u2602\ufe0f\" width=\"16\" height=\"16\" \/><\/span> \ud835\ude4b\ud835\ude3c\ud835\ude4d\ud835\ude3c\ud835\ude42\ud835\ude50\ud835\ude3c\ud835\ude4e \ud835\ude3d\ud835\ude3c\ud835\ude4e\ud835\ude4f\ud835\ude4a\ud835\ude49 2 \ud835\ude5a\ud835\ude63 1 <span class=\"html-span xexx8yu x4uap5 x18d9i69 xkhd6sd x1hl2dhg x16tdsg8 x1vvkbs x3nfvp2 x1j61x8r x1fcty0u xdj266r xat24cr xgzva0m xhhsvwb xxymvpz xlup9mm x1kky2od\"><img loading=\"lazy\" decoding=\"async\" class=\"xz74otr x168nmei x13lgxp2 x5pf9jr xo71vjh\" src=\"https:\/\/static.xx.fbcdn.net\/images\/emoji.php\/v9\/t6f\/1\/16\/2602.png\" alt=\"\u2602\ufe0f\" width=\"16\" height=\"16\" \/><\/span><span class=\"html-span xexx8yu x4uap5 x18d9i69 xkhd6sd x1hl2dhg x16tdsg8 x1vvkbs x3nfvp2 x1j61x8r x1fcty0u xdj266r xat24cr xgzva0m xhhsvwb xxymvpz xlup9mm x1kky2od\"><img loading=\"lazy\" decoding=\"async\" class=\"xz74otr x168nmei x13lgxp2 x5pf9jr xo71vjh\" src=\"https:\/\/static.xx.fbcdn.net\/images\/emoji.php\/v9\/t6f\/1\/16\/2602.png\" alt=\"\u2602\ufe0f\" width=\"16\" height=\"16\" \/><\/span><\/strong><\/div>\n<\/div>\n<div class=\"x11i5rnm xat24cr x1mh8g0r x1vvkbs xtlvy1s x126k92a\">\n<div dir=\"auto\"><strong><span class=\"html-span xexx8yu x4uap5 x18d9i69 xkhd6sd x1hl2dhg x16tdsg8 x1vvkbs x3nfvp2 x1j61x8r x1fcty0u xdj266r xat24cr xgzva0m xhhsvwb xxymvpz xlup9mm x1kky2od\"><img loading=\"lazy\" decoding=\"async\" class=\"xz74otr x168nmei x13lgxp2 x5pf9jr xo71vjh\" src=\"https:\/\/static.xx.fbcdn.net\/images\/emoji.php\/v9\/t5c\/1\/16\/1f4b2.png\" alt=\"\ud83d\udcb2\" width=\"16\" height=\"16\" \/><\/span><span class=\"html-span xexx8yu x4uap5 x18d9i69 xkhd6sd x1hl2dhg x16tdsg8 x1vvkbs x3nfvp2 x1j61x8r x1fcty0u xdj266r xat24cr xgzva0m xhhsvwb xxymvpz xlup9mm x1kky2od\"><img loading=\"lazy\" decoding=\"async\" class=\"xz74otr x168nmei x13lgxp2 x5pf9jr xo71vjh\" src=\"https:\/\/static.xx.fbcdn.net\/images\/emoji.php\/v9\/t15\/1\/16\/36_20e3.png\" alt=\"6\ufe0f\u20e3\" width=\"16\" height=\"16\" \/><\/span><span class=\"html-span xexx8yu x4uap5 x18d9i69 xkhd6sd x1hl2dhg x16tdsg8 x1vvkbs x3nfvp2 x1j61x8r x1fcty0u xdj266r xat24cr xgzva0m xhhsvwb xxymvpz xlup9mm x1kky2od\"><img loading=\"lazy\" decoding=\"async\" class=\"xz74otr x168nmei x13lgxp2 x5pf9jr xo71vjh\" src=\"https:\/\/static.xx.fbcdn.net\/images\/emoji.php\/v9\/tf6\/1\/16\/35_20e3.png\" alt=\"5\ufe0f\u20e3\" width=\"16\" height=\"16\" \/><\/span><span class=\"html-span xexx8yu x4uap5 x18d9i69 xkhd6sd x1hl2dhg x16tdsg8 x1vvkbs x3nfvp2 x1j61x8r x1fcty0u xdj266r xat24cr xgzva0m xhhsvwb xxymvpz xlup9mm x1kky2od\"><img loading=\"lazy\" decoding=\"async\" class=\"xz74otr x168nmei x13lgxp2 x5pf9jr xo71vjh\" src=\"https:\/\/static.xx.fbcdn.net\/images\/emoji.php\/v9\/t50\/1\/16\/1f525.png\" alt=\"\ud83d\udd25\" width=\"16\" height=\"16\" \/><\/span><\/strong><\/div>\n<\/div>\n<div class=\"x11i5rnm xat24cr x1mh8g0r x1vvkbs xtlvy1s x126k92a\">\n<div dir=\"auto\"><strong>No es solo un paraguas, tambi\u00e9n es un bast\u00f3n para caminar.<\/strong><\/div>\n<div dir=\"auto\"><strong><span class=\"html-span xexx8yu x4uap5 x18d9i69 xkhd6sd x1hl2dhg x16tdsg8 x1vvkbs x3nfvp2 x1j61x8r x1fcty0u xdj266r xat24cr xgzva0m xhhsvwb xxymvpz xlup9mm x1kky2od\"><img loading=\"lazy\" decoding=\"async\" class=\"xz74otr x168nmei x13lgxp2 x5pf9jr xo71vjh\" src=\"https:\/\/static.xx.fbcdn.net\/images\/emoji.php\/v9\/t77\/1\/16\/203c.png\" alt=\"\u203c\ufe0f\" width=\"16\" height=\"16\" \/><\/span>Ideal para el sol, PERFECTA para la lluvia<span class=\"html-span xexx8yu x4uap5 x18d9i69 xkhd6sd x1hl2dhg x16tdsg8 x1vvkbs x3nfvp2 x1j61x8r x1fcty0u xdj266r xat24cr xgzva0m xhhsvwb xxymvpz xlup9mm x1kky2od\"><img loading=\"lazy\" decoding=\"async\" class=\"xz74otr x168nmei x13lgxp2 x5pf9jr xo71vjh\" src=\"https:\/\/static.xx.fbcdn.net\/images\/emoji.php\/v9\/t6f\/1\/16\/2602.png\" alt=\"\u2602\ufe0f\" width=\"16\" height=\"16\" \/><\/span><\/strong><\/div>\n<\/div>\n<div class=\"x11i5rnm xat24cr x1mh8g0r x1vvkbs xtlvy1s x126k92a\">\n<div dir=\"auto\"><strong><span class=\"html-span xexx8yu x4uap5 x18d9i69 xkhd6sd x1hl2dhg x16tdsg8 x1vvkbs x3nfvp2 x1j61x8r x1fcty0u xdj266r xat24cr xgzva0m xhhsvwb xxymvpz xlup9mm x1kky2od\"><img loading=\"lazy\" decoding=\"async\" class=\"xz74otr x168nmei x13lgxp2 x5pf9jr xo71vjh\" src=\"https:\/\/static.xx.fbcdn.net\/images\/emoji.php\/v9\/t94\/1\/16\/1f49a.png\" alt=\"\ud83d\udc9a\" width=\"16\" height=\"16\" \/><\/span>El paraguas bast\u00f3n puede ofrecer la mejor protecci\u00f3n para ti bajo la lluvia o ser un bast\u00f3n para ofrecerte un gran apoyo mientras caminas al aire libre, parques, centros comerciales ,senderismo, etc.<\/strong><\/div>\n<div dir=\"auto\"><strong><span class=\"html-span xexx8yu x4uap5 x18d9i69 xkhd6sd x1hl2dhg x16tdsg8 x1vvkbs x3nfvp2 x1j61x8r x1fcty0u xdj266r xat24cr xgzva0m xhhsvwb xxymvpz xlup9mm x1kky2od\"><img loading=\"lazy\" decoding=\"async\" class=\"xz74otr x168nmei x13lgxp2 x5pf9jr xo71vjh\" src=\"https:\/\/static.xx.fbcdn.net\/images\/emoji.php\/v9\/t94\/1\/16\/1f49a.png\" alt=\"\ud83d\udc9a\" width=\"16\" height=\"16\" \/><\/span>Mango antideslizante: su mango ergon\u00f3mico, antideslizante y con correa de mu\u00f1eca hace que sea f\u00e1cil de transportar y agradable de sostener, el mango antideslizante asegura que obtengas un buen agarre en tu paraguas, durante toda la lluvia intensa.<\/strong><\/div>\n<div dir=\"auto\"><strong><span class=\"html-span xexx8yu x4uap5 x18d9i69 xkhd6sd x1hl2dhg x16tdsg8 x1vvkbs x3nfvp2 x1j61x8r x1fcty0u xdj266r xat24cr xgzva0m xhhsvwb xxymvpz xlup9mm x1kky2od\"><img loading=\"lazy\" decoding=\"async\" class=\"xz74otr x168nmei x13lgxp2 x5pf9jr xo71vjh\" src=\"https:\/\/static.xx.fbcdn.net\/images\/emoji.php\/v9\/tba\/1\/16\/1f4e3.png\" alt=\"\ud83d\udce3\" width=\"16\" height=\"16\" \/><\/span><span class=\"html-span xexx8yu x4uap5 x18d9i69 xkhd6sd x1hl2dhg x16tdsg8 x1vvkbs x3nfvp2 x1j61x8r x1fcty0u xdj266r xat24cr xgzva0m xhhsvwb xxymvpz xlup9mm x1kky2od\"><img loading=\"lazy\" decoding=\"async\" class=\"xz74otr x168nmei x13lgxp2 x5pf9jr xo71vjh\" src=\"https:\/\/static.xx.fbcdn.net\/images\/emoji.php\/v9\/tba\/1\/16\/1f4e3.png\" alt=\"\ud83d\udce3\" width=\"16\" height=\"16\" \/><\/span>\u2014 doble tela Con filtro uv, para protegerte de los rayos del sol&#8211;<\/strong><\/div>\n<\/div>\n","protected":false},"featured_media":53156,"template":"","meta":[],"product_cat":[87],"product_tag":[],"class_list":{"0":"post-53151","1":"product","2":"type-product","3":"status-publish","4":"has-post-thumbnail","6":"product_cat-accesorios-de-temporada","8":"first","9":"instock","10":"shipping-taxable","11":"purchasable","12":"product-type-simple"},"tiered_pricing_type":"fixed","tiered_pricing_fixed_rules":[],"yoast_head":"<!-- This site is optimized with the Yoast SEO plugin v23.9 - https:\/\/yoast.com\/wordpress\/plugins\/seo\/ -->\n<title>Paraguas Bast\u00f3n 2 en 1 - Jazaguilar<\/title>\n<meta name=\"robots\" content=\"index, follow, max-snippet:-1, max-image-preview:large, max-video-preview:-1\" \/>\n<link rel=\"canonical\" href=\"https:\/\/jazaguilar.com\/?product=paraguas-baston-2-en-1\" \/>\n<meta property=\"og:locale\" content=\"es_MX\" \/>\n<meta property=\"og:type\" content=\"article\" \/>\n<meta property=\"og:title\" content=\"Paraguas Bast\u00f3n 2 en 1 - Jazaguilar\" \/>\n<meta property=\"og:description\" content=\"\ud835\ude4b\ud835\ude3c\ud835\ude4d\ud835\ude3c\ud835\ude42\ud835\ude50\ud835\ude3c\ud835\ude4e \ud835\ude3d\ud835\ude3c\ud835\ude4e\ud835\ude4f\ud835\ude4a\ud835\ude49 2 \ud835\ude5a\ud835\ude63 1       No es solo un paraguas, tambi\u00e9n es un bast\u00f3n para caminar. Ideal para el sol, PERFECTA para la lluvia   El paraguas bast\u00f3n puede ofrecer la mejor protecci\u00f3n para ti bajo la lluvia o ser un bast\u00f3n para ofrecerte un gran apoyo mientras caminas al aire libre, parques, centros comerciales ,senderismo, etc. Mango antideslizante: su mango ergon\u00f3mico, antideslizante y con correa de mu\u00f1eca hace que sea f\u00e1cil de transportar y agradable de sostener, el mango antideslizante asegura que obtengas un buen agarre en tu paraguas, durante toda la lluvia intensa. \u2014 doble tela Con filtro uv, para protegerte de los rayos del sol--\" \/>\n<meta property=\"og:url\" content=\"https:\/\/jazaguilar.com\/?product=paraguas-baston-2-en-1\" \/>\n<meta property=\"og:site_name\" content=\"Jazaguilar\" \/>\n<meta property=\"og:image\" content=\"https:\/\/jazaguilar.com\/wp-content\/uploads\/2025\/05\/498114104_1982354215633414_3269777607750481290_n.jpg\" \/>\n\t<meta property=\"og:image:width\" content=\"444\" \/>\n\t<meta property=\"og:image:height\" content=\"600\" \/>\n\t<meta property=\"og:image:type\" content=\"image\/jpeg\" \/>\n<meta name=\"twitter:card\" content=\"summary_large_image\" \/>\n<meta name=\"twitter:label1\" content=\"Tiempo de lectura\" \/>\n\t<meta name=\"twitter:data1\" content=\"1 minuto\" \/>\n<script type=\"application\/ld+json\" class=\"yoast-schema-graph\">{\"@context\":\"https:\/\/schema.org\",\"@graph\":[{\"@type\":\"WebPage\",\"@id\":\"https:\/\/jazaguilar.com\/?product=paraguas-baston-2-en-1\",\"url\":\"https:\/\/jazaguilar.com\/?product=paraguas-baston-2-en-1\",\"name\":\"Paraguas Bast\u00f3n 2 en 1 - Jazaguilar\",\"isPartOf\":{\"@id\":\"https:\/\/jazaguilar.com\/#website\"},\"primaryImageOfPage\":{\"@id\":\"https:\/\/jazaguilar.com\/?product=paraguas-baston-2-en-1#primaryimage\"},\"image\":{\"@id\":\"https:\/\/jazaguilar.com\/?product=paraguas-baston-2-en-1#primaryimage\"},\"thumbnailUrl\":\"https:\/\/jazaguilar.com\/wp-content\/uploads\/2025\/05\/498114104_1982354215633414_3269777607750481290_n.jpg\",\"datePublished\":\"2025-05-18T21:47:28+00:00\",\"dateModified\":\"2025-05-18T21:47:28+00:00\",\"breadcrumb\":{\"@id\":\"https:\/\/jazaguilar.com\/?product=paraguas-baston-2-en-1#breadcrumb\"},\"inLanguage\":\"es\",\"potentialAction\":[{\"@type\":\"ReadAction\",\"target\":[\"https:\/\/jazaguilar.com\/?product=paraguas-baston-2-en-1\"]}]},{\"@type\":\"ImageObject\",\"inLanguage\":\"es\",\"@id\":\"https:\/\/jazaguilar.com\/?product=paraguas-baston-2-en-1#primaryimage\",\"url\":\"https:\/\/jazaguilar.com\/wp-content\/uploads\/2025\/05\/498114104_1982354215633414_3269777607750481290_n.jpg\",\"contentUrl\":\"https:\/\/jazaguilar.com\/wp-content\/uploads\/2025\/05\/498114104_1982354215633414_3269777607750481290_n.jpg\",\"width\":444,\"height\":600},{\"@type\":\"BreadcrumbList\",\"@id\":\"https:\/\/jazaguilar.com\/?product=paraguas-baston-2-en-1#breadcrumb\",\"itemListElement\":[{\"@type\":\"ListItem\",\"position\":1,\"name\":\"Inicio\",\"item\":\"https:\/\/jazaguilar.com\/\"},{\"@type\":\"ListItem\",\"position\":2,\"name\":\"Shop\",\"item\":\"https:\/\/jazaguilar.com\/?page_id=882\"},{\"@type\":\"ListItem\",\"position\":3,\"name\":\"Paraguas Bast\u00f3n 2 en 1\"}]},{\"@type\":\"WebSite\",\"@id\":\"https:\/\/jazaguilar.com\/#website\",\"url\":\"https:\/\/jazaguilar.com\/\",\"name\":\"Jazaguilar\",\"description\":\"Cosmeticos &amp; Accesorios\",\"potentialAction\":[{\"@type\":\"SearchAction\",\"target\":{\"@type\":\"EntryPoint\",\"urlTemplate\":\"https:\/\/jazaguilar.com\/?s={search_term_string}\"},\"query-input\":{\"@type\":\"PropertyValueSpecification\",\"valueRequired\":true,\"valueName\":\"search_term_string\"}}],\"inLanguage\":\"es\"}]}<\/script>\n<!-- \/ Yoast SEO plugin. -->","yoast_head_json":{"title":"Paraguas Bast\u00f3n 2 en 1 - Jazaguilar","robots":{"index":"index","follow":"follow","max-snippet":"max-snippet:-1","max-image-preview":"max-image-preview:large","max-video-preview":"max-video-preview:-1"},"canonical":"https:\/\/jazaguilar.com\/?product=paraguas-baston-2-en-1","og_locale":"es_MX","og_type":"article","og_title":"Paraguas Bast\u00f3n 2 en 1 - Jazaguilar","og_description":"\ud835\ude4b\ud835\ude3c\ud835\ude4d\ud835\ude3c\ud835\ude42\ud835\ude50\ud835\ude3c\ud835\ude4e \ud835\ude3d\ud835\ude3c\ud835\ude4e\ud835\ude4f\ud835\ude4a\ud835\ude49 2 \ud835\ude5a\ud835\ude63 1       No es solo un paraguas, tambi\u00e9n es un bast\u00f3n para caminar. Ideal para el sol, PERFECTA para la lluvia   El paraguas bast\u00f3n puede ofrecer la mejor protecci\u00f3n para ti bajo la lluvia o ser un bast\u00f3n para ofrecerte un gran apoyo mientras caminas al aire libre, parques, centros comerciales ,senderismo, etc. Mango antideslizante: su mango ergon\u00f3mico, antideslizante y con correa de mu\u00f1eca hace que sea f\u00e1cil de transportar y agradable de sostener, el mango antideslizante asegura que obtengas un buen agarre en tu paraguas, durante toda la lluvia intensa. \u2014 doble tela Con filtro uv, para protegerte de los rayos del sol--","og_url":"https:\/\/jazaguilar.com\/?product=paraguas-baston-2-en-1","og_site_name":"Jazaguilar","og_image":[{"width":444,"height":600,"url":"https:\/\/jazaguilar.com\/wp-content\/uploads\/2025\/05\/498114104_1982354215633414_3269777607750481290_n.jpg","type":"image\/jpeg"}],"twitter_card":"summary_large_image","twitter_misc":{"Tiempo de lectura":"1 minuto"},"schema":{"@context":"https:\/\/schema.org","@graph":[{"@type":"WebPage","@id":"https:\/\/jazaguilar.com\/?product=paraguas-baston-2-en-1","url":"https:\/\/jazaguilar.com\/?product=paraguas-baston-2-en-1","name":"Paraguas Bast\u00f3n 2 en 1 - Jazaguilar","isPartOf":{"@id":"https:\/\/jazaguilar.com\/#website"},"primaryImageOfPage":{"@id":"https:\/\/jazaguilar.com\/?product=paraguas-baston-2-en-1#primaryimage"},"image":{"@id":"https:\/\/jazaguilar.com\/?product=paraguas-baston-2-en-1#primaryimage"},"thumbnailUrl":"https:\/\/jazaguilar.com\/wp-content\/uploads\/2025\/05\/498114104_1982354215633414_3269777607750481290_n.jpg","datePublished":"2025-05-18T21:47:28+00:00","dateModified":"2025-05-18T21:47:28+00:00","breadcrumb":{"@id":"https:\/\/jazaguilar.com\/?product=paraguas-baston-2-en-1#breadcrumb"},"inLanguage":"es","potentialAction":[{"@type":"ReadAction","target":["https:\/\/jazaguilar.com\/?product=paraguas-baston-2-en-1"]}]},{"@type":"ImageObject","inLanguage":"es","@id":"https:\/\/jazaguilar.com\/?product=paraguas-baston-2-en-1#primaryimage","url":"https:\/\/jazaguilar.com\/wp-content\/uploads\/2025\/05\/498114104_1982354215633414_3269777607750481290_n.jpg","contentUrl":"https:\/\/jazaguilar.com\/wp-content\/uploads\/2025\/05\/498114104_1982354215633414_3269777607750481290_n.jpg","width":444,"height":600},{"@type":"BreadcrumbList","@id":"https:\/\/jazaguilar.com\/?product=paraguas-baston-2-en-1#breadcrumb","itemListElement":[{"@type":"ListItem","position":1,"name":"Inicio","item":"https:\/\/jazaguilar.com\/"},{"@type":"ListItem","position":2,"name":"Shop","item":"https:\/\/jazaguilar.com\/?page_id=882"},{"@type":"ListItem","position":3,"name":"Paraguas Bast\u00f3n 2 en 1"}]},{"@type":"WebSite","@id":"https:\/\/jazaguilar.com\/#website","url":"https:\/\/jazaguilar.com\/","name":"Jazaguilar","description":"Cosmeticos &amp; Accesorios","potentialAction":[{"@type":"SearchAction","target":{"@type":"EntryPoint","urlTemplate":"https:\/\/jazaguilar.com\/?s={search_term_string}"},"query-input":{"@type":"PropertyValueSpecification","valueRequired":true,"valueName":"search_term_string"}}],"inLanguage":"es"}]}},"_links":{"self":[{"href":"https:\/\/jazaguilar.com\/index.php?rest_route=\/wp\/v2\/product\/53151","targetHints":{"allow":["GET"]}}],"collection":[{"href":"https:\/\/jazaguilar.com\/index.php?rest_route=\/wp\/v2\/product"}],"about":[{"href":"https:\/\/jazaguilar.com\/index.php?rest_route=\/wp\/v2\/types\/product"}],"wp:featuredmedia":[{"embeddable":true,"href":"https:\/\/jazaguilar.com\/index.php?rest_route=\/wp\/v2\/media\/53156"}],"wp:attachment":[{"href":"https:\/\/jazaguilar.com\/index.php?rest_route=%2Fwp%2Fv2%2Fmedia&parent=53151"}],"wp:term":[{"taxonomy":"product_cat","embeddable":true,"href":"https:\/\/jazaguilar.com\/index.php?rest_route=%2Fwp%2Fv2%2Fproduct_cat&post=53151"},{"taxonomy":"product_tag","embeddable":true,"href":"https:\/\/jazaguilar.com\/index.php?rest_route=%2Fwp%2Fv2%2Fproduct_tag&post=53151"}],"curies":[{"name":"wp","href":"https:\/\/api.w.org\/{rel}","templated":true}]}}