{"id":52217,"date":"2025-02-10T15:26:42","date_gmt":"2025-02-10T20:26:42","guid":{"rendered":"https:\/\/jazaguilar.com\/?post_type=product&#038;p=52217"},"modified":"2026-04-02T17:20:39","modified_gmt":"2026-04-02T22:20:39","slug":"bocina-bluetooth-cilindrica","status":"publish","type":"product","link":"https:\/\/jazaguilar.com\/?product=bocina-bluetooth-cilindrica","title":{"rendered":"Bocina Bluetooth Cil\u00edndrica"},"content":{"rendered":"<p><strong>\ud83d\udcb8\ud83d\udcb5\ud83d\udcb8\ud835\ude42\ud835\ude3c\ud835\ude49\ud835\ude3c\ud835\ude4e \ud835\ude4b\ud835\ude4a\ud835\ude4d \ud835\ude4c\ud835\ude50\ud835\ude40 \ud835\ude42\ud835\ude3c\ud835\ude49\ud835\ude3c\ud835\ude4e\ud83d\udcb8\ud83d\udcb5\ud83d\udcb8<\/strong><br \/>\n<strong>\ud83d\udce4Env\u00edos a toda la Rep\u00fablica \ud83d\udce6<\/strong><\/p>\n","protected":false},"excerpt":{"rendered":"<div class=\"xdj266r x11i5rnm xat24cr x1mh8g0r x1vvkbs x126k92a\">\n<div dir=\"auto\"><strong><span class=\"html-span xexx8yu x4uap5 x18d9i69 xkhd6sd x1hl2dhg x16tdsg8 x1vvkbs x3nfvp2 x1j61x8r x1fcty0u xdj266r xat24cr xgzva0m xhhsvwb xxymvpz xlup9mm x1kky2od\"><img loading=\"lazy\" decoding=\"async\" class=\"xz74otr\" src=\"https:\/\/static.xx.fbcdn.net\/images\/emoji.php\/v9\/t2d\/1\/16\/1f3ac.png\" alt=\"\ud83c\udfac\" width=\"16\" height=\"16\" \/><\/span><span class=\"html-span xexx8yu x4uap5 x18d9i69 xkhd6sd x1hl2dhg x16tdsg8 x1vvkbs x3nfvp2 x1j61x8r x1fcty0u xdj266r xat24cr xgzva0m xhhsvwb xxymvpz xlup9mm x1kky2od\"><img loading=\"lazy\" decoding=\"async\" class=\"xz74otr\" src=\"https:\/\/static.xx.fbcdn.net\/images\/emoji.php\/v9\/t1\/1\/16\/1f3a7.png\" alt=\"\ud83c\udfa7\" width=\"16\" height=\"16\" \/><\/span><span class=\"html-span xexx8yu x4uap5 x18d9i69 xkhd6sd x1hl2dhg x16tdsg8 x1vvkbs x3nfvp2 x1j61x8r x1fcty0u xdj266r xat24cr xgzva0m xhhsvwb xxymvpz xlup9mm x1kky2od\"><img loading=\"lazy\" decoding=\"async\" class=\"xz74otr\" src=\"https:\/\/static.xx.fbcdn.net\/images\/emoji.php\/v9\/t9e\/1\/16\/1f3b5.png\" alt=\"\ud83c\udfb5\" width=\"16\" height=\"16\" \/><\/span>\ud835\udc01\ud835\udc28\ud835\udc1c\ud835\udc22\ud835\udc27\ud835\udc1a \ud835\udc1b\ud835\udc25\ud835\udc2e\ud835\udc1e\ud835\udc2d\ud835\udc28\ud835\udc28\ud835\udc2d\ud835\udc21 \ud835\udc29\ud835\udc28\ud835\udc2b\ud835\udc2d\u00e1\ud835\udc2d\ud835\udc22\ud835\udc25 \ud835\udc1e\ud835\udc27 \ud835\udc1f\ud835\udc28\ud835\udc2b\ud835\udc26\ud835\udc1a \ud835\udc1c\ud835\udc22\ud835\udc25\u00ed\ud835\udc27\ud835\udc1d\ud835\udc2b\ud835\udc22\ud835\udc1c\ud835\udc1a <span class=\"html-span xexx8yu x4uap5 x18d9i69 xkhd6sd x1hl2dhg x16tdsg8 x1vvkbs x3nfvp2 x1j61x8r x1fcty0u xdj266r xat24cr xgzva0m xhhsvwb xxymvpz xlup9mm x1kky2od\"><img loading=\"lazy\" decoding=\"async\" class=\"xz74otr\" src=\"https:\/\/static.xx.fbcdn.net\/images\/emoji.php\/v9\/t9e\/1\/16\/1f3b5.png\" alt=\"\ud83c\udfb5\" width=\"16\" height=\"16\" \/><\/span><span class=\"html-span xexx8yu x4uap5 x18d9i69 xkhd6sd x1hl2dhg x16tdsg8 x1vvkbs x3nfvp2 x1j61x8r x1fcty0u xdj266r xat24cr xgzva0m xhhsvwb xxymvpz xlup9mm x1kky2od\"><img loading=\"lazy\" decoding=\"async\" class=\"xz74otr\" src=\"https:\/\/static.xx.fbcdn.net\/images\/emoji.php\/v9\/t1\/1\/16\/1f3a7.png\" alt=\"\ud83c\udfa7\" width=\"16\" height=\"16\" \/><\/span><span class=\"html-span xexx8yu x4uap5 x18d9i69 xkhd6sd x1hl2dhg x16tdsg8 x1vvkbs x3nfvp2 x1j61x8r x1fcty0u xdj266r xat24cr xgzva0m xhhsvwb xxymvpz xlup9mm x1kky2od\"><img loading=\"lazy\" decoding=\"async\" class=\"xz74otr\" src=\"https:\/\/static.xx.fbcdn.net\/images\/emoji.php\/v9\/t2d\/1\/16\/1f3ac.png\" alt=\"\ud83c\udfac\" width=\"16\" height=\"16\" \/><\/span><\/strong><\/div>\n<\/div>\n<div class=\"x11i5rnm xat24cr x1mh8g0r x1vvkbs xtlvy1s x126k92a\">\n<div dir=\"auto\"><strong><span class=\"html-span xexx8yu x4uap5 x18d9i69 xkhd6sd x1hl2dhg x16tdsg8 x1vvkbs x3nfvp2 x1j61x8r x1fcty0u xdj266r xat24cr xgzva0m xhhsvwb xxymvpz xlup9mm x1kky2od\"><img loading=\"lazy\" decoding=\"async\" class=\"xz74otr x168nmei x13lgxp2 x5pf9jr xo71vjh\" src=\"https:\/\/static.xx.fbcdn.net\/images\/emoji.php\/v9\/t5c\/1\/16\/1f4b2.png\" alt=\"\ud83d\udcb2\" width=\"16\" height=\"16\" \/><img loading=\"lazy\" decoding=\"async\" class=\"xz74otr x168nmei x13lgxp2 x5pf9jr xo71vjh\" src=\"https:\/\/static.xx.fbcdn.net\/images\/emoji.php\/v9\/tb8\/1\/16\/33_20e3.png\" alt=\"3\ufe0f\u20e3\" width=\"16\" height=\"16\" \/><img loading=\"lazy\" decoding=\"async\" class=\"xz74otr x168nmei x13lgxp2 x5pf9jr xo71vjh\" src=\"https:\/\/static.xx.fbcdn.net\/images\/emoji.php\/v9\/t72\/1\/16\/39_20e3.png\" alt=\"9\ufe0f\u20e3\" width=\"16\" height=\"16\" \/><img loading=\"lazy\" decoding=\"async\" class=\"xz74otr x168nmei x13lgxp2 x5pf9jr xo71vjh\" src=\"https:\/\/static.xx.fbcdn.net\/images\/emoji.php\/v9\/t50\/1\/16\/1f525.png\" alt=\"\ud83d\udd25\" width=\"16\" height=\"16\" \/>Aprovecha\u00a0 nuestras incre\u00edbles ofertas<img loading=\"lazy\" decoding=\"async\" class=\"xz74otr x168nmei x13lgxp2 x5pf9jr xo71vjh\" src=\"https:\/\/static.xx.fbcdn.net\/images\/emoji.php\/v9\/t5c\/1\/16\/1f4b2.png\" alt=\"\ud83d\udcb2\" width=\"16\" height=\"16\" \/><img loading=\"lazy\" decoding=\"async\" class=\"xz74otr x168nmei x13lgxp2 x5pf9jr xo71vjh\" src=\"https:\/\/static.xx.fbcdn.net\/images\/emoji.php\/v9\/tb8\/1\/16\/33_20e3.png\" alt=\"3\ufe0f\u20e3\" width=\"16\" height=\"16\" \/><img loading=\"lazy\" decoding=\"async\" class=\"xz74otr x168nmei x13lgxp2 x5pf9jr xo71vjh\" src=\"https:\/\/static.xx.fbcdn.net\/images\/emoji.php\/v9\/t72\/1\/16\/39_20e3.png\" alt=\"9\ufe0f\u20e3\" width=\"16\" height=\"16\" \/><img loading=\"lazy\" decoding=\"async\" class=\"xz74otr x168nmei x13lgxp2 x5pf9jr xo71vjh\" src=\"https:\/\/static.xx.fbcdn.net\/images\/emoji.php\/v9\/t50\/1\/16\/1f525.png\" alt=\"\ud83d\udd25\" width=\"16\" height=\"16\" \/><\/span><\/strong><\/div>\n<\/div>\n<div class=\"x11i5rnm xat24cr x1mh8g0r x1vvkbs xtlvy1s x126k92a\">\n<div dir=\"auto\"><strong><span class=\"html-span xexx8yu x4uap5 x18d9i69 xkhd6sd x1hl2dhg x16tdsg8 x1vvkbs x3nfvp2 x1j61x8r x1fcty0u xdj266r xat24cr xgzva0m xhhsvwb xxymvpz xlup9mm x1kky2od\"><img loading=\"lazy\" decoding=\"async\" class=\"xz74otr\" src=\"https:\/\/static.xx.fbcdn.net\/images\/emoji.php\/v9\/t33\/1\/16\/2705.png\" alt=\"\u2705\" width=\"16\" height=\"16\" \/><\/span>Bluetooth: Conectividad inal\u00e1mbrica para reproducir m\u00fasica desde tu dispositivo.<\/strong><\/div>\n<div dir=\"auto\"><strong><span class=\"html-span xexx8yu x4uap5 x18d9i69 xkhd6sd x1hl2dhg x16tdsg8 x1vvkbs x3nfvp2 x1j61x8r x1fcty0u xdj266r xat24cr xgzva0m xhhsvwb xxymvpz xlup9mm x1kky2od\"><img loading=\"lazy\" decoding=\"async\" class=\"xz74otr\" src=\"https:\/\/static.xx.fbcdn.net\/images\/emoji.php\/v9\/t33\/1\/16\/2705.png\" alt=\"\u2705\" width=\"16\" height=\"16\" \/><\/span>Radio FM: Sintoniza tus estaciones favoritas.<\/strong><\/div>\n<div dir=\"auto\"><strong><span class=\"html-span xexx8yu x4uap5 x18d9i69 xkhd6sd x1hl2dhg x16tdsg8 x1vvkbs x3nfvp2 x1j61x8r x1fcty0u xdj266r xat24cr xgzva0m xhhsvwb xxymvpz xlup9mm x1kky2od\"><img loading=\"lazy\" decoding=\"async\" class=\"xz74otr\" src=\"https:\/\/static.xx.fbcdn.net\/images\/emoji.php\/v9\/t33\/1\/16\/2705.png\" alt=\"\u2705\" width=\"16\" height=\"16\" \/><\/span>Reproductor USB\/MicroSD: Reproduce m\u00fasica desde una memoria USB o tarjeta MicroSD.<\/strong><\/div>\n<div dir=\"auto\"><strong><span class=\"html-span xexx8yu x4uap5 x18d9i69 xkhd6sd x1hl2dhg x16tdsg8 x1vvkbs x3nfvp2 x1j61x8r x1fcty0u xdj266r xat24cr xgzva0m xhhsvwb xxymvpz xlup9mm x1kky2od\"><img loading=\"lazy\" decoding=\"async\" class=\"xz74otr\" src=\"https:\/\/static.xx.fbcdn.net\/images\/emoji.php\/v9\/t33\/1\/16\/2705.png\" alt=\"\u2705\" width=\"16\" height=\"16\" \/><\/span>Botones de control: Ajusta el volumen, cambia de pista y sintoniza estaciones f\u00e1cilmente.<\/strong><\/div>\n<\/div>\n","protected":false},"featured_media":52220,"template":"","meta":[],"product_cat":[87],"product_tag":[],"class_list":{"0":"post-52217","1":"product","2":"type-product","3":"status-publish","4":"has-post-thumbnail","6":"product_cat-accesorios-de-temporada","8":"first","9":"instock","10":"shipping-taxable","11":"purchasable","12":"product-type-simple"},"tiered_pricing_type":"fixed","tiered_pricing_fixed_rules":[],"yoast_head":"<!-- This site is optimized with the Yoast SEO plugin v23.9 - https:\/\/yoast.com\/wordpress\/plugins\/seo\/ -->\n<title>Bocina Bluetooth Cil\u00edndrica - Jazaguilar<\/title>\n<meta name=\"robots\" content=\"index, follow, max-snippet:-1, max-image-preview:large, max-video-preview:-1\" \/>\n<link rel=\"canonical\" href=\"https:\/\/jazaguilar.com\/?product=bocina-bluetooth-cilindrica\" \/>\n<meta property=\"og:locale\" content=\"es_MX\" \/>\n<meta property=\"og:type\" content=\"article\" \/>\n<meta property=\"og:title\" content=\"Bocina Bluetooth Cil\u00edndrica - Jazaguilar\" \/>\n<meta property=\"og:description\" content=\"\ud835\udc01\ud835\udc28\ud835\udc1c\ud835\udc22\ud835\udc27\ud835\udc1a \ud835\udc1b\ud835\udc25\ud835\udc2e\ud835\udc1e\ud835\udc2d\ud835\udc28\ud835\udc28\ud835\udc2d\ud835\udc21 \ud835\udc29\ud835\udc28\ud835\udc2b\ud835\udc2d\u00e1\ud835\udc2d\ud835\udc22\ud835\udc25 \ud835\udc1e\ud835\udc27 \ud835\udc1f\ud835\udc28\ud835\udc2b\ud835\udc26\ud835\udc1a \ud835\udc1c\ud835\udc22\ud835\udc25\u00ed\ud835\udc27\ud835\udc1d\ud835\udc2b\ud835\udc22\ud835\udc1c\ud835\udc1a    Aprovecha\u00a0 nuestras incre\u00edbles ofertas   Bluetooth: Conectividad inal\u00e1mbrica para reproducir m\u00fasica desde tu dispositivo. Radio FM: Sintoniza tus estaciones favoritas. Reproductor USB\/MicroSD: Reproduce m\u00fasica desde una memoria USB o tarjeta MicroSD. Botones de control: Ajusta el volumen, cambia de pista y sintoniza estaciones f\u00e1cilmente.\" \/>\n<meta property=\"og:url\" content=\"https:\/\/jazaguilar.com\/?product=bocina-bluetooth-cilindrica\" \/>\n<meta property=\"og:site_name\" content=\"Jazaguilar\" \/>\n<meta property=\"article:modified_time\" content=\"2026-04-02T22:20:39+00:00\" \/>\n<meta property=\"og:image\" content=\"https:\/\/jazaguilar.com\/wp-content\/uploads\/2025\/02\/475856803_1898044567397713_6017352770305302206_n.jpg\" \/>\n\t<meta property=\"og:image:width\" content=\"480\" \/>\n\t<meta property=\"og:image:height\" content=\"600\" \/>\n\t<meta property=\"og:image:type\" content=\"image\/jpeg\" \/>\n<meta name=\"twitter:card\" content=\"summary_large_image\" \/>\n<meta name=\"twitter:label1\" content=\"Tiempo de lectura\" \/>\n\t<meta name=\"twitter:data1\" content=\"1 minuto\" \/>\n<script type=\"application\/ld+json\" class=\"yoast-schema-graph\">{\"@context\":\"https:\/\/schema.org\",\"@graph\":[{\"@type\":\"WebPage\",\"@id\":\"https:\/\/jazaguilar.com\/?product=bocina-bluetooth-cilindrica\",\"url\":\"https:\/\/jazaguilar.com\/?product=bocina-bluetooth-cilindrica\",\"name\":\"Bocina Bluetooth Cil\u00edndrica - Jazaguilar\",\"isPartOf\":{\"@id\":\"https:\/\/jazaguilar.com\/#website\"},\"primaryImageOfPage\":{\"@id\":\"https:\/\/jazaguilar.com\/?product=bocina-bluetooth-cilindrica#primaryimage\"},\"image\":{\"@id\":\"https:\/\/jazaguilar.com\/?product=bocina-bluetooth-cilindrica#primaryimage\"},\"thumbnailUrl\":\"https:\/\/jazaguilar.com\/wp-content\/uploads\/2025\/02\/475856803_1898044567397713_6017352770305302206_n.jpg\",\"datePublished\":\"2025-02-10T20:26:42+00:00\",\"dateModified\":\"2026-04-02T22:20:39+00:00\",\"breadcrumb\":{\"@id\":\"https:\/\/jazaguilar.com\/?product=bocina-bluetooth-cilindrica#breadcrumb\"},\"inLanguage\":\"es\",\"potentialAction\":[{\"@type\":\"ReadAction\",\"target\":[\"https:\/\/jazaguilar.com\/?product=bocina-bluetooth-cilindrica\"]}]},{\"@type\":\"ImageObject\",\"inLanguage\":\"es\",\"@id\":\"https:\/\/jazaguilar.com\/?product=bocina-bluetooth-cilindrica#primaryimage\",\"url\":\"https:\/\/jazaguilar.com\/wp-content\/uploads\/2025\/02\/475856803_1898044567397713_6017352770305302206_n.jpg\",\"contentUrl\":\"https:\/\/jazaguilar.com\/wp-content\/uploads\/2025\/02\/475856803_1898044567397713_6017352770305302206_n.jpg\",\"width\":480,\"height\":600},{\"@type\":\"BreadcrumbList\",\"@id\":\"https:\/\/jazaguilar.com\/?product=bocina-bluetooth-cilindrica#breadcrumb\",\"itemListElement\":[{\"@type\":\"ListItem\",\"position\":1,\"name\":\"Inicio\",\"item\":\"https:\/\/jazaguilar.com\/\"},{\"@type\":\"ListItem\",\"position\":2,\"name\":\"Shop\",\"item\":\"https:\/\/jazaguilar.com\/?page_id=882\"},{\"@type\":\"ListItem\",\"position\":3,\"name\":\"Bocina Bluetooth Cil\u00edndrica\"}]},{\"@type\":\"WebSite\",\"@id\":\"https:\/\/jazaguilar.com\/#website\",\"url\":\"https:\/\/jazaguilar.com\/\",\"name\":\"Jazaguilar\",\"description\":\"Cosmeticos &amp; Accesorios\",\"potentialAction\":[{\"@type\":\"SearchAction\",\"target\":{\"@type\":\"EntryPoint\",\"urlTemplate\":\"https:\/\/jazaguilar.com\/?s={search_term_string}\"},\"query-input\":{\"@type\":\"PropertyValueSpecification\",\"valueRequired\":true,\"valueName\":\"search_term_string\"}}],\"inLanguage\":\"es\"}]}<\/script>\n<!-- \/ Yoast SEO plugin. -->","yoast_head_json":{"title":"Bocina Bluetooth Cil\u00edndrica - Jazaguilar","robots":{"index":"index","follow":"follow","max-snippet":"max-snippet:-1","max-image-preview":"max-image-preview:large","max-video-preview":"max-video-preview:-1"},"canonical":"https:\/\/jazaguilar.com\/?product=bocina-bluetooth-cilindrica","og_locale":"es_MX","og_type":"article","og_title":"Bocina Bluetooth Cil\u00edndrica - Jazaguilar","og_description":"\ud835\udc01\ud835\udc28\ud835\udc1c\ud835\udc22\ud835\udc27\ud835\udc1a \ud835\udc1b\ud835\udc25\ud835\udc2e\ud835\udc1e\ud835\udc2d\ud835\udc28\ud835\udc28\ud835\udc2d\ud835\udc21 \ud835\udc29\ud835\udc28\ud835\udc2b\ud835\udc2d\u00e1\ud835\udc2d\ud835\udc22\ud835\udc25 \ud835\udc1e\ud835\udc27 \ud835\udc1f\ud835\udc28\ud835\udc2b\ud835\udc26\ud835\udc1a \ud835\udc1c\ud835\udc22\ud835\udc25\u00ed\ud835\udc27\ud835\udc1d\ud835\udc2b\ud835\udc22\ud835\udc1c\ud835\udc1a    Aprovecha\u00a0 nuestras incre\u00edbles ofertas   Bluetooth: Conectividad inal\u00e1mbrica para reproducir m\u00fasica desde tu dispositivo. Radio FM: Sintoniza tus estaciones favoritas. Reproductor USB\/MicroSD: Reproduce m\u00fasica desde una memoria USB o tarjeta MicroSD. Botones de control: Ajusta el volumen, cambia de pista y sintoniza estaciones f\u00e1cilmente.","og_url":"https:\/\/jazaguilar.com\/?product=bocina-bluetooth-cilindrica","og_site_name":"Jazaguilar","article_modified_time":"2026-04-02T22:20:39+00:00","og_image":[{"width":480,"height":600,"url":"https:\/\/jazaguilar.com\/wp-content\/uploads\/2025\/02\/475856803_1898044567397713_6017352770305302206_n.jpg","type":"image\/jpeg"}],"twitter_card":"summary_large_image","twitter_misc":{"Tiempo de lectura":"1 minuto"},"schema":{"@context":"https:\/\/schema.org","@graph":[{"@type":"WebPage","@id":"https:\/\/jazaguilar.com\/?product=bocina-bluetooth-cilindrica","url":"https:\/\/jazaguilar.com\/?product=bocina-bluetooth-cilindrica","name":"Bocina Bluetooth Cil\u00edndrica - Jazaguilar","isPartOf":{"@id":"https:\/\/jazaguilar.com\/#website"},"primaryImageOfPage":{"@id":"https:\/\/jazaguilar.com\/?product=bocina-bluetooth-cilindrica#primaryimage"},"image":{"@id":"https:\/\/jazaguilar.com\/?product=bocina-bluetooth-cilindrica#primaryimage"},"thumbnailUrl":"https:\/\/jazaguilar.com\/wp-content\/uploads\/2025\/02\/475856803_1898044567397713_6017352770305302206_n.jpg","datePublished":"2025-02-10T20:26:42+00:00","dateModified":"2026-04-02T22:20:39+00:00","breadcrumb":{"@id":"https:\/\/jazaguilar.com\/?product=bocina-bluetooth-cilindrica#breadcrumb"},"inLanguage":"es","potentialAction":[{"@type":"ReadAction","target":["https:\/\/jazaguilar.com\/?product=bocina-bluetooth-cilindrica"]}]},{"@type":"ImageObject","inLanguage":"es","@id":"https:\/\/jazaguilar.com\/?product=bocina-bluetooth-cilindrica#primaryimage","url":"https:\/\/jazaguilar.com\/wp-content\/uploads\/2025\/02\/475856803_1898044567397713_6017352770305302206_n.jpg","contentUrl":"https:\/\/jazaguilar.com\/wp-content\/uploads\/2025\/02\/475856803_1898044567397713_6017352770305302206_n.jpg","width":480,"height":600},{"@type":"BreadcrumbList","@id":"https:\/\/jazaguilar.com\/?product=bocina-bluetooth-cilindrica#breadcrumb","itemListElement":[{"@type":"ListItem","position":1,"name":"Inicio","item":"https:\/\/jazaguilar.com\/"},{"@type":"ListItem","position":2,"name":"Shop","item":"https:\/\/jazaguilar.com\/?page_id=882"},{"@type":"ListItem","position":3,"name":"Bocina Bluetooth Cil\u00edndrica"}]},{"@type":"WebSite","@id":"https:\/\/jazaguilar.com\/#website","url":"https:\/\/jazaguilar.com\/","name":"Jazaguilar","description":"Cosmeticos &amp; Accesorios","potentialAction":[{"@type":"SearchAction","target":{"@type":"EntryPoint","urlTemplate":"https:\/\/jazaguilar.com\/?s={search_term_string}"},"query-input":{"@type":"PropertyValueSpecification","valueRequired":true,"valueName":"search_term_string"}}],"inLanguage":"es"}]}},"_links":{"self":[{"href":"https:\/\/jazaguilar.com\/index.php?rest_route=\/wp\/v2\/product\/52217","targetHints":{"allow":["GET"]}}],"collection":[{"href":"https:\/\/jazaguilar.com\/index.php?rest_route=\/wp\/v2\/product"}],"about":[{"href":"https:\/\/jazaguilar.com\/index.php?rest_route=\/wp\/v2\/types\/product"}],"wp:featuredmedia":[{"embeddable":true,"href":"https:\/\/jazaguilar.com\/index.php?rest_route=\/wp\/v2\/media\/52220"}],"wp:attachment":[{"href":"https:\/\/jazaguilar.com\/index.php?rest_route=%2Fwp%2Fv2%2Fmedia&parent=52217"}],"wp:term":[{"taxonomy":"product_cat","embeddable":true,"href":"https:\/\/jazaguilar.com\/index.php?rest_route=%2Fwp%2Fv2%2Fproduct_cat&post=52217"},{"taxonomy":"product_tag","embeddable":true,"href":"https:\/\/jazaguilar.com\/index.php?rest_route=%2Fwp%2Fv2%2Fproduct_tag&post=52217"}],"curies":[{"name":"wp","href":"https:\/\/api.w.org\/{rel}","templated":true}]}}