{"id":1488,"date":"2020-07-15T15:27:41","date_gmt":"2020-07-15T20:27:41","guid":{"rendered":"https:\/\/jazaguilar.com\/?post_type=product&#038;p=1488"},"modified":"2026-02-04T16:00:00","modified_gmt":"2026-02-04T21:00:00","slug":"combo-cartera-gorra-y-lentes","status":"publish","type":"product","link":"https:\/\/jazaguilar.com\/?product=combo-cartera-gorra-y-lentes","title":{"rendered":"Combo Rojo"},"content":{"rendered":"<p>Compra ahora a precios muy accesibles.<\/p>\n","protected":false},"excerpt":{"rendered":"<p>Existencia 6 Julio<\/p>\n<p>Lentes de Sol Adidas<\/p>\n<p>Se Env\u00edan Modelos Surtidos<\/p>\n<p>P\u00eddela Ahora por solo $130<\/p>\n<p>Manda tu pedido v\u00eda WhatsApp<\/p>\n<p>(55) 44 68 28 57<br \/>\n(55) 59 64 58 66<\/p>\n","protected":false},"featured_media":1487,"template":"","meta":[],"product_cat":[87,86,109,85,83,111,245],"product_tag":[107,93,105,91,40,106,90,104,92,88,89],"class_list":{"0":"post-1488","1":"product","2":"type-product","3":"status-publish","4":"has-post-thumbnail","6":"product_cat-accesorios-de-temporada","7":"product_cat-bolsas-y-mochilas","8":"product_cat-lentes-bonitos","9":"product_cat-lentes","10":"product_cat-maquillaje","11":"product_cat-pestanas","12":"product_cat-ropa","13":"product_tag-accesorios","14":"product_tag-belleza","15":"product_tag-bolsas","16":"product_tag-cosmeticos","17":"product_tag-fashion","18":"product_tag-maletas","19":"product_tag-maquillaje","20":"product_tag-mochilas","21":"product_tag-mujer","22":"product_tag-palets","23":"product_tag-sombras","25":"first","26":"instock","27":"featured","28":"shipping-taxable","29":"purchasable","30":"product-type-simple"},"tiered_pricing_type":"fixed","tiered_pricing_fixed_rules":[],"yoast_head":"<!-- This site is optimized with the Yoast SEO plugin v23.9 - https:\/\/yoast.com\/wordpress\/plugins\/seo\/ -->\n<title>Combo Rojo - Jazaguilar<\/title>\n<meta name=\"robots\" content=\"index, follow, max-snippet:-1, max-image-preview:large, max-video-preview:-1\" \/>\n<link rel=\"canonical\" href=\"https:\/\/jazaguilar.com\/?product=combo-cartera-gorra-y-lentes\" \/>\n<meta property=\"og:locale\" content=\"es_MX\" \/>\n<meta property=\"og:type\" content=\"article\" \/>\n<meta property=\"og:title\" content=\"Combo Rojo - Jazaguilar\" \/>\n<meta property=\"og:description\" content=\"Existencia 6 Julio Lentes de Sol Adidas Se Env\u00edan Modelos Surtidos P\u00eddela Ahora por solo $130 Manda tu pedido v\u00eda WhatsApp (55) 44 68 28 57 (55) 59 64 58 66\" \/>\n<meta property=\"og:url\" content=\"https:\/\/jazaguilar.com\/?product=combo-cartera-gorra-y-lentes\" \/>\n<meta property=\"og:site_name\" content=\"Jazaguilar\" \/>\n<meta property=\"article:modified_time\" content=\"2026-02-04T21:00:00+00:00\" \/>\n<meta property=\"og:image\" content=\"https:\/\/jazaguilar.com\/wp-content\/uploads\/2020\/07\/103120238_809083456293835_1198454960744165250_n.jpg\" \/>\n\t<meta property=\"og:image:width\" content=\"960\" \/>\n\t<meta property=\"og:image:height\" content=\"720\" \/>\n\t<meta property=\"og:image:type\" content=\"image\/jpeg\" \/>\n<meta name=\"twitter:card\" content=\"summary_large_image\" \/>\n<script type=\"application\/ld+json\" class=\"yoast-schema-graph\">{\"@context\":\"https:\/\/schema.org\",\"@graph\":[{\"@type\":\"WebPage\",\"@id\":\"https:\/\/jazaguilar.com\/?product=combo-cartera-gorra-y-lentes\",\"url\":\"https:\/\/jazaguilar.com\/?product=combo-cartera-gorra-y-lentes\",\"name\":\"Combo Rojo - Jazaguilar\",\"isPartOf\":{\"@id\":\"https:\/\/jazaguilar.com\/#website\"},\"primaryImageOfPage\":{\"@id\":\"https:\/\/jazaguilar.com\/?product=combo-cartera-gorra-y-lentes#primaryimage\"},\"image\":{\"@id\":\"https:\/\/jazaguilar.com\/?product=combo-cartera-gorra-y-lentes#primaryimage\"},\"thumbnailUrl\":\"https:\/\/jazaguilar.com\/wp-content\/uploads\/2020\/07\/103120238_809083456293835_1198454960744165250_n.jpg\",\"datePublished\":\"2020-07-15T20:27:41+00:00\",\"dateModified\":\"2026-02-04T21:00:00+00:00\",\"breadcrumb\":{\"@id\":\"https:\/\/jazaguilar.com\/?product=combo-cartera-gorra-y-lentes#breadcrumb\"},\"inLanguage\":\"es\",\"potentialAction\":[{\"@type\":\"ReadAction\",\"target\":[\"https:\/\/jazaguilar.com\/?product=combo-cartera-gorra-y-lentes\"]}]},{\"@type\":\"ImageObject\",\"inLanguage\":\"es\",\"@id\":\"https:\/\/jazaguilar.com\/?product=combo-cartera-gorra-y-lentes#primaryimage\",\"url\":\"https:\/\/jazaguilar.com\/wp-content\/uploads\/2020\/07\/103120238_809083456293835_1198454960744165250_n.jpg\",\"contentUrl\":\"https:\/\/jazaguilar.com\/wp-content\/uploads\/2020\/07\/103120238_809083456293835_1198454960744165250_n.jpg\",\"width\":960,\"height\":720},{\"@type\":\"BreadcrumbList\",\"@id\":\"https:\/\/jazaguilar.com\/?product=combo-cartera-gorra-y-lentes#breadcrumb\",\"itemListElement\":[{\"@type\":\"ListItem\",\"position\":1,\"name\":\"Inicio\",\"item\":\"https:\/\/jazaguilar.com\/\"},{\"@type\":\"ListItem\",\"position\":2,\"name\":\"Shop\",\"item\":\"https:\/\/jazaguilar.com\/?page_id=882\"},{\"@type\":\"ListItem\",\"position\":3,\"name\":\"Combo Rojo\"}]},{\"@type\":\"WebSite\",\"@id\":\"https:\/\/jazaguilar.com\/#website\",\"url\":\"https:\/\/jazaguilar.com\/\",\"name\":\"Jazaguilar\",\"description\":\"Cosmeticos &amp; Accesorios\",\"potentialAction\":[{\"@type\":\"SearchAction\",\"target\":{\"@type\":\"EntryPoint\",\"urlTemplate\":\"https:\/\/jazaguilar.com\/?s={search_term_string}\"},\"query-input\":{\"@type\":\"PropertyValueSpecification\",\"valueRequired\":true,\"valueName\":\"search_term_string\"}}],\"inLanguage\":\"es\"}]}<\/script>\n<!-- \/ Yoast SEO plugin. -->","yoast_head_json":{"title":"Combo Rojo - Jazaguilar","robots":{"index":"index","follow":"follow","max-snippet":"max-snippet:-1","max-image-preview":"max-image-preview:large","max-video-preview":"max-video-preview:-1"},"canonical":"https:\/\/jazaguilar.com\/?product=combo-cartera-gorra-y-lentes","og_locale":"es_MX","og_type":"article","og_title":"Combo Rojo - Jazaguilar","og_description":"Existencia 6 Julio Lentes de Sol Adidas Se Env\u00edan Modelos Surtidos P\u00eddela Ahora por solo $130 Manda tu pedido v\u00eda WhatsApp (55) 44 68 28 57 (55) 59 64 58 66","og_url":"https:\/\/jazaguilar.com\/?product=combo-cartera-gorra-y-lentes","og_site_name":"Jazaguilar","article_modified_time":"2026-02-04T21:00:00+00:00","og_image":[{"width":960,"height":720,"url":"https:\/\/jazaguilar.com\/wp-content\/uploads\/2020\/07\/103120238_809083456293835_1198454960744165250_n.jpg","type":"image\/jpeg"}],"twitter_card":"summary_large_image","schema":{"@context":"https:\/\/schema.org","@graph":[{"@type":"WebPage","@id":"https:\/\/jazaguilar.com\/?product=combo-cartera-gorra-y-lentes","url":"https:\/\/jazaguilar.com\/?product=combo-cartera-gorra-y-lentes","name":"Combo Rojo - Jazaguilar","isPartOf":{"@id":"https:\/\/jazaguilar.com\/#website"},"primaryImageOfPage":{"@id":"https:\/\/jazaguilar.com\/?product=combo-cartera-gorra-y-lentes#primaryimage"},"image":{"@id":"https:\/\/jazaguilar.com\/?product=combo-cartera-gorra-y-lentes#primaryimage"},"thumbnailUrl":"https:\/\/jazaguilar.com\/wp-content\/uploads\/2020\/07\/103120238_809083456293835_1198454960744165250_n.jpg","datePublished":"2020-07-15T20:27:41+00:00","dateModified":"2026-02-04T21:00:00+00:00","breadcrumb":{"@id":"https:\/\/jazaguilar.com\/?product=combo-cartera-gorra-y-lentes#breadcrumb"},"inLanguage":"es","potentialAction":[{"@type":"ReadAction","target":["https:\/\/jazaguilar.com\/?product=combo-cartera-gorra-y-lentes"]}]},{"@type":"ImageObject","inLanguage":"es","@id":"https:\/\/jazaguilar.com\/?product=combo-cartera-gorra-y-lentes#primaryimage","url":"https:\/\/jazaguilar.com\/wp-content\/uploads\/2020\/07\/103120238_809083456293835_1198454960744165250_n.jpg","contentUrl":"https:\/\/jazaguilar.com\/wp-content\/uploads\/2020\/07\/103120238_809083456293835_1198454960744165250_n.jpg","width":960,"height":720},{"@type":"BreadcrumbList","@id":"https:\/\/jazaguilar.com\/?product=combo-cartera-gorra-y-lentes#breadcrumb","itemListElement":[{"@type":"ListItem","position":1,"name":"Inicio","item":"https:\/\/jazaguilar.com\/"},{"@type":"ListItem","position":2,"name":"Shop","item":"https:\/\/jazaguilar.com\/?page_id=882"},{"@type":"ListItem","position":3,"name":"Combo Rojo"}]},{"@type":"WebSite","@id":"https:\/\/jazaguilar.com\/#website","url":"https:\/\/jazaguilar.com\/","name":"Jazaguilar","description":"Cosmeticos &amp; Accesorios","potentialAction":[{"@type":"SearchAction","target":{"@type":"EntryPoint","urlTemplate":"https:\/\/jazaguilar.com\/?s={search_term_string}"},"query-input":{"@type":"PropertyValueSpecification","valueRequired":true,"valueName":"search_term_string"}}],"inLanguage":"es"}]}},"_links":{"self":[{"href":"https:\/\/jazaguilar.com\/index.php?rest_route=\/wp\/v2\/product\/1488","targetHints":{"allow":["GET"]}}],"collection":[{"href":"https:\/\/jazaguilar.com\/index.php?rest_route=\/wp\/v2\/product"}],"about":[{"href":"https:\/\/jazaguilar.com\/index.php?rest_route=\/wp\/v2\/types\/product"}],"wp:featuredmedia":[{"embeddable":true,"href":"https:\/\/jazaguilar.com\/index.php?rest_route=\/wp\/v2\/media\/1487"}],"wp:attachment":[{"href":"https:\/\/jazaguilar.com\/index.php?rest_route=%2Fwp%2Fv2%2Fmedia&parent=1488"}],"wp:term":[{"taxonomy":"product_cat","embeddable":true,"href":"https:\/\/jazaguilar.com\/index.php?rest_route=%2Fwp%2Fv2%2Fproduct_cat&post=1488"},{"taxonomy":"product_tag","embeddable":true,"href":"https:\/\/jazaguilar.com\/index.php?rest_route=%2Fwp%2Fv2%2Fproduct_tag&post=1488"}],"curies":[{"name":"wp","href":"https:\/\/api.w.org\/{rel}","templated":true}]}}